{"id":5668,"date":"2020-10-29T17:32:51","date_gmt":"2020-10-29T17:32:51","guid":{"rendered":"http:\/\/irkohirashima.com.br\/transaction-services\/"},"modified":"2021-03-16T09:56:26","modified_gmt":"2021-03-16T12:56:26","slug":"transaction-services","status":"publish","type":"page","link":"https:\/\/irkohirashima.com.br\/es\/transaction-services\/","title":{"rendered":"Transaction Services"},"content":{"rendered":"<p>[et_pb_section fb_built=\u00bb1&#8243; custom_padding_last_edited=\u00bboff|desktop\u00bb admin_label=\u00bbHeader\u00bb _builder_version=\u00bb4.8.1&#8243; use_background_color_gradient=\u00bbon\u00bb background_color_gradient_start=\u00bb#f58345&#8243; background_color_gradient_end=\u00bbrgba(0,0,0,0)\u00bb background_color_gradient_direction=\u00bb360deg\u00bb background_color_gradient_overlays_image=\u00bbon\u00bb background_image=\u00bbhttp:\/\/irkohirashima.com.br\/wp-content\/uploads\/2021\/01\/transaction-services.jpg\u00bb custom_padding=\u00bb6vw||8vw||false|false\u00bb custom_padding_tablet=\u00bb||||false|false\u00bb custom_padding_phone=\u00bb||||false|false\u00bb locked=\u00bboff\u00bb][et_pb_row column_structure=\u00bb1_2,1_2&#8243; make_equal=\u00bbon\u00bb _builder_version=\u00bb4.4.7&#8243; max_width=\u00bb1200px\u00bb custom_padding=\u00bb4%|0%|0px|4%|false|false\u00bb border_color_all=\u00bb#16252D\u00bb border_width_bottom=\u00bb8px\u00bb border_color_bottom=\u00bb#ffffff\u00bb border_width_left=\u00bb8px\u00bb border_color_left=\u00bb#ffffff\u00bb locked=\u00bboff\u00bb][et_pb_column type=\u00bb1_2&#8243; _builder_version=\u00bb4.4.7&#8243; custom_padding=\u00bb||4%||false|false\u00bb][et_pb_text _builder_version=\u00bb4.8.1&#8243; header_font=\u00bb|600||on|||||\u00bb header_text_color=\u00bb#ffffff\u00bb header_font_size=\u00bb60px\u00bb header_letter_spacing=\u00bb2px\u00bb header_line_height=\u00bb1.2em\u00bb background_layout=\u00bbdark\u00bb header_font_size_tablet=\u00bb40px\u00bb header_font_size_phone=\u00bb24px\u00bb header_font_size_last_edited=\u00bbon|phone\u00bb locked=\u00bboff\u00bb]<\/p>\n<h1>Transaction Services<\/h1>\n<p>&nbsp;[\/et_pb_text][\/et_pb_column][et_pb_column type=\u00bb1_2&#8243; _builder_version=\u00bb4.4.7&#8243;][et_pb_button button_url=\u00bb#form-contato\u00bb button_text=\u00bbEntre en contacto\u00bb button_alignment=\u00bbright\u00bb _builder_version=\u00bb4.9.2&#8243; custom_button=\u00bbon\u00bb button_text_size=\u00bb14px\u00bb button_text_color=\u00bb#ffffff\u00bb button_bg_color=\u00bbrgba(0,0,0,0)\u00bb button_border_width=\u00bb8px\u00bb button_border_color=\u00bb#ffffff\u00bb button_border_radius=\u00bb0px\u00bb button_letter_spacing=\u00bb5px\u00bb button_font=\u00bb|700||on|||||\u00bb positioning=\u00bbabsolute\u00bb position_origin_a=\u00bbbottom_right\u00bb vertical_offset=\u00bb-8px\u00bb position_origin_a_tablet=\u00bb\u00bb position_origin_a_phone=\u00bb\u00bb position_origin_a_last_edited=\u00bbon|tablet\u00bb position_origin_f_tablet=\u00bb\u00bb position_origin_f_phone=\u00bb\u00bb position_origin_f_last_edited=\u00bbon|tablet\u00bb position_origin_r_tablet=\u00bbbottom_right\u00bb position_origin_r_phone=\u00bb\u00bb position_origin_r_last_edited=\u00bbon|tablet\u00bb custom_margin=\u00bb||||false|false\u00bb custom_margin_tablet=\u00bb|||0px|false|false\u00bb custom_margin_last_edited=\u00bboff|desktop\u00bb custom_padding=\u00bb20px|30px|20px|30px|true|true\u00bb hover_enabled=\u00bb0&#8243; positioning_tablet=\u00bbrelative\u00bb positioning_phone=\u00bb\u00bb positioning_last_edited=\u00bbon|tablet\u00bb locked=\u00bboff\u00bb sticky_enabled=\u00bb0&#8243;][\/et_pb_button][\/et_pb_column][\/et_pb_row][\/et_pb_section][et_pb_section fb_built=\u00bb1&#8243; admin_label=\u00bbFeatures\u00bb _builder_version=\u00bb4.4.7&#8243; custom_margin=\u00bb53px|||||\u00bb locked=\u00bboff\u00bb][et_pb_row use_custom_gutter=\u00bbon\u00bb gutter_width=\u00bb2&#8243; _builder_version=\u00bb4.4.7&#8243; custom_margin=\u00bb-10vw||||false|false\u00bb custom_padding=\u00bb||0px|||\u00bb][et_pb_column type=\u00bb4_4&#8243; _builder_version=\u00bb4.4.7&#8243; background_color=\u00bb#f4f4f5&#8243; custom_padding=\u00bb30px|30px|30px|30px|true|true\u00bb custom_padding_tablet=\u00bb30px|30px|30px|30px|true|true\u00bb custom_padding_phone=\u00bb20px|20px|20px|20px|true|true\u00bb custom_padding_last_edited=\u00bbon|phone\u00bb][et_pb_text _builder_version=\u00bb4.9.2&#8243; _module_preset=\u00bbdefault\u00bb text_font_size=\u00bb16px\u00bb hover_enabled=\u00bb0&#8243; sticky_enabled=\u00bb0&#8243;]<\/p>\n<p>Actuando en un mercado con una econom\u00eda globalizada cada vez m\u00e1s competitiva, en el que la b\u00fasqueda de resultados es fundamental, una de las opciones de crecimiento de las empresas y fondos de inversi\u00f3n es la adquisici\u00f3n de nuevas empresas o l\u00edneas de negocio. La evaluaci\u00f3n sobre los activos y pasivos que ser\u00e1n adquiridos, cu\u00e1l es el precio y la calidad del resultado de la empresa que ser\u00e1 comprada o vendida, son informaciones necesarias para tener \u00e9xito en una negociaci\u00f3n.<\/p>\n<p>IRKO Hirashima ofrece a sus clientes modelos de Due Diligence que se adaptan a diferentes tama\u00f1os y actividades empresariales.<\/p>\n<p>[\/et_pb_text][\/et_pb_column][\/et_pb_row][et_pb_row column_structure=\u00bb1_2,1_2&#8243; _builder_version=\u00bb4.8.1&#8243; _module_preset=\u00bbdefault\u00bb][et_pb_column type=\u00bb1_2&#8243; _builder_version=\u00bb4.8.1&#8243; _module_preset=\u00bbdefault\u00bb background_color=\u00bb#f4f4f5&#8243; custom_padding=\u00bb2%|2%|2%|2%|false|false\u00bb][et_pb_text _builder_version=\u00bb4.9.2&#8243; _module_preset=\u00bbdefault\u00bb hover_enabled=\u00bb0&#8243; sticky_enabled=\u00bb0&#8243;]<\/p>\n<p><b>Due<\/b> <b>diligence<\/b><\/p>\n<p>Due Diligence es un conjunto de an\u00e1lisis contables, financieros, tributarios, laborales y de los beneficios previsionales basados en datos hist\u00f3ricos, que procuran propiciar al inversionista las informaciones necesarias para la toma de decisi\u00f3n.\u00a0<\/p>\n<p><strong>\u00a1Comprar y vender empresas no es una tarea simple! Procure siempre la ayuda de profesionales especializados.<\/strong><\/p>\n<p>[\/et_pb_text][\/et_pb_column][et_pb_column type=\u00bb1_2&#8243; _builder_version=\u00bb4.8.1&#8243; _module_preset=\u00bbdefault\u00bb background_color=\u00bb#f4f4f5&#8243; custom_padding=\u00bb2%|2%|2%|2%|false|false\u00bb][et_pb_text _builder_version=\u00bb4.9.2&#8243; _module_preset=\u00bbdefault\u00bb hover_enabled=\u00bb0&#8243; sticky_enabled=\u00bb0&#8243;]<\/p>\n<p><strong>Despu\u00e9s de la transacci\u00f3n<\/strong><\/p>\n<p>Despu\u00e9s de las transacciones, generalmente el precio de la compra o venta de la empresa debe ser reevaluado, teniendo en cuenta el desempe\u00f1o posterior de los negocios considerando la fecha base en la que fue efectuado el Due Diligence.<\/p>\n<p>Nosotros tambi\u00e9n ayudamos a las empresas, tanto a los compradores como a los vendedores, a calcular los ajustes de precios.<\/p>\n<p>[\/et_pb_text][\/et_pb_column][\/et_pb_row][et_pb_row column_structure=\u00bb1_2,1_2&#8243; _builder_version=\u00bb4.6.3&#8243; _module_preset=\u00bbdefault\u00bb][et_pb_column type=\u00bb1_2&#8243; _builder_version=\u00bb4.6.3&#8243; _module_preset=\u00bbdefault\u00bb][et_pb_toggle title=\u00bbContable\u00bb open_toggle_text_color=\u00bb#F58345&#8243; open_toggle_background_color=\u00bb#fcfcfc\u00bb icon_color=\u00bb#000000&#8243; _builder_version=\u00bb4.9.2&#8243; _module_preset=\u00bbdefault\u00bb title_font=\u00bb|600|||||||\u00bb background_color=\u00bb#ffffff\u00bb hover_enabled=\u00bb0&#8243; border_width_all=\u00bb0px\u00bb border_width_bottom=\u00bb2px\u00bb sticky_enabled=\u00bb0&#8243;]<\/p>\n<ul>\n<li>An\u00e1lisis hist\u00f3rico de la empresa o negocio a ser adquirido;<\/li>\n<li>An\u00e1lisis de adecuaci\u00f3n de las pr\u00e1cticas contables adoptadas por la empresa o negocio a ser adquirido;<\/li>\n<li>Identificaci\u00f3n y an\u00e1lisis de los posibles impactos contables y financieros que puedan afectar a la transacci\u00f3n.<\/li>\n<\/ul>\n<p>[\/et_pb_toggle][et_pb_toggle title=\u00bbFiscal\u00bb open_toggle_text_color=\u00bb#F58345&#8243; open_toggle_background_color=\u00bb#fcfcfc\u00bb icon_color=\u00bb#000000&#8243; _builder_version=\u00bb4.9.2&#8243; _module_preset=\u00bbdefault\u00bb title_font=\u00bb|600|||||||\u00bb background_color=\u00bb#ffffff\u00bb hover_enabled=\u00bb0&#8243; border_width_all=\u00bb0px\u00bb border_width_bottom=\u00bb2px\u00bb sticky_enabled=\u00bb0&#8243;]<\/p>\n<ul>\n<li>An\u00e1lisis del hist\u00f3rico de problemas tributarios de la empresa o negocio a ser adquirido;<\/li>\n<li>An\u00e1lisis de adecuaci\u00f3n de las pr\u00e1cticas fiscales adoptadas por la empresa o negocio involucrado en la transacci\u00f3n;<\/li>\n<li>C\u00e1lculo de las contingencias tributarias no materializadas.<\/li>\n<\/ul>\n<p>[\/et_pb_toggle][et_pb_toggle title=\u00bbLaboral y beneficios previsionales \u00bb open_toggle_text_color=\u00bb#F58345&#8243; open_toggle_background_color=\u00bb#fcfcfc\u00bb icon_color=\u00bb#000000&#8243; _builder_version=\u00bb4.9.2&#8243; _module_preset=\u00bbdefault\u00bb title_font=\u00bb|600|||||||\u00bb background_color=\u00bb#ffffff\u00bb hover_enabled=\u00bb0&#8243; border_width_all=\u00bb0px\u00bb border_width_bottom=\u00bb2px\u00bb sticky_enabled=\u00bb0&#8243;]<\/p>\n<ul>\n<li>An\u00e1lisis del hist\u00f3rico de los problemas laborales y de los beneficios previsionales de la empresa o negocio a ser adquirido;<\/li>\n<li>An\u00e1lisis de la adecuaci\u00f3n de las pr\u00e1cticas laborales y de beneficios previsionales adoptadas por la empresa o negocio involucrado en la transacci\u00f3n;<\/li>\n<li>C\u00e1lculo de las contingencias laborales y de beneficios previsionales no materializadas.<\/li>\n<\/ul>\n<p>[\/et_pb_toggle][\/et_pb_column][et_pb_column type=\u00bb1_2&#8243; _builder_version=\u00bb4.6.3&#8243; _module_preset=\u00bbdefault\u00bb][et_pb_toggle title=\u00bbPreparaci\u00f3n y\/o acompa\u00f1amiento de data room\u00bb open_toggle_text_color=\u00bb#F58345&#8243; open_toggle_background_color=\u00bb#fcfcfc\u00bb icon_color=\u00bb#000000&#8243; _builder_version=\u00bb4.9.2&#8243; _module_preset=\u00bbdefault\u00bb title_font=\u00bb|600|||||||\u00bb background_color=\u00bb#ffffff\u00bb hover_enabled=\u00bb0&#8243; border_width_all=\u00bb0px\u00bb border_width_bottom=\u00bb2px\u00bb sticky_enabled=\u00bb0&#8243;]<\/p>\n<ul>\n<li>Elaboraci\u00f3n de la lista preliminar de documentos para el data room;<\/li>\n<li>An\u00e1lisis previo de los documentos que ser\u00e1n colocados a disposici\u00f3n en el data room;<\/li>\n<li>Acompa\u00f1amiento de las solicitudes de informaciones y documentos realizadas por el propenso comprador;<\/li>\n<li>Mantenimiento de los documentos que ser\u00e1n colocados a disposici\u00f3n en el data room durante el due diligence realizado por el propenso comprador.<\/li>\n<\/ul>\n<p>[\/et_pb_toggle][et_pb_toggle title=\u00bbAjustes de precio\u00bb open_toggle_text_color=\u00bb#F58345&#8243; open_toggle_background_color=\u00bb#fcfcfc\u00bb icon_color=\u00bb#000000&#8243; _builder_version=\u00bb4.9.2&#8243; _module_preset=\u00bbdefault\u00bb title_font=\u00bb|600|||||||\u00bb background_color=\u00bb#ffffff\u00bb hover_enabled=\u00bb0&#8243; border_width_all=\u00bb0px\u00bb border_width_bottom=\u00bb2px\u00bb sticky_enabled=\u00bb0&#8243;]<\/p>\n<ul>\n<li>An\u00e1lisis de los \u00edndices financieros contenidos en las cl\u00e1usulas de ajuste de precio;<\/li>\n<li>Recomposici\u00f3n de capital de giro, flujo de efectivo, deuda neta;<\/li>\n<li>Identificaci\u00f3n de las divergencias con relaci\u00f3n al \u00edndice calculado con el \u00edndice determinado por la empresa<\/li>\n<\/ul>\n<p>[\/et_pb_toggle][\/et_pb_column][\/et_pb_row][\/et_pb_section][et_pb_section fb_built=\u00bb1&#8243; _builder_version=\u00bb4.6.3&#8243; _module_preset=\u00bbdefault\u00bb background_color=\u00bb#9c9c9c\u00bb custom_padding=\u00bb0px||1px|||\u00bb saved_tabs=\u00bball\u00bb global_module=\u00bb5634&#8243;][et_pb_row module_id=\u00bbform-contato\u00bb _builder_version=\u00bb4.8.1&#8243; _module_preset=\u00bbdefault\u00bb][et_pb_column type=\u00bb4_4&#8243; _builder_version=\u00bb4.6.3&#8243; _module_preset=\u00bbdefault\u00bb][et_pb_contact_form use_spam_service=\u00bbon\u00bb recaptcha_list=\u00bbDefault|Default-0&#8243; email=\u00bbatendimento@irkohirashima.com.br\u00bb title=\u00bb\u00bfQuieres saber m\u00e1s? \u00a1Comun\u00edquese con el l\u00edder de pr\u00e1ctica!\u00bb custom_message=\u00bbMensagem enviada pelo site||et_pb_line_break_holder||Nome: %%name%%||et_pb_line_break_holder||Email: %%email%%||et_pb_line_break_holder||Telefone: %%telefone%%||et_pb_line_break_holder||Empresa: %%empresa%%||et_pb_line_break_holder||Mensagem: %%message%%\u00bb success_message=\u00bbMensaje enviado correctamente!\u00bb submit_button_text=\u00bbEnviar\u00bb _builder_version=\u00bb4.8.2&#8243; _module_preset=\u00bbdefault\u00bb title_text_align=\u00bbcenter\u00bb title_text_color=\u00bb#FFFFFF\u00bb title_line_height=\u00bb1.3em\u00bb captcha_text_color=\u00bb#FFFFFF\u00bb custom_button=\u00bbon\u00bb button_text_color=\u00bb#FFFFFF\u00bb custom_padding=\u00bb5%||5%||false|false\u00bb][et_pb_contact_field field_id=\u00bbName\u00bb field_title=\u00bbNombre\u00bb fullwidth_field=\u00bbon\u00bb _builder_version=\u00bb4.8.2&#8243; button_text_size__hover_enabled=\u00bboff\u00bb button_one_text_size__hover_enabled=\u00bboff\u00bb button_two_text_size__hover_enabled=\u00bboff\u00bb button_text_color__hover_enabled=\u00bboff\u00bb button_one_text_color__hover_enabled=\u00bboff\u00bb button_two_text_color__hover_enabled=\u00bboff\u00bb button_border_width__hover_enabled=\u00bboff\u00bb button_one_border_width__hover_enabled=\u00bboff\u00bb button_two_border_width__hover_enabled=\u00bboff\u00bb button_border_color__hover_enabled=\u00bboff\u00bb button_one_border_color__hover_enabled=\u00bboff\u00bb button_two_border_color__hover_enabled=\u00bboff\u00bb button_border_radius__hover_enabled=\u00bboff\u00bb button_one_border_radius__hover_enabled=\u00bboff\u00bb button_two_border_radius__hover_enabled=\u00bboff\u00bb button_letter_spacing__hover_enabled=\u00bboff\u00bb button_one_letter_spacing__hover_enabled=\u00bboff\u00bb button_two_letter_spacing__hover_enabled=\u00bboff\u00bb button_bg_color__hover_enabled=\u00bboff\u00bb button_one_bg_color__hover_enabled=\u00bboff\u00bb button_two_bg_color__hover_enabled=\u00bboff\u00bb][\/et_pb_contact_field][et_pb_contact_field field_id=\u00bbEmail\u00bb field_title=\u00bbEmail \u00bb field_type=\u00bbemail\u00bb _builder_version=\u00bb4.8.1&#8243; button_text_size__hover_enabled=\u00bboff\u00bb button_one_text_size__hover_enabled=\u00bboff\u00bb button_two_text_size__hover_enabled=\u00bboff\u00bb button_text_color__hover_enabled=\u00bboff\u00bb button_one_text_color__hover_enabled=\u00bboff\u00bb button_two_text_color__hover_enabled=\u00bboff\u00bb button_border_width__hover_enabled=\u00bboff\u00bb button_one_border_width__hover_enabled=\u00bboff\u00bb button_two_border_width__hover_enabled=\u00bboff\u00bb button_border_color__hover_enabled=\u00bboff\u00bb button_one_border_color__hover_enabled=\u00bboff\u00bb button_two_border_color__hover_enabled=\u00bboff\u00bb button_border_radius__hover_enabled=\u00bboff\u00bb button_one_border_radius__hover_enabled=\u00bboff\u00bb button_two_border_radius__hover_enabled=\u00bboff\u00bb button_letter_spacing__hover_enabled=\u00bboff\u00bb button_one_letter_spacing__hover_enabled=\u00bboff\u00bb button_two_letter_spacing__hover_enabled=\u00bboff\u00bb button_bg_color__hover_enabled=\u00bboff\u00bb button_one_bg_color__hover_enabled=\u00bboff\u00bb button_two_bg_color__hover_enabled=\u00bboff\u00bb][\/et_pb_contact_field][et_pb_contact_field field_id=\u00bbTelefone\u00bb field_title=\u00bbTel\u00e9fono\u00bb required_mark=\u00bboff\u00bb _builder_version=\u00bb4.8.2&#8243; _module_preset=\u00bbdefault\u00bb][\/et_pb_contact_field][et_pb_contact_field field_id=\u00bbEmpresa\u00bb field_title=\u00bbEmpresa\u00bb required_mark=\u00bboff\u00bb fullwidth_field=\u00bbon\u00bb _builder_version=\u00bb4.8.1&#8243; _module_preset=\u00bbdefault\u00bb][\/et_pb_contact_field][et_pb_contact_field field_id=\u00bbMessage\u00bb field_title=\u00bbMensaje\u00bb field_type=\u00bbtext\u00bb fullwidth_field=\u00bbon\u00bb _builder_version=\u00bb4.8.2&#8243; button_text_size__hover_enabled=\u00bboff\u00bb button_one_text_size__hover_enabled=\u00bboff\u00bb button_two_text_size__hover_enabled=\u00bboff\u00bb button_text_color__hover_enabled=\u00bboff\u00bb button_one_text_color__hover_enabled=\u00bboff\u00bb button_two_text_color__hover_enabled=\u00bboff\u00bb button_border_width__hover_enabled=\u00bboff\u00bb button_one_border_width__hover_enabled=\u00bboff\u00bb button_two_border_width__hover_enabled=\u00bboff\u00bb button_border_color__hover_enabled=\u00bboff\u00bb button_one_border_color__hover_enabled=\u00bboff\u00bb button_two_border_color__hover_enabled=\u00bboff\u00bb button_border_radius__hover_enabled=\u00bboff\u00bb button_one_border_radius__hover_enabled=\u00bboff\u00bb button_two_border_radius__hover_enabled=\u00bboff\u00bb button_letter_spacing__hover_enabled=\u00bboff\u00bb button_one_letter_spacing__hover_enabled=\u00bboff\u00bb button_two_letter_spacing__hover_enabled=\u00bboff\u00bb button_bg_color__hover_enabled=\u00bboff\u00bb button_one_bg_color__hover_enabled=\u00bboff\u00bb button_two_bg_color__hover_enabled=\u00bboff\u00bb][\/et_pb_contact_field][\/et_pb_contact_form][\/et_pb_column][\/et_pb_row][\/et_pb_section]<\/p>\n","protected":false},"excerpt":{"rendered":"<p>Transaction Services &nbsp;Actuando en un mercado con una econom\u00eda globalizada cada vez m\u00e1s competitiva, en el que la b\u00fasqueda de resultados es fundamental, una de las opciones de crecimiento de las empresas y fondos de inversi\u00f3n es la adquisici\u00f3n de nuevas empresas o l\u00edneas de negocio. La evaluaci\u00f3n sobre los activos y pasivos que ser\u00e1n [&hellip;]<\/p>\n","protected":false},"author":1,"featured_media":0,"parent":0,"menu_order":0,"comment_status":"closed","ping_status":"closed","template":"","meta":{"_et_pb_use_builder":"on","_et_pb_old_content":"","_et_gb_content_width":"","footnotes":""},"class_list":["post-5668","page","type-page","status-publish","hentry"],"yoast_head":"<!-- This site is optimized with the Yoast SEO plugin v26.4 - https:\/\/yoast.com\/wordpress\/plugins\/seo\/ -->\n<title>Transaction Services - Transa\u00e7\u00f5es Societ\u00e1rias<\/title>\n<meta name=\"description\" content=\"A avalia\u00e7\u00e3o sobre os ativos e passivos que ser\u00e3o adquiridos, qual pre\u00e7o e a qualidade do resultado da empresa que ser\u00e1 comprada ou vendida, s\u00e3o informa\u00e7\u00f5es necess\u00e1rias para se obter sucesso em uma negocia\u00e7\u00e3o. A IRKO Hirashima oferece aos seus clientes modelos de Due Diligence que se encaixam em diversos portes e atividades empresariais.\" \/>\n<meta name=\"robots\" content=\"index, follow, max-snippet:-1, max-image-preview:large, max-video-preview:-1\" \/>\n<link rel=\"canonical\" href=\"https:\/\/irkohirashima.com.br\/es\/transaction-services\/\" \/>\n<meta property=\"og:locale\" content=\"es_ES\" \/>\n<meta property=\"og:type\" content=\"article\" \/>\n<meta property=\"og:title\" content=\"Transaction Services - Transa\u00e7\u00f5es Societ\u00e1rias\" \/>\n<meta property=\"og:description\" content=\"A avalia\u00e7\u00e3o sobre os ativos e passivos que ser\u00e3o adquiridos, qual pre\u00e7o e a qualidade do resultado da empresa que ser\u00e1 comprada ou vendida, s\u00e3o informa\u00e7\u00f5es necess\u00e1rias para se obter sucesso em uma negocia\u00e7\u00e3o. A IRKO Hirashima oferece aos seus clientes modelos de Due Diligence que se encaixam em diversos portes e atividades empresariais.\" \/>\n<meta property=\"og:url\" content=\"https:\/\/irkohirashima.com.br\/transaction-services\/\" \/>\n<meta property=\"og:site_name\" content=\"Irko Hirashima\" \/>\n<meta property=\"article:modified_time\" content=\"2021-03-16T12:56:26+00:00\" \/>\n<meta name=\"twitter:card\" content=\"summary_large_image\" \/>\n<meta name=\"twitter:label1\" content=\"Tiempo de lectura\" \/>\n\t<meta name=\"twitter:data1\" content=\"4 minutos\" \/>\n<script type=\"application\/ld+json\" class=\"yoast-schema-graph\">{\"@context\":\"https:\/\/schema.org\",\"@graph\":[{\"@type\":\"WebPage\",\"@id\":\"https:\/\/irkohirashima.com.br\/transaction-services\/\",\"url\":\"https:\/\/irkohirashima.com.br\/transaction-services\/\",\"name\":\"Transaction Services - Transa\u00e7\u00f5es Societ\u00e1rias\",\"isPartOf\":{\"@id\":\"https:\/\/irkohirashima.com.br\/#website\"},\"datePublished\":\"2020-10-29T17:32:51+00:00\",\"dateModified\":\"2021-03-16T12:56:26+00:00\",\"description\":\"A avalia\u00e7\u00e3o sobre os ativos e passivos que ser\u00e3o adquiridos, qual pre\u00e7o e a qualidade do resultado da empresa que ser\u00e1 comprada ou vendida, s\u00e3o informa\u00e7\u00f5es necess\u00e1rias para se obter sucesso em uma negocia\u00e7\u00e3o. A IRKO Hirashima oferece aos seus clientes modelos de Due Diligence que se encaixam em diversos portes e atividades empresariais.\",\"breadcrumb\":{\"@id\":\"https:\/\/irkohirashima.com.br\/transaction-services\/#breadcrumb\"},\"inLanguage\":\"es\",\"potentialAction\":[{\"@type\":\"ReadAction\",\"target\":[\"https:\/\/irkohirashima.com.br\/transaction-services\/\"]}]},{\"@type\":\"BreadcrumbList\",\"@id\":\"https:\/\/irkohirashima.com.br\/transaction-services\/#breadcrumb\",\"itemListElement\":[{\"@type\":\"ListItem\",\"position\":1,\"name\":\"Home\"},{\"@type\":\"ListItem\",\"position\":2,\"name\":\"Transaction Services\"}]},{\"@type\":\"WebSite\",\"@id\":\"https:\/\/irkohirashima.com.br\/#website\",\"url\":\"https:\/\/irkohirashima.com.br\/\",\"name\":\"Irko Hirashima\",\"description\":\"Boutique de Advisory e Assurance\",\"publisher\":{\"@id\":\"https:\/\/irkohirashima.com.br\/#organization\"},\"potentialAction\":[{\"@type\":\"SearchAction\",\"target\":{\"@type\":\"EntryPoint\",\"urlTemplate\":\"https:\/\/irkohirashima.com.br\/?s={search_term_string}\"},\"query-input\":{\"@type\":\"PropertyValueSpecification\",\"valueRequired\":true,\"valueName\":\"search_term_string\"}}],\"inLanguage\":\"es\"},{\"@type\":\"Organization\",\"@id\":\"https:\/\/irkohirashima.com.br\/#organization\",\"name\":\"IRKO Hirashima\",\"url\":\"https:\/\/irkohirashima.com.br\/\",\"logo\":{\"@type\":\"ImageObject\",\"inLanguage\":\"es\",\"@id\":\"https:\/\/irkohirashima.com.br\/#\/schema\/logo\/image\/\",\"url\":\"https:\/\/irkohirashima.com.br\/wp-content\/uploads\/2021\/01\/irko-hirashima-colorido-2.png\",\"contentUrl\":\"https:\/\/irkohirashima.com.br\/wp-content\/uploads\/2021\/01\/irko-hirashima-colorido-2.png\",\"width\":442,\"height\":153,\"caption\":\"IRKO Hirashima\"},\"image\":{\"@id\":\"https:\/\/irkohirashima.com.br\/#\/schema\/logo\/image\/\"}}]}<\/script>\n<!-- \/ Yoast SEO plugin. -->","yoast_head_json":{"title":"Transaction Services - Transa\u00e7\u00f5es Societ\u00e1rias","description":"A avalia\u00e7\u00e3o sobre os ativos e passivos que ser\u00e3o adquiridos, qual pre\u00e7o e a qualidade do resultado da empresa que ser\u00e1 comprada ou vendida, s\u00e3o informa\u00e7\u00f5es necess\u00e1rias para se obter sucesso em uma negocia\u00e7\u00e3o. A IRKO Hirashima oferece aos seus clientes modelos de Due Diligence que se encaixam em diversos portes e atividades empresariais.","robots":{"index":"index","follow":"follow","max-snippet":"max-snippet:-1","max-image-preview":"max-image-preview:large","max-video-preview":"max-video-preview:-1"},"canonical":"https:\/\/irkohirashima.com.br\/es\/transaction-services\/","og_locale":"es_ES","og_type":"article","og_title":"Transaction Services - Transa\u00e7\u00f5es Societ\u00e1rias","og_description":"A avalia\u00e7\u00e3o sobre os ativos e passivos que ser\u00e3o adquiridos, qual pre\u00e7o e a qualidade do resultado da empresa que ser\u00e1 comprada ou vendida, s\u00e3o informa\u00e7\u00f5es necess\u00e1rias para se obter sucesso em uma negocia\u00e7\u00e3o. A IRKO Hirashima oferece aos seus clientes modelos de Due Diligence que se encaixam em diversos portes e atividades empresariais.","og_url":"https:\/\/irkohirashima.com.br\/transaction-services\/","og_site_name":"Irko Hirashima","article_modified_time":"2021-03-16T12:56:26+00:00","twitter_card":"summary_large_image","twitter_misc":{"Tiempo de lectura":"4 minutos"},"schema":{"@context":"https:\/\/schema.org","@graph":[{"@type":"WebPage","@id":"https:\/\/irkohirashima.com.br\/transaction-services\/","url":"https:\/\/irkohirashima.com.br\/transaction-services\/","name":"Transaction Services - Transa\u00e7\u00f5es Societ\u00e1rias","isPartOf":{"@id":"https:\/\/irkohirashima.com.br\/#website"},"datePublished":"2020-10-29T17:32:51+00:00","dateModified":"2021-03-16T12:56:26+00:00","description":"A avalia\u00e7\u00e3o sobre os ativos e passivos que ser\u00e3o adquiridos, qual pre\u00e7o e a qualidade do resultado da empresa que ser\u00e1 comprada ou vendida, s\u00e3o informa\u00e7\u00f5es necess\u00e1rias para se obter sucesso em uma negocia\u00e7\u00e3o. A IRKO Hirashima oferece aos seus clientes modelos de Due Diligence que se encaixam em diversos portes e atividades empresariais.","breadcrumb":{"@id":"https:\/\/irkohirashima.com.br\/transaction-services\/#breadcrumb"},"inLanguage":"es","potentialAction":[{"@type":"ReadAction","target":["https:\/\/irkohirashima.com.br\/transaction-services\/"]}]},{"@type":"BreadcrumbList","@id":"https:\/\/irkohirashima.com.br\/transaction-services\/#breadcrumb","itemListElement":[{"@type":"ListItem","position":1,"name":"Home"},{"@type":"ListItem","position":2,"name":"Transaction Services"}]},{"@type":"WebSite","@id":"https:\/\/irkohirashima.com.br\/#website","url":"https:\/\/irkohirashima.com.br\/","name":"Irko Hirashima","description":"Boutique de Advisory e Assurance","publisher":{"@id":"https:\/\/irkohirashima.com.br\/#organization"},"potentialAction":[{"@type":"SearchAction","target":{"@type":"EntryPoint","urlTemplate":"https:\/\/irkohirashima.com.br\/?s={search_term_string}"},"query-input":{"@type":"PropertyValueSpecification","valueRequired":true,"valueName":"search_term_string"}}],"inLanguage":"es"},{"@type":"Organization","@id":"https:\/\/irkohirashima.com.br\/#organization","name":"IRKO Hirashima","url":"https:\/\/irkohirashima.com.br\/","logo":{"@type":"ImageObject","inLanguage":"es","@id":"https:\/\/irkohirashima.com.br\/#\/schema\/logo\/image\/","url":"https:\/\/irkohirashima.com.br\/wp-content\/uploads\/2021\/01\/irko-hirashima-colorido-2.png","contentUrl":"https:\/\/irkohirashima.com.br\/wp-content\/uploads\/2021\/01\/irko-hirashima-colorido-2.png","width":442,"height":153,"caption":"IRKO Hirashima"},"image":{"@id":"https:\/\/irkohirashima.com.br\/#\/schema\/logo\/image\/"}}]}},"_links":{"self":[{"href":"https:\/\/irkohirashima.com.br\/es\/wp-json\/wp\/v2\/pages\/5668","targetHints":{"allow":["GET"]}}],"collection":[{"href":"https:\/\/irkohirashima.com.br\/es\/wp-json\/wp\/v2\/pages"}],"about":[{"href":"https:\/\/irkohirashima.com.br\/es\/wp-json\/wp\/v2\/types\/page"}],"author":[{"embeddable":true,"href":"https:\/\/irkohirashima.com.br\/es\/wp-json\/wp\/v2\/users\/1"}],"replies":[{"embeddable":true,"href":"https:\/\/irkohirashima.com.br\/es\/wp-json\/wp\/v2\/comments?post=5668"}],"version-history":[{"count":2,"href":"https:\/\/irkohirashima.com.br\/es\/wp-json\/wp\/v2\/pages\/5668\/revisions"}],"predecessor-version":[{"id":5672,"href":"https:\/\/irkohirashima.com.br\/es\/wp-json\/wp\/v2\/pages\/5668\/revisions\/5672"}],"wp:attachment":[{"href":"https:\/\/irkohirashima.com.br\/es\/wp-json\/wp\/v2\/media?parent=5668"}],"curies":[{"name":"wp","href":"https:\/\/api.w.org\/{rel}","templated":true}]}}