{"id":5654,"date":"2020-09-28T17:49:02","date_gmt":"2020-09-28T17:49:02","guid":{"rendered":"http:\/\/irkohirashima.com.br\/corporate-finance\/"},"modified":"2023-04-13T13:07:46","modified_gmt":"2023-04-13T16:07:46","slug":"corporate-finance","status":"publish","type":"page","link":"https:\/\/irkohirashima.com.br\/es\/corporate-finance\/","title":{"rendered":"Corporate Finance"},"content":{"rendered":"<p>[et_pb_section fb_built=\u00bb1&#8243; custom_padding_last_edited=\u00bboff|desktop\u00bb admin_label=\u00bbHeader\u00bb _builder_version=\u00bb4.16&#8243; use_background_color_gradient=\u00bbon\u00bb background_color_gradient_direction=\u00bb360deg\u00bb background_color_gradient_stops=\u00bb#5c5c5c 0%|rgba(0,0,0,0) 100%\u00bb background_color_gradient_overlays_image=\u00bbon\u00bb background_color_gradient_start=\u00bb#5c5c5c\u00bb background_color_gradient_end=\u00bbrgba(0,0,0,0)\u00bb background_image=\u00bbhttp:\/\/irkohirashima.com.br\/wp-content\/uploads\/2021\/01\/corporate-finance.jpg\u00bb custom_padding=\u00bb6vw||8vw||false|false\u00bb custom_padding_tablet=\u00bb||||false|false\u00bb custom_padding_phone=\u00bb||||false|false\u00bb locked=\u00bboff\u00bb global_colors_info=\u00bb{}\u00bb][et_pb_row column_structure=\u00bb1_2,1_2&#8243; make_equal=\u00bbon\u00bb _builder_version=\u00bb4.16&#8243; max_width=\u00bb1200px\u00bb custom_padding=\u00bb4%|0%|0px|4%|false|false\u00bb border_color_all=\u00bb#16252D\u00bb border_width_bottom=\u00bb8px\u00bb border_color_bottom=\u00bb#ffffff\u00bb border_width_left=\u00bb8px\u00bb border_color_left=\u00bb#ffffff\u00bb locked=\u00bboff\u00bb global_colors_info=\u00bb{}\u00bb][et_pb_column type=\u00bb1_2&#8243; _builder_version=\u00bb4.16&#8243; custom_padding=\u00bb||4%||false|false\u00bb global_colors_info=\u00bb{}\u00bb][et_pb_text _builder_version=\u00bb4.16.1&#8243; header_font=\u00bb|600||on|||||\u00bb header_text_color=\u00bb#ffffff\u00bb header_font_size=\u00bb60px\u00bb header_letter_spacing=\u00bb2px\u00bb header_line_height=\u00bb1.2em\u00bb background_layout=\u00bbdark\u00bb header_font_size_tablet=\u00bb40px\u00bb header_font_size_phone=\u00bb24px\u00bb header_font_size_last_edited=\u00bbon|phone\u00bb locked=\u00bboff\u00bb global_colors_info=\u00bb{}\u00bb]<\/p>\n<h1 style=\"text-align: left;\">Corporate Finance<\/h1>\n<p>[\/et_pb_text][\/et_pb_column][et_pb_column type=\u00bb1_2&#8243; _builder_version=\u00bb4.16&#8243; global_colors_info=\u00bb{}\u00bb][et_pb_button button_url=\u00bb#form-contato\u00bb button_text=\u00bbENTRE EN CONTACTO\u00bb button_alignment=\u00bbright\u00bb _builder_version=\u00bb4.16.1&#8243; custom_button=\u00bbon\u00bb button_text_size=\u00bb14px\u00bb button_text_color=\u00bb#ffffff\u00bb button_bg_color=\u00bbrgba(0,0,0,0)\u00bb button_border_width=\u00bb8px\u00bb button_border_color=\u00bb#ffffff\u00bb button_border_radius=\u00bb0px\u00bb button_letter_spacing=\u00bb5px\u00bb button_font=\u00bb|700||on|||||\u00bb positioning=\u00bbabsolute\u00bb position_origin_a=\u00bbbottom_right\u00bb vertical_offset=\u00bb-8px\u00bb position_origin_a_tablet=\u00bb\u00bb position_origin_a_phone=\u00bb\u00bb position_origin_a_last_edited=\u00bbon|tablet\u00bb position_origin_f_tablet=\u00bb\u00bb position_origin_f_phone=\u00bb\u00bb position_origin_f_last_edited=\u00bbon|tablet\u00bb position_origin_r_tablet=\u00bbbottom_right\u00bb position_origin_r_phone=\u00bb\u00bb position_origin_r_last_edited=\u00bbon|tablet\u00bb custom_margin=\u00bb||||false|false\u00bb custom_margin_tablet=\u00bb|||0px|false|false\u00bb custom_margin_last_edited=\u00bboff|desktop\u00bb custom_padding=\u00bb20px|30px|20px|30px|true|true\u00bb positioning_tablet=\u00bbrelative\u00bb positioning_phone=\u00bb\u00bb positioning_last_edited=\u00bbon|tablet\u00bb locked=\u00bboff\u00bb global_colors_info=\u00bb{}\u00bb][\/et_pb_button][\/et_pb_column][\/et_pb_row][\/et_pb_section][et_pb_section fb_built=\u00bb1&#8243; admin_label=\u00bbFeatures\u00bb _builder_version=\u00bb4.16&#8243; custom_margin=\u00bb53px|||||\u00bb locked=\u00bboff\u00bb global_colors_info=\u00bb{}\u00bb][et_pb_row use_custom_gutter=\u00bbon\u00bb gutter_width=\u00bb2&#8243; _builder_version=\u00bb4.16&#8243; custom_margin=\u00bb-10vw||||false|false\u00bb custom_padding=\u00bb||0px|||\u00bb global_colors_info=\u00bb{}\u00bb][et_pb_column type=\u00bb4_4&#8243; _builder_version=\u00bb4.16&#8243; background_color=\u00bb#f4f4f5&#8243; custom_padding=\u00bb30px|30px|30px|30px|true|true\u00bb custom_padding_tablet=\u00bb30px|30px|30px|30px|true|true\u00bb custom_padding_phone=\u00bb20px|20px|20px|20px|true|true\u00bb custom_padding_last_edited=\u00bbon|phone\u00bb global_colors_info=\u00bb{}\u00bb][et_pb_text _builder_version=\u00bb4.16.1&#8243; _module_preset=\u00bbdefault\u00bb text_font_size=\u00bb16px\u00bb global_colors_info=\u00bb{}\u00bb]<\/p>\n<p>Las \u00e1reas de Finanzas de las empresas deben participar activamente en la gesti\u00f3n de los negocios, ya sea por medio de la entrega eficaz de servicios transaccionales, por la maximizaci\u00f3n de los flujos de efectivo, por el auxilio en la planificaci\u00f3n, en el soporte para la estrategia de precios y en la gesti\u00f3n de performance o en la toma de decisi\u00f3n cr\u00edtica de negocios.<\/p>\n<p>[\/et_pb_text][\/et_pb_column][\/et_pb_row][et_pb_row column_structure=\u00bb1_2,1_2&#8243; _builder_version=\u00bb4.16&#8243; _module_preset=\u00bbdefault\u00bb global_colors_info=\u00bb{}\u00bb][et_pb_column type=\u00bb1_2&#8243; _builder_version=\u00bb4.16&#8243; _module_preset=\u00bbdefault\u00bb global_colors_info=\u00bb{}\u00bb][et_pb_toggle title=\u00bbFinanzas \u00bb open_toggle_text_color=\u00bb#F58345&#8243; open_toggle_background_color=\u00bb#fcfcfc\u00bb icon_color=\u00bb#000000&#8243; open_icon_color=\u00bb#000000&#8243; _builder_version=\u00bb4.16.1&#8243; _module_preset=\u00bbdefault\u00bb title_font=\u00bb|600|||||||\u00bb background_color=\u00bb#ffffff\u00bb border_width_all=\u00bb0px\u00bb border_width_bottom=\u00bb2px\u00bb global_colors_info=\u00bb{}\u00bb]<\/p>\n<p>Contamos con un grupo de especialistas con experiencia en:<br \/>&#8211; Planificaci\u00f3n, presupuesto y proyecciones\u00a0<br \/>&#8211; Gesti\u00f3n del flujo de efectivo y proyecciones (working capital management)<br \/>&#8211; Contabilidad\u00a0<br \/>&#8211; Tributario\u00a0<br \/>&#8211; Costes y gesti\u00f3n de performance,<br \/>&#8211; Centro de Servicios Compartidos\u00a0<br \/>&#8211; Informaci\u00f3n y modelo de gerencia\u00a0<br \/>&#8211; Gesti\u00f3n de riesgos financieros\u00a0<\/p>\n<p>[\/et_pb_toggle][et_pb_toggle title=\u00bbLaudo de Evaluaci\u00f3n a Valor Justo\u00bb open_toggle_text_color=\u00bb#F58345&#8243; open_toggle_background_color=\u00bb#fcfcfc\u00bb icon_color=\u00bb#000000&#8243; open_icon_color=\u00bb#000000&#8243; _builder_version=\u00bb4.16.1&#8243; _module_preset=\u00bbdefault\u00bb title_font=\u00bb|600|||||||\u00bb background_color=\u00bb#ffffff\u00bb border_width_all=\u00bb0px\u00bb border_width_bottom=\u00bb2px\u00bb global_colors_info=\u00bb{}\u00bb]<\/p>\n<p>Aplicaci\u00f3n de metodolog\u00edas matem\u00e1ticas ampliamente aceptadas en el mercado [M\u00e9todo de Renta (Income Approach)], M\u00e9todo Mercado (Market Approach) y M\u00e9todo de Coste (Cost Approach) para determinar el valor de una empresa determinada o activo, considerando los criterios de mercado, econ\u00f3micos y financieros.<\/p>\n<p>[\/et_pb_toggle][\/et_pb_column][et_pb_column type=\u00bb1_2&#8243; _builder_version=\u00bb4.16&#8243; _module_preset=\u00bbdefault\u00bb global_colors_info=\u00bb{}\u00bb][et_pb_toggle title=\u00bbValuation\u00bb open_toggle_text_color=\u00bb#F58345&#8243; open_toggle_background_color=\u00bb#fcfcfc\u00bb icon_color=\u00bb#000000&#8243; open_icon_color=\u00bb#000000&#8243; _builder_version=\u00bb4.16.1&#8243; _module_preset=\u00bbdefault\u00bb title_font=\u00bb|600|||||||\u00bb background_color=\u00bb#ffffff\u00bb border_width_all=\u00bb0px\u00bb border_width_bottom=\u00bb2px\u00bb global_colors_info=\u00bb{}\u00bb]<\/p>\n<p>La complejidad de las actividades necesarias para la evaluaci\u00f3n de los activos y pasivos debe aumentar en los pr\u00f3ximos a\u00f1os.<br \/>Nuestros profesionales son altamente cualificados en las \u00e1reas: financiera, contable, tributaria y en procesos de due diligences, lo que nos permite prestar servicios de evaluaciones de las empresas con los m\u00e1s diversos objetivos.<\/p>\n<p>El valuation es una de las piezas m\u00e1s importantes en los procesos de adquisici\u00f3n, fusi\u00f3n, escisi\u00f3n, venta, procesos de reestructuraci\u00f3n societaria, aportaciones de capital, procesos de Oferta P\u00fablica Inicial (en ingl\u00e9s IPO), etc. y puede realizarse a trav\u00e9s de los siguientes criterios:<br \/>&#8211; Valor justo (orientado por reglas, sobre todo el CPC 46 \u2013 Mensuraci\u00f3n del valor justo)<br \/>&#8211; Valor de la inversi\u00f3n (considera las premisas y las necesidades de un inversionista particular, con base en los requisitos y expectativas de las inversiones individuales).<\/p>\n<p>[\/et_pb_toggle][et_pb_toggle title=\u00bbPurchase Price Allocation \u00bb open_toggle_text_color=\u00bb#F58345&#8243; open_toggle_background_color=\u00bb#fcfcfc\u00bb icon_color=\u00bb#000000&#8243; open_icon_color=\u00bb#000000&#8243; _builder_version=\u00bb4.16.1&#8243; _module_preset=\u00bbdefault\u00bb title_font=\u00bb|600|||||||\u00bb background_color=\u00bb#ffffff\u00bb border_width_all=\u00bb0px\u00bb border_width_bottom=\u00bb2px\u00bb global_colors_info=\u00bb{}\u00bb]<\/p>\n<p>Es el proceso de asignar el coste de la adquisici\u00f3n de una sociedad a sus activos adquiridos y pasivos asumidos, evaluados a su Valor Justo (enlace para finanzas corporativas). El excedente es considerado como plusval\u00eda, tambi\u00e9n conocido como goodwill.<\/p>\n<p>[\/et_pb_toggle][\/et_pb_column][\/et_pb_row][\/et_pb_section][et_pb_section fb_built=\u00bb1&#8243; _builder_version=\u00bb4.6.3&#8243; _module_preset=\u00bbdefault\u00bb background_color=\u00bb#9c9c9c\u00bb custom_padding=\u00bb0px||1px|||\u00bb global_module=\u00bb5634&#8243; saved_tabs=\u00bball\u00bb global_colors_info=\u00bb{}\u00bb][et_pb_row module_id=\u00bbform-contato\u00bb _builder_version=\u00bb4.16&#8243; _module_preset=\u00bbdefault\u00bb global_colors_info=\u00bb{}\u00bb][et_pb_column type=\u00bb4_4&#8243; _builder_version=\u00bb4.16&#8243; _module_preset=\u00bbdefault\u00bb global_colors_info=\u00bb{}\u00bb][et_pb_contact_form use_spam_service=\u00bbon\u00bb recaptcha_list=\u00bbDefault|Default-0&#8243; email=\u00bbatendimento@irkohirashima.com.br\u00bb title=\u00bb\u00bfQuieres saber m\u00e1s? \u00a1Comun\u00edquese con el l\u00edder de pr\u00e1ctica!\u00bb custom_message=\u00bbMensagem enviada pelo site||et_pb_line_break_holder||Nome: %%name%%||et_pb_line_break_holder||Email: %%email%%||et_pb_line_break_holder||Telefone: %%telefone%%||et_pb_line_break_holder||Empresa: %%empresa%%||et_pb_line_break_holder||Mensagem: %%message%%\u00bb success_message=\u00bbMensaje enviado correctamente!\u00bb submit_button_text=\u00bbEnviar\u00bb _builder_version=\u00bb4.16&#8243; _module_preset=\u00bbdefault\u00bb _unique_id=\u00bbf2586091-42b3-441c-b0ba-c8e9d51ebd2a\u00bb title_text_align=\u00bbcenter\u00bb title_text_color=\u00bb#FFFFFF\u00bb title_line_height=\u00bb1.3em\u00bb captcha_text_color=\u00bb#FFFFFF\u00bb custom_button=\u00bbon\u00bb button_text_color=\u00bb#FFFFFF\u00bb custom_padding=\u00bb5%||5%||false|false\u00bb global_colors_info=\u00bb{}\u00bb][et_pb_contact_field field_id=\u00bbName\u00bb field_title=\u00bbNombre\u00bb fullwidth_field=\u00bbon\u00bb _builder_version=\u00bb4.16&#8243; global_colors_info=\u00bb{}\u00bb button_text_size__hover_enabled=\u00bboff\u00bb button_one_text_size__hover_enabled=\u00bboff\u00bb button_two_text_size__hover_enabled=\u00bboff\u00bb button_text_color__hover_enabled=\u00bboff\u00bb button_one_text_color__hover_enabled=\u00bboff\u00bb button_two_text_color__hover_enabled=\u00bboff\u00bb button_border_width__hover_enabled=\u00bboff\u00bb button_one_border_width__hover_enabled=\u00bboff\u00bb button_two_border_width__hover_enabled=\u00bboff\u00bb button_border_color__hover_enabled=\u00bboff\u00bb button_one_border_color__hover_enabled=\u00bboff\u00bb button_two_border_color__hover_enabled=\u00bboff\u00bb button_border_radius__hover_enabled=\u00bboff\u00bb button_one_border_radius__hover_enabled=\u00bboff\u00bb button_two_border_radius__hover_enabled=\u00bboff\u00bb button_letter_spacing__hover_enabled=\u00bboff\u00bb button_one_letter_spacing__hover_enabled=\u00bboff\u00bb button_two_letter_spacing__hover_enabled=\u00bboff\u00bb button_bg_color__hover_enabled=\u00bboff\u00bb button_one_bg_color__hover_enabled=\u00bboff\u00bb button_two_bg_color__hover_enabled=\u00bboff\u00bb][\/et_pb_contact_field][et_pb_contact_field field_id=\u00bbEmail\u00bb field_title=\u00bbEmail \u00bb field_type=\u00bbemail\u00bb _builder_version=\u00bb4.16&#8243; global_colors_info=\u00bb{}\u00bb button_text_size__hover_enabled=\u00bboff\u00bb button_one_text_size__hover_enabled=\u00bboff\u00bb button_two_text_size__hover_enabled=\u00bboff\u00bb button_text_color__hover_enabled=\u00bboff\u00bb button_one_text_color__hover_enabled=\u00bboff\u00bb button_two_text_color__hover_enabled=\u00bboff\u00bb button_border_width__hover_enabled=\u00bboff\u00bb button_one_border_width__hover_enabled=\u00bboff\u00bb button_two_border_width__hover_enabled=\u00bboff\u00bb button_border_color__hover_enabled=\u00bboff\u00bb button_one_border_color__hover_enabled=\u00bboff\u00bb button_two_border_color__hover_enabled=\u00bboff\u00bb button_border_radius__hover_enabled=\u00bboff\u00bb button_one_border_radius__hover_enabled=\u00bboff\u00bb button_two_border_radius__hover_enabled=\u00bboff\u00bb button_letter_spacing__hover_enabled=\u00bboff\u00bb button_one_letter_spacing__hover_enabled=\u00bboff\u00bb button_two_letter_spacing__hover_enabled=\u00bboff\u00bb button_bg_color__hover_enabled=\u00bboff\u00bb button_one_bg_color__hover_enabled=\u00bboff\u00bb button_two_bg_color__hover_enabled=\u00bboff\u00bb][\/et_pb_contact_field][et_pb_contact_field field_id=\u00bbTelefone\u00bb field_title=\u00bbTel\u00e9fono\u00bb required_mark=\u00bboff\u00bb _builder_version=\u00bb4.16&#8243; _module_preset=\u00bbdefault\u00bb global_colors_info=\u00bb{}\u00bb][\/et_pb_contact_field][et_pb_contact_field field_id=\u00bbEmpresa\u00bb field_title=\u00bbEmpresa\u00bb required_mark=\u00bboff\u00bb fullwidth_field=\u00bbon\u00bb _builder_version=\u00bb4.16&#8243; _module_preset=\u00bbdefault\u00bb global_colors_info=\u00bb{}\u00bb][\/et_pb_contact_field][et_pb_contact_field field_id=\u00bbMessage\u00bb field_title=\u00bbMensaje\u00bb field_type=\u00bbtext\u00bb fullwidth_field=\u00bbon\u00bb _builder_version=\u00bb4.16&#8243; global_colors_info=\u00bb{}\u00bb button_text_size__hover_enabled=\u00bboff\u00bb button_one_text_size__hover_enabled=\u00bboff\u00bb button_two_text_size__hover_enabled=\u00bboff\u00bb button_text_color__hover_enabled=\u00bboff\u00bb button_one_text_color__hover_enabled=\u00bboff\u00bb button_two_text_color__hover_enabled=\u00bboff\u00bb button_border_width__hover_enabled=\u00bboff\u00bb button_one_border_width__hover_enabled=\u00bboff\u00bb button_two_border_width__hover_enabled=\u00bboff\u00bb button_border_color__hover_enabled=\u00bboff\u00bb button_one_border_color__hover_enabled=\u00bboff\u00bb button_two_border_color__hover_enabled=\u00bboff\u00bb button_border_radius__hover_enabled=\u00bboff\u00bb button_one_border_radius__hover_enabled=\u00bboff\u00bb button_two_border_radius__hover_enabled=\u00bboff\u00bb button_letter_spacing__hover_enabled=\u00bboff\u00bb button_one_letter_spacing__hover_enabled=\u00bboff\u00bb button_two_letter_spacing__hover_enabled=\u00bboff\u00bb button_bg_color__hover_enabled=\u00bboff\u00bb button_one_bg_color__hover_enabled=\u00bboff\u00bb button_two_bg_color__hover_enabled=\u00bboff\u00bb][\/et_pb_contact_field][\/et_pb_contact_form][\/et_pb_column][\/et_pb_row][\/et_pb_section]<\/p>\n","protected":false},"excerpt":{"rendered":"<p>Corporate FinanceLas \u00e1reas de Finanzas de las empresas deben participar activamente en la gesti\u00f3n de los negocios, ya sea por medio de la entrega eficaz de servicios transaccionales, por la maximizaci\u00f3n de los flujos de efectivo, por el auxilio en la planificaci\u00f3n, en el soporte para la estrategia de precios y en la gesti\u00f3n de [&hellip;]<\/p>\n","protected":false},"author":1,"featured_media":0,"parent":0,"menu_order":0,"comment_status":"closed","ping_status":"closed","template":"","meta":{"_et_pb_use_builder":"on","_et_pb_old_content":"","_et_gb_content_width":"","footnotes":""},"class_list":["post-5654","page","type-page","status-publish","hentry"],"yoast_head":"<!-- This site is optimized with the Yoast SEO plugin v26.4 - https:\/\/yoast.com\/wordpress\/plugins\/seo\/ -->\n<title>Corporate Finance - Finan\u00e7as Corporativas<\/title>\n<meta name=\"description\" content=\"As \u00e1reas de Finan\u00e7as das empresas devem participar de forma ativa na gest\u00e3o dos neg\u00f3cios, seja pela entrega eficaz de servi\u00e7os transacionais, pela maximiza\u00e7\u00e3o dos fluxos de caixa, pelo aux\u00edlio no planejamento, no suporte \u00e0 precifica\u00e7\u00e3o e gest\u00e3o de performance ou \u00e0 tomada de decis\u00e3o cr\u00edtica de neg\u00f3cios.\" \/>\n<meta name=\"robots\" content=\"index, follow, max-snippet:-1, max-image-preview:large, max-video-preview:-1\" \/>\n<link rel=\"canonical\" href=\"https:\/\/irkohirashima.com.br\/es\/corporate-finance\/\" \/>\n<meta property=\"og:locale\" content=\"es_ES\" \/>\n<meta property=\"og:type\" content=\"article\" \/>\n<meta property=\"og:title\" content=\"Corporate Finance - Finan\u00e7as Corporativas\" \/>\n<meta property=\"og:description\" content=\"As \u00e1reas de Finan\u00e7as das empresas devem participar de forma ativa na gest\u00e3o dos neg\u00f3cios, seja pela entrega eficaz de servi\u00e7os transacionais, pela maximiza\u00e7\u00e3o dos fluxos de caixa, pelo aux\u00edlio no planejamento, no suporte \u00e0 precifica\u00e7\u00e3o e gest\u00e3o de performance ou \u00e0 tomada de decis\u00e3o cr\u00edtica de neg\u00f3cios.\" \/>\n<meta property=\"og:url\" content=\"https:\/\/irkohirashima.com.br\/corporate-finance\/\" \/>\n<meta property=\"og:site_name\" content=\"Irko Hirashima\" \/>\n<meta property=\"article:modified_time\" content=\"2023-04-13T16:07:46+00:00\" \/>\n<meta name=\"twitter:card\" content=\"summary_large_image\" \/>\n<meta name=\"twitter:label1\" content=\"Tiempo de lectura\" \/>\n\t<meta name=\"twitter:data1\" content=\"4 minutos\" \/>\n<script type=\"application\/ld+json\" class=\"yoast-schema-graph\">{\"@context\":\"https:\/\/schema.org\",\"@graph\":[{\"@type\":\"WebPage\",\"@id\":\"https:\/\/irkohirashima.com.br\/corporate-finance\/\",\"url\":\"https:\/\/irkohirashima.com.br\/corporate-finance\/\",\"name\":\"Corporate Finance - Finan\u00e7as Corporativas\",\"isPartOf\":{\"@id\":\"https:\/\/irkohirashima.com.br\/#website\"},\"datePublished\":\"2020-09-28T17:49:02+00:00\",\"dateModified\":\"2023-04-13T16:07:46+00:00\",\"description\":\"As \u00e1reas de Finan\u00e7as das empresas devem participar de forma ativa na gest\u00e3o dos neg\u00f3cios, seja pela entrega eficaz de servi\u00e7os transacionais, pela maximiza\u00e7\u00e3o dos fluxos de caixa, pelo aux\u00edlio no planejamento, no suporte \u00e0 precifica\u00e7\u00e3o e gest\u00e3o de performance ou \u00e0 tomada de decis\u00e3o cr\u00edtica de neg\u00f3cios.\",\"breadcrumb\":{\"@id\":\"https:\/\/irkohirashima.com.br\/corporate-finance\/#breadcrumb\"},\"inLanguage\":\"es\",\"potentialAction\":[{\"@type\":\"ReadAction\",\"target\":[\"https:\/\/irkohirashima.com.br\/corporate-finance\/\"]}]},{\"@type\":\"BreadcrumbList\",\"@id\":\"https:\/\/irkohirashima.com.br\/corporate-finance\/#breadcrumb\",\"itemListElement\":[{\"@type\":\"ListItem\",\"position\":1,\"name\":\"Home\"},{\"@type\":\"ListItem\",\"position\":2,\"name\":\"Corporate Finance\"}]},{\"@type\":\"WebSite\",\"@id\":\"https:\/\/irkohirashima.com.br\/#website\",\"url\":\"https:\/\/irkohirashima.com.br\/\",\"name\":\"Irko Hirashima\",\"description\":\"Boutique de Advisory e Assurance\",\"publisher\":{\"@id\":\"https:\/\/irkohirashima.com.br\/#organization\"},\"potentialAction\":[{\"@type\":\"SearchAction\",\"target\":{\"@type\":\"EntryPoint\",\"urlTemplate\":\"https:\/\/irkohirashima.com.br\/?s={search_term_string}\"},\"query-input\":{\"@type\":\"PropertyValueSpecification\",\"valueRequired\":true,\"valueName\":\"search_term_string\"}}],\"inLanguage\":\"es\"},{\"@type\":\"Organization\",\"@id\":\"https:\/\/irkohirashima.com.br\/#organization\",\"name\":\"IRKO Hirashima\",\"url\":\"https:\/\/irkohirashima.com.br\/\",\"logo\":{\"@type\":\"ImageObject\",\"inLanguage\":\"es\",\"@id\":\"https:\/\/irkohirashima.com.br\/#\/schema\/logo\/image\/\",\"url\":\"https:\/\/irkohirashima.com.br\/wp-content\/uploads\/2021\/01\/irko-hirashima-colorido-2.png\",\"contentUrl\":\"https:\/\/irkohirashima.com.br\/wp-content\/uploads\/2021\/01\/irko-hirashima-colorido-2.png\",\"width\":442,\"height\":153,\"caption\":\"IRKO Hirashima\"},\"image\":{\"@id\":\"https:\/\/irkohirashima.com.br\/#\/schema\/logo\/image\/\"}}]}<\/script>\n<!-- \/ Yoast SEO plugin. -->","yoast_head_json":{"title":"Corporate Finance - Finan\u00e7as Corporativas","description":"As \u00e1reas de Finan\u00e7as das empresas devem participar de forma ativa na gest\u00e3o dos neg\u00f3cios, seja pela entrega eficaz de servi\u00e7os transacionais, pela maximiza\u00e7\u00e3o dos fluxos de caixa, pelo aux\u00edlio no planejamento, no suporte \u00e0 precifica\u00e7\u00e3o e gest\u00e3o de performance ou \u00e0 tomada de decis\u00e3o cr\u00edtica de neg\u00f3cios.","robots":{"index":"index","follow":"follow","max-snippet":"max-snippet:-1","max-image-preview":"max-image-preview:large","max-video-preview":"max-video-preview:-1"},"canonical":"https:\/\/irkohirashima.com.br\/es\/corporate-finance\/","og_locale":"es_ES","og_type":"article","og_title":"Corporate Finance - Finan\u00e7as Corporativas","og_description":"As \u00e1reas de Finan\u00e7as das empresas devem participar de forma ativa na gest\u00e3o dos neg\u00f3cios, seja pela entrega eficaz de servi\u00e7os transacionais, pela maximiza\u00e7\u00e3o dos fluxos de caixa, pelo aux\u00edlio no planejamento, no suporte \u00e0 precifica\u00e7\u00e3o e gest\u00e3o de performance ou \u00e0 tomada de decis\u00e3o cr\u00edtica de neg\u00f3cios.","og_url":"https:\/\/irkohirashima.com.br\/corporate-finance\/","og_site_name":"Irko Hirashima","article_modified_time":"2023-04-13T16:07:46+00:00","twitter_card":"summary_large_image","twitter_misc":{"Tiempo de lectura":"4 minutos"},"schema":{"@context":"https:\/\/schema.org","@graph":[{"@type":"WebPage","@id":"https:\/\/irkohirashima.com.br\/corporate-finance\/","url":"https:\/\/irkohirashima.com.br\/corporate-finance\/","name":"Corporate Finance - Finan\u00e7as Corporativas","isPartOf":{"@id":"https:\/\/irkohirashima.com.br\/#website"},"datePublished":"2020-09-28T17:49:02+00:00","dateModified":"2023-04-13T16:07:46+00:00","description":"As \u00e1reas de Finan\u00e7as das empresas devem participar de forma ativa na gest\u00e3o dos neg\u00f3cios, seja pela entrega eficaz de servi\u00e7os transacionais, pela maximiza\u00e7\u00e3o dos fluxos de caixa, pelo aux\u00edlio no planejamento, no suporte \u00e0 precifica\u00e7\u00e3o e gest\u00e3o de performance ou \u00e0 tomada de decis\u00e3o cr\u00edtica de neg\u00f3cios.","breadcrumb":{"@id":"https:\/\/irkohirashima.com.br\/corporate-finance\/#breadcrumb"},"inLanguage":"es","potentialAction":[{"@type":"ReadAction","target":["https:\/\/irkohirashima.com.br\/corporate-finance\/"]}]},{"@type":"BreadcrumbList","@id":"https:\/\/irkohirashima.com.br\/corporate-finance\/#breadcrumb","itemListElement":[{"@type":"ListItem","position":1,"name":"Home"},{"@type":"ListItem","position":2,"name":"Corporate Finance"}]},{"@type":"WebSite","@id":"https:\/\/irkohirashima.com.br\/#website","url":"https:\/\/irkohirashima.com.br\/","name":"Irko Hirashima","description":"Boutique de Advisory e Assurance","publisher":{"@id":"https:\/\/irkohirashima.com.br\/#organization"},"potentialAction":[{"@type":"SearchAction","target":{"@type":"EntryPoint","urlTemplate":"https:\/\/irkohirashima.com.br\/?s={search_term_string}"},"query-input":{"@type":"PropertyValueSpecification","valueRequired":true,"valueName":"search_term_string"}}],"inLanguage":"es"},{"@type":"Organization","@id":"https:\/\/irkohirashima.com.br\/#organization","name":"IRKO Hirashima","url":"https:\/\/irkohirashima.com.br\/","logo":{"@type":"ImageObject","inLanguage":"es","@id":"https:\/\/irkohirashima.com.br\/#\/schema\/logo\/image\/","url":"https:\/\/irkohirashima.com.br\/wp-content\/uploads\/2021\/01\/irko-hirashima-colorido-2.png","contentUrl":"https:\/\/irkohirashima.com.br\/wp-content\/uploads\/2021\/01\/irko-hirashima-colorido-2.png","width":442,"height":153,"caption":"IRKO Hirashima"},"image":{"@id":"https:\/\/irkohirashima.com.br\/#\/schema\/logo\/image\/"}}]}},"_links":{"self":[{"href":"https:\/\/irkohirashima.com.br\/es\/wp-json\/wp\/v2\/pages\/5654","targetHints":{"allow":["GET"]}}],"collection":[{"href":"https:\/\/irkohirashima.com.br\/es\/wp-json\/wp\/v2\/pages"}],"about":[{"href":"https:\/\/irkohirashima.com.br\/es\/wp-json\/wp\/v2\/types\/page"}],"author":[{"embeddable":true,"href":"https:\/\/irkohirashima.com.br\/es\/wp-json\/wp\/v2\/users\/1"}],"replies":[{"embeddable":true,"href":"https:\/\/irkohirashima.com.br\/es\/wp-json\/wp\/v2\/comments?post=5654"}],"version-history":[{"count":8,"href":"https:\/\/irkohirashima.com.br\/es\/wp-json\/wp\/v2\/pages\/5654\/revisions"}],"predecessor-version":[{"id":6446,"href":"https:\/\/irkohirashima.com.br\/es\/wp-json\/wp\/v2\/pages\/5654\/revisions\/6446"}],"wp:attachment":[{"href":"https:\/\/irkohirashima.com.br\/es\/wp-json\/wp\/v2\/media?parent=5654"}],"curies":[{"name":"wp","href":"https:\/\/api.w.org\/{rel}","templated":true}]}}