{"id":5651,"date":"2020-10-29T17:42:06","date_gmt":"2020-10-29T17:42:06","guid":{"rendered":"http:\/\/irkohirashima.com.br\/audit\/"},"modified":"2021-03-16T09:22:12","modified_gmt":"2021-03-16T12:22:12","slug":"audit","status":"publish","type":"page","link":"https:\/\/irkohirashima.com.br\/es\/audit\/","title":{"rendered":"Audit"},"content":{"rendered":"<p>[et_pb_section fb_built=\u00bb1&#8243; custom_padding_last_edited=\u00bboff|desktop\u00bb admin_label=\u00bbHeader\u00bb _builder_version=\u00bb4.8.2&#8243; use_background_color_gradient=\u00bbon\u00bb background_color_gradient_start=\u00bb#7c7c7c\u00bb background_color_gradient_end=\u00bbrgba(0,0,0,0)\u00bb background_color_gradient_direction=\u00bb360deg\u00bb background_color_gradient_overlays_image=\u00bbon\u00bb background_image=\u00bbhttp:\/\/irkohirashima.com.br\/wp-content\/uploads\/2021\/02\/audit.jpg\u00bb custom_padding=\u00bb6vw||8vw||false|false\u00bb custom_padding_tablet=\u00bb||||false|false\u00bb custom_padding_phone=\u00bb||||false|false\u00bb locked=\u00bboff\u00bb][et_pb_row column_structure=\u00bb1_2,1_2&#8243; make_equal=\u00bbon\u00bb _builder_version=\u00bb4.4.7&#8243; max_width=\u00bb1200px\u00bb custom_padding=\u00bb4%|0%|0px|4%|false|false\u00bb border_color_all=\u00bb#16252D\u00bb border_width_bottom=\u00bb8px\u00bb border_color_bottom=\u00bb#ffffff\u00bb border_width_left=\u00bb8px\u00bb border_color_left=\u00bb#ffffff\u00bb locked=\u00bboff\u00bb][et_pb_column type=\u00bb1_2&#8243; _builder_version=\u00bb4.4.7&#8243; custom_padding=\u00bb||4%||false|false\u00bb][et_pb_text _builder_version=\u00bb4.8.1&#8243; header_font=\u00bb|600||on|||||\u00bb header_text_color=\u00bb#ffffff\u00bb header_font_size=\u00bb60px\u00bb header_letter_spacing=\u00bb2px\u00bb header_line_height=\u00bb1.2em\u00bb background_layout=\u00bbdark\u00bb header_font_size_tablet=\u00bb40px\u00bb header_font_size_phone=\u00bb24px\u00bb header_font_size_last_edited=\u00bbon|phone\u00bb locked=\u00bboff\u00bb]<\/p>\n<h1>Audit<span style=\"font-size: 16px;\">\u00a0<\/span><\/h1>\n<p>[\/et_pb_text][\/et_pb_column][et_pb_column type=\u00bb1_2&#8243; _builder_version=\u00bb4.4.7&#8243;][et_pb_button button_url=\u00bb#form-contato\u00bb button_text=\u00bbEntre en contacto\u00bb button_alignment=\u00bbright\u00bb _builder_version=\u00bb4.9.2&#8243; custom_button=\u00bbon\u00bb button_text_size=\u00bb14px\u00bb button_text_color=\u00bb#ffffff\u00bb button_bg_color=\u00bbrgba(0,0,0,0)\u00bb button_border_width=\u00bb8px\u00bb button_border_color=\u00bb#ffffff\u00bb button_border_radius=\u00bb0px\u00bb button_letter_spacing=\u00bb5px\u00bb button_font=\u00bb|700||on|||||\u00bb positioning=\u00bbabsolute\u00bb position_origin_a=\u00bbbottom_right\u00bb vertical_offset=\u00bb-8px\u00bb position_origin_a_tablet=\u00bb\u00bb position_origin_a_phone=\u00bb\u00bb position_origin_a_last_edited=\u00bbon|tablet\u00bb position_origin_f_tablet=\u00bb\u00bb position_origin_f_phone=\u00bb\u00bb position_origin_f_last_edited=\u00bbon|tablet\u00bb position_origin_r_tablet=\u00bbbottom_right\u00bb position_origin_r_phone=\u00bb\u00bb position_origin_r_last_edited=\u00bbon|tablet\u00bb custom_margin=\u00bb||||false|false\u00bb custom_margin_tablet=\u00bb|||0px|false|false\u00bb custom_margin_last_edited=\u00bboff|desktop\u00bb custom_padding=\u00bb20px|30px|20px|30px|true|true\u00bb hover_enabled=\u00bb0&#8243; positioning_tablet=\u00bbrelative\u00bb positioning_phone=\u00bb\u00bb positioning_last_edited=\u00bbon|tablet\u00bb locked=\u00bboff\u00bb sticky_enabled=\u00bb0&#8243;][\/et_pb_button][\/et_pb_column][\/et_pb_row][\/et_pb_section][et_pb_section fb_built=\u00bb1&#8243; admin_label=\u00bbFeatures\u00bb _builder_version=\u00bb4.4.7&#8243; custom_margin=\u00bb53px|||||\u00bb locked=\u00bboff\u00bb][et_pb_row use_custom_gutter=\u00bbon\u00bb gutter_width=\u00bb2&#8243; _builder_version=\u00bb4.4.7&#8243; custom_margin=\u00bb-10vw||||false|false\u00bb custom_padding=\u00bb||0px|||\u00bb][et_pb_column type=\u00bb4_4&#8243; _builder_version=\u00bb4.4.7&#8243; background_color=\u00bb#f4f4f5&#8243; custom_padding=\u00bb30px|30px|30px|30px|true|true\u00bb custom_padding_tablet=\u00bb30px|30px|30px|30px|true|true\u00bb custom_padding_phone=\u00bb20px|20px|20px|20px|true|true\u00bb custom_padding_last_edited=\u00bbon|phone\u00bb][et_pb_text _builder_version=\u00bb4.9.2&#8243; _module_preset=\u00bbdefault\u00bb text_font_size=\u00bb16px\u00bb hover_enabled=\u00bb0&#8243; sticky_enabled=\u00bb0&#8243;]<\/p>\n<p>El objetivo de la auditor\u00eda independiente es dar confianza y credibilidad a las informaciones financieras suministradas por las empresas a los interesados como: bancos, inversionistas, proveedores, al gobierno y a los dem\u00e1s relacionados.<\/p>\n<p>[\/et_pb_text][\/et_pb_column][\/et_pb_row][et_pb_row column_structure=\u00bb1_2,1_2&#8243; _builder_version=\u00bb4.6.3&#8243; _module_preset=\u00bbdefault\u00bb][et_pb_column type=\u00bb1_2&#8243; _builder_version=\u00bb4.6.3&#8243; _module_preset=\u00bbdefault\u00bb][et_pb_toggle title=\u00bbAuditor\u00eda Independiente\u00bb open_toggle_text_color=\u00bb#F58345&#8243; open_toggle_background_color=\u00bb#fcfcfc\u00bb closed_toggle_background_color=\u00bb#FFFFFF\u00bb icon_color=\u00bb#000000&#8243; _builder_version=\u00bb4.9.2&#8243; _module_preset=\u00bbdefault\u00bb title_font=\u00bb|700|||||||\u00bb closed_title_font=\u00bb|700|||||||\u00bb background_color=\u00bb#ffffff\u00bb hover_enabled=\u00bb0&#8243; border_width_all=\u00bb0px\u00bb border_width_bottom=\u00bb2px\u00bb sticky_enabled=\u00bb0&#8243;]<\/p>\n<p>Una empresa auditada provee a los lectores de sus estados financieros m\u00e1s confianza y credibilidad.<\/p>\n<p>En un entorno altamente competitivo y en un escenario regulador cada vez m\u00e1s r\u00edgido, las empresas que adopten la pr\u00e1ctica de tener sus n\u00fameros examinados por auditores independientes se mantendr\u00e1n por delante de la competencia, porque tendr\u00e1n n\u00fameros m\u00e1s confiables para presentar a los inversionistas, clientes y proveedores. Los informes de auditor\u00eda independientes son generalmente emitidos anualmente, en el cierre del ejercicio de la empresa o por determinaci\u00f3n de alg\u00fan organismo regulador, en forma trimestral o semestral.<\/p>\n<p>[\/et_pb_toggle][et_pb_toggle title=\u00bbRevisi\u00f3n limitada\u00bb open_toggle_text_color=\u00bb#F58345&#8243; open_toggle_background_color=\u00bb#fcfcfc\u00bb closed_toggle_background_color=\u00bb#FFFFFF\u00bb icon_color=\u00bb#000000&#8243; _builder_version=\u00bb4.9.2&#8243; _module_preset=\u00bbdefault\u00bb title_font=\u00bb|700|||||||\u00bb closed_title_font=\u00bb|700|||||||\u00bb background_color=\u00bb#ffffff\u00bb hover_enabled=\u00bb0&#8243; border_width_all=\u00bb0px\u00bb border_width_bottom=\u00bb2px\u00bb sticky_enabled=\u00bb0&#8243;]<\/p>\n<p>En determinadas circunstancias (urgencia, pocos recursos financieros para invertir en auditor\u00eda, preparaci\u00f3n de la empresa para seguir las reglas de compliance), la revisi\u00f3n limitada supone una alternativa a la auditor\u00eda completa, pues provee una seguridad limitada del Estado Contable y no son aplicados todos los procedimientos de una Auditor\u00eda independiente.<br \/> Si usted nunca pas\u00f3 por un proceso de auditor\u00eda, considere comenzar con una revisi\u00f3n limitada.<\/p>\n<p>[\/et_pb_toggle][et_pb_toggle title=\u00bbProcedimientos previamente pactados\u00bb open_toggle_text_color=\u00bb#F58345&#8243; open_toggle_background_color=\u00bb#fcfcfc\u00bb closed_toggle_background_color=\u00bb#FFFFFF\u00bb icon_color=\u00bb#000000&#8243; _builder_version=\u00bb4.9.2&#8243; _module_preset=\u00bbdefault\u00bb title_font=\u00bb|700|||||||\u00bb closed_title_font=\u00bb|700|||||||\u00bb background_color=\u00bb#ffffff\u00bb hover_enabled=\u00bb0&#8243; border_width_all=\u00bb0px\u00bb border_width_bottom=\u00bb2px\u00bb sticky_enabled=\u00bb0&#8243;]<\/p>\n<p>Aquellos conflictos que requieran la validaci\u00f3n de terceros, ya sea para su uso en procesos judiciales, confirmaci\u00f3n de acuerdos o contratos, soluci\u00f3n de problemas familiares u otras situaciones, pueden resolverse de forma muy objetiva y directa, por medio de procedimientos previamente pactados.<\/p>\n<p>Este tipo de servicio comprende los trabajos sobre informaciones contables o no, con la emisi\u00f3n posterior de un informe con los descubrimientos de hechos espec\u00edficamente constatados.<br \/> Los trabajos pueden incluir la aplicaci\u00f3n por parte del auditor de ciertos procedimientos relacionados con los \u00edtems de los datos financieros, un estado contable aislado o hasta un conjunto completo de estados contables.<\/p>\n<p>[\/et_pb_toggle][\/et_pb_column][et_pb_column type=\u00bb1_2&#8243; _builder_version=\u00bb4.6.3&#8243; _module_preset=\u00bbdefault\u00bb][et_pb_toggle title=\u00bbLaudo contable\u00bb open_toggle_text_color=\u00bb#F58345&#8243; open_toggle_background_color=\u00bb#fcfcfc\u00bb closed_toggle_background_color=\u00bb#FFFFFF\u00bb icon_color=\u00bb#000000&#8243; _builder_version=\u00bb4.9.2&#8243; _module_preset=\u00bbdefault\u00bb title_font=\u00bb|700|||||||\u00bb closed_title_font=\u00bb|700|||||||\u00bb background_color=\u00bb#ffffff\u00bb hover_enabled=\u00bb0&#8243; border_width_all=\u00bb0px\u00bb border_width_bottom=\u00bb2px\u00bb sticky_enabled=\u00bb0&#8243;]<\/p>\n<p>Las autoridades fiscales determinan que todas las transacciones societarias sean respaldadas por laudos contables.<br \/> Si usted est\u00e1 planeando alg\u00fan tipo de reestructuraci\u00f3n societaria, nosotros podemos ayudarle con la emisi\u00f3n de laudos de evaluaci\u00f3n contable relacionados con las fusiones, escisiones, incorporaciones y aumentos de capital. Nuestra experiencia como proveedores contables nos permite proveer tambi\u00e9n, todo el soporte legal y paralegal aplicable.<br \/> Laudo de evaluaci\u00f3n a valor justo, valuation &amp; purchase Price allocation<\/p>\n<p>[\/et_pb_toggle][et_pb_toggle title=\u00bbGarant\u00eda limitada del informe de sustentabilidad\u00bb open_toggle_text_color=\u00bb#F58345&#8243; open_toggle_background_color=\u00bb#fcfcfc\u00bb closed_toggle_background_color=\u00bb#FFFFFF\u00bb icon_color=\u00bb#000000&#8243; _builder_version=\u00bb4.9.2&#8243; _module_preset=\u00bbdefault\u00bb title_font=\u00bb|700|||||||\u00bb closed_title_font=\u00bb|700|||||||\u00bb background_color=\u00bb#ffffff\u00bb hover_enabled=\u00bb0&#8243; border_width_all=\u00bb0px\u00bb border_width_bottom=\u00bb2px\u00bb sticky_enabled=\u00bb0&#8243;]<\/p>\n<p>La preocupaci\u00f3n con el medio ambiente afecta cada vez m\u00e1s a los negocios en los que actuamos. Ya sea por medio de exigencias<\/p>\n<p>Ejecuci\u00f3n de trabajos y la emisi\u00f3n de informes de aseguramiento limitado sobre informaciones relacionadas con la sustentabilidad.<\/p>\n<p>[\/et_pb_toggle][\/et_pb_column][\/et_pb_row][\/et_pb_section][et_pb_section fb_built=\u00bb1&#8243; _builder_version=\u00bb4.6.3&#8243; _module_preset=\u00bbdefault\u00bb background_color=\u00bb#9c9c9c\u00bb custom_padding=\u00bb0px||1px|||\u00bb saved_tabs=\u00bball\u00bb global_module=\u00bb5634&#8243;][et_pb_row module_id=\u00bbform-contato\u00bb _builder_version=\u00bb4.8.1&#8243; _module_preset=\u00bbdefault\u00bb][et_pb_column type=\u00bb4_4&#8243; _builder_version=\u00bb4.6.3&#8243; _module_preset=\u00bbdefault\u00bb][et_pb_contact_form use_spam_service=\u00bbon\u00bb recaptcha_list=\u00bbDefault|Default-0&#8243; email=\u00bbatendimento@irkohirashima.com.br\u00bb title=\u00bb\u00bfQuieres saber m\u00e1s? \u00a1Comun\u00edquese con el l\u00edder de pr\u00e1ctica!\u00bb custom_message=\u00bbMensagem enviada pelo site||et_pb_line_break_holder||Nome: %%name%%||et_pb_line_break_holder||Email: %%email%%||et_pb_line_break_holder||Telefone: %%telefone%%||et_pb_line_break_holder||Empresa: %%empresa%%||et_pb_line_break_holder||Mensagem: %%message%%\u00bb success_message=\u00bbMensaje enviado correctamente!\u00bb submit_button_text=\u00bbEnviar\u00bb _builder_version=\u00bb4.8.2&#8243; _module_preset=\u00bbdefault\u00bb title_text_align=\u00bbcenter\u00bb title_text_color=\u00bb#FFFFFF\u00bb title_line_height=\u00bb1.3em\u00bb captcha_text_color=\u00bb#FFFFFF\u00bb custom_button=\u00bbon\u00bb button_text_color=\u00bb#FFFFFF\u00bb custom_padding=\u00bb5%||5%||false|false\u00bb][et_pb_contact_field field_id=\u00bbName\u00bb field_title=\u00bbNombre\u00bb fullwidth_field=\u00bbon\u00bb _builder_version=\u00bb4.8.2&#8243; button_text_size__hover_enabled=\u00bboff\u00bb button_one_text_size__hover_enabled=\u00bboff\u00bb button_two_text_size__hover_enabled=\u00bboff\u00bb button_text_color__hover_enabled=\u00bboff\u00bb button_one_text_color__hover_enabled=\u00bboff\u00bb button_two_text_color__hover_enabled=\u00bboff\u00bb button_border_width__hover_enabled=\u00bboff\u00bb button_one_border_width__hover_enabled=\u00bboff\u00bb button_two_border_width__hover_enabled=\u00bboff\u00bb button_border_color__hover_enabled=\u00bboff\u00bb button_one_border_color__hover_enabled=\u00bboff\u00bb button_two_border_color__hover_enabled=\u00bboff\u00bb button_border_radius__hover_enabled=\u00bboff\u00bb button_one_border_radius__hover_enabled=\u00bboff\u00bb button_two_border_radius__hover_enabled=\u00bboff\u00bb button_letter_spacing__hover_enabled=\u00bboff\u00bb button_one_letter_spacing__hover_enabled=\u00bboff\u00bb button_two_letter_spacing__hover_enabled=\u00bboff\u00bb button_bg_color__hover_enabled=\u00bboff\u00bb button_one_bg_color__hover_enabled=\u00bboff\u00bb button_two_bg_color__hover_enabled=\u00bboff\u00bb][\/et_pb_contact_field][et_pb_contact_field field_id=\u00bbEmail\u00bb field_title=\u00bbEmail \u00bb field_type=\u00bbemail\u00bb _builder_version=\u00bb4.8.1&#8243; button_text_size__hover_enabled=\u00bboff\u00bb button_one_text_size__hover_enabled=\u00bboff\u00bb button_two_text_size__hover_enabled=\u00bboff\u00bb button_text_color__hover_enabled=\u00bboff\u00bb button_one_text_color__hover_enabled=\u00bboff\u00bb button_two_text_color__hover_enabled=\u00bboff\u00bb button_border_width__hover_enabled=\u00bboff\u00bb button_one_border_width__hover_enabled=\u00bboff\u00bb button_two_border_width__hover_enabled=\u00bboff\u00bb button_border_color__hover_enabled=\u00bboff\u00bb button_one_border_color__hover_enabled=\u00bboff\u00bb button_two_border_color__hover_enabled=\u00bboff\u00bb button_border_radius__hover_enabled=\u00bboff\u00bb button_one_border_radius__hover_enabled=\u00bboff\u00bb button_two_border_radius__hover_enabled=\u00bboff\u00bb button_letter_spacing__hover_enabled=\u00bboff\u00bb button_one_letter_spacing__hover_enabled=\u00bboff\u00bb button_two_letter_spacing__hover_enabled=\u00bboff\u00bb button_bg_color__hover_enabled=\u00bboff\u00bb button_one_bg_color__hover_enabled=\u00bboff\u00bb button_two_bg_color__hover_enabled=\u00bboff\u00bb][\/et_pb_contact_field][et_pb_contact_field field_id=\u00bbTelefone\u00bb field_title=\u00bbTel\u00e9fono\u00bb required_mark=\u00bboff\u00bb _builder_version=\u00bb4.8.2&#8243; _module_preset=\u00bbdefault\u00bb][\/et_pb_contact_field][et_pb_contact_field field_id=\u00bbEmpresa\u00bb field_title=\u00bbEmpresa\u00bb required_mark=\u00bboff\u00bb fullwidth_field=\u00bbon\u00bb _builder_version=\u00bb4.8.1&#8243; _module_preset=\u00bbdefault\u00bb][\/et_pb_contact_field][et_pb_contact_field field_id=\u00bbMessage\u00bb field_title=\u00bbMensaje\u00bb field_type=\u00bbtext\u00bb fullwidth_field=\u00bbon\u00bb _builder_version=\u00bb4.8.2&#8243; button_text_size__hover_enabled=\u00bboff\u00bb button_one_text_size__hover_enabled=\u00bboff\u00bb button_two_text_size__hover_enabled=\u00bboff\u00bb button_text_color__hover_enabled=\u00bboff\u00bb button_one_text_color__hover_enabled=\u00bboff\u00bb button_two_text_color__hover_enabled=\u00bboff\u00bb button_border_width__hover_enabled=\u00bboff\u00bb button_one_border_width__hover_enabled=\u00bboff\u00bb button_two_border_width__hover_enabled=\u00bboff\u00bb button_border_color__hover_enabled=\u00bboff\u00bb button_one_border_color__hover_enabled=\u00bboff\u00bb button_two_border_color__hover_enabled=\u00bboff\u00bb button_border_radius__hover_enabled=\u00bboff\u00bb button_one_border_radius__hover_enabled=\u00bboff\u00bb button_two_border_radius__hover_enabled=\u00bboff\u00bb button_letter_spacing__hover_enabled=\u00bboff\u00bb button_one_letter_spacing__hover_enabled=\u00bboff\u00bb button_two_letter_spacing__hover_enabled=\u00bboff\u00bb button_bg_color__hover_enabled=\u00bboff\u00bb button_one_bg_color__hover_enabled=\u00bboff\u00bb button_two_bg_color__hover_enabled=\u00bboff\u00bb][\/et_pb_contact_field][\/et_pb_contact_form][\/et_pb_column][\/et_pb_row][\/et_pb_section]<\/p>\n","protected":false},"excerpt":{"rendered":"<p>Audit\u00a0El objetivo de la auditor\u00eda independiente es dar confianza y credibilidad a las informaciones financieras suministradas por las empresas a los interesados como: bancos, inversionistas, proveedores, al gobierno y a los dem\u00e1s relacionados.Una empresa auditada provee a los lectores de sus estados financieros m\u00e1s confianza y credibilidad. En un entorno altamente competitivo y en un [&hellip;]<\/p>\n","protected":false},"author":1,"featured_media":0,"parent":0,"menu_order":0,"comment_status":"closed","ping_status":"closed","template":"","meta":{"_et_pb_use_builder":"on","_et_pb_old_content":"","_et_gb_content_width":"","footnotes":""},"class_list":["post-5651","page","type-page","status-publish","hentry"],"yoast_head":"<!-- This site is optimized with the Yoast SEO plugin v26.4 - https:\/\/yoast.com\/wordpress\/plugins\/seo\/ -->\n<title>Audit - Auditoria<\/title>\n<meta name=\"description\" content=\"O objetivo da auditoria independente \u00e9 dar confian\u00e7a e credibilidade \u00e0s informa\u00e7\u00f5es financeiras fornecidas pelas empresas aos interessados como bancos, investidores, fornecedores, governo e os demais relacionados.\" \/>\n<meta name=\"robots\" content=\"index, follow, max-snippet:-1, max-image-preview:large, max-video-preview:-1\" \/>\n<link rel=\"canonical\" href=\"\/\" \/>\n<meta property=\"og:locale\" content=\"es_ES\" \/>\n<meta property=\"og:type\" content=\"article\" \/>\n<meta property=\"og:title\" content=\"Audit - Auditoria\" \/>\n<meta property=\"og:description\" content=\"O objetivo da auditoria independente \u00e9 dar confian\u00e7a e credibilidade \u00e0s informa\u00e7\u00f5es financeiras fornecidas pelas empresas aos interessados como bancos, investidores, fornecedores, governo e os demais relacionados.\" \/>\n<meta property=\"og:site_name\" content=\"Irko Hirashima\" \/>\n<meta property=\"article:modified_time\" content=\"2021-03-16T12:22:12+00:00\" \/>\n<meta name=\"twitter:card\" content=\"summary_large_image\" \/>\n<meta name=\"twitter:label1\" content=\"Tiempo de lectura\" \/>\n\t<meta name=\"twitter:data1\" content=\"4 minutos\" \/>\n<script type=\"application\/ld+json\" class=\"yoast-schema-graph\">{\"@context\":\"https:\/\/schema.org\",\"@graph\":[{\"@type\":\"WebPage\",\"@id\":null,\"url\":null,\"name\":\"Audit - Auditoria\",\"isPartOf\":{\"@id\":\"https:\/\/irkohirashima.com.br\/#website\"},\"datePublished\":\"2020-10-29T17:42:06+00:00\",\"dateModified\":\"2021-03-16T12:22:12+00:00\",\"description\":\"O objetivo da auditoria independente \u00e9 dar confian\u00e7a e credibilidade \u00e0s informa\u00e7\u00f5es financeiras fornecidas pelas empresas aos interessados como bancos, investidores, fornecedores, governo e os demais relacionados.\",\"breadcrumb\":{\"@id\":\"#breadcrumb\"},\"inLanguage\":\"es\",\"potentialAction\":[{\"@type\":\"ReadAction\",\"target\":[null]}]},{\"@type\":\"BreadcrumbList\",\"@id\":\"#breadcrumb\",\"itemListElement\":[{\"@type\":\"ListItem\",\"position\":1,\"name\":\"Home\"},{\"@type\":\"ListItem\",\"position\":2,\"name\":\"Audit\"}]},{\"@type\":\"WebSite\",\"@id\":\"https:\/\/irkohirashima.com.br\/#website\",\"url\":\"https:\/\/irkohirashima.com.br\/\",\"name\":\"Irko Hirashima\",\"description\":\"Boutique de Advisory e Assurance\",\"publisher\":{\"@id\":\"https:\/\/irkohirashima.com.br\/#organization\"},\"potentialAction\":[{\"@type\":\"SearchAction\",\"target\":{\"@type\":\"EntryPoint\",\"urlTemplate\":\"https:\/\/irkohirashima.com.br\/?s={search_term_string}\"},\"query-input\":{\"@type\":\"PropertyValueSpecification\",\"valueRequired\":true,\"valueName\":\"search_term_string\"}}],\"inLanguage\":\"es\"},{\"@type\":\"Organization\",\"@id\":\"https:\/\/irkohirashima.com.br\/#organization\",\"name\":\"IRKO Hirashima\",\"url\":\"https:\/\/irkohirashima.com.br\/\",\"logo\":{\"@type\":\"ImageObject\",\"inLanguage\":\"es\",\"@id\":\"https:\/\/irkohirashima.com.br\/#\/schema\/logo\/image\/\",\"url\":\"https:\/\/irkohirashima.com.br\/wp-content\/uploads\/2021\/01\/irko-hirashima-colorido-2.png\",\"contentUrl\":\"https:\/\/irkohirashima.com.br\/wp-content\/uploads\/2021\/01\/irko-hirashima-colorido-2.png\",\"width\":442,\"height\":153,\"caption\":\"IRKO Hirashima\"},\"image\":{\"@id\":\"https:\/\/irkohirashima.com.br\/#\/schema\/logo\/image\/\"}}]}<\/script>\n<!-- \/ Yoast SEO plugin. -->","yoast_head_json":{"title":"Audit - Auditoria","description":"O objetivo da auditoria independente \u00e9 dar confian\u00e7a e credibilidade \u00e0s informa\u00e7\u00f5es financeiras fornecidas pelas empresas aos interessados como bancos, investidores, fornecedores, governo e os demais relacionados.","robots":{"index":"index","follow":"follow","max-snippet":"max-snippet:-1","max-image-preview":"max-image-preview:large","max-video-preview":"max-video-preview:-1"},"canonical":"\/","og_locale":"es_ES","og_type":"article","og_title":"Audit - Auditoria","og_description":"O objetivo da auditoria independente \u00e9 dar confian\u00e7a e credibilidade \u00e0s informa\u00e7\u00f5es financeiras fornecidas pelas empresas aos interessados como bancos, investidores, fornecedores, governo e os demais relacionados.","og_site_name":"Irko Hirashima","article_modified_time":"2021-03-16T12:22:12+00:00","twitter_card":"summary_large_image","twitter_misc":{"Tiempo de lectura":"4 minutos"},"schema":{"@context":"https:\/\/schema.org","@graph":[{"@type":"WebPage","@id":null,"url":null,"name":"Audit - Auditoria","isPartOf":{"@id":"https:\/\/irkohirashima.com.br\/#website"},"datePublished":"2020-10-29T17:42:06+00:00","dateModified":"2021-03-16T12:22:12+00:00","description":"O objetivo da auditoria independente \u00e9 dar confian\u00e7a e credibilidade \u00e0s informa\u00e7\u00f5es financeiras fornecidas pelas empresas aos interessados como bancos, investidores, fornecedores, governo e os demais relacionados.","breadcrumb":{"@id":"#breadcrumb"},"inLanguage":"es","potentialAction":[{"@type":"ReadAction","target":[null]}]},{"@type":"BreadcrumbList","@id":"#breadcrumb","itemListElement":[{"@type":"ListItem","position":1,"name":"Home"},{"@type":"ListItem","position":2,"name":"Audit"}]},{"@type":"WebSite","@id":"https:\/\/irkohirashima.com.br\/#website","url":"https:\/\/irkohirashima.com.br\/","name":"Irko Hirashima","description":"Boutique de Advisory e Assurance","publisher":{"@id":"https:\/\/irkohirashima.com.br\/#organization"},"potentialAction":[{"@type":"SearchAction","target":{"@type":"EntryPoint","urlTemplate":"https:\/\/irkohirashima.com.br\/?s={search_term_string}"},"query-input":{"@type":"PropertyValueSpecification","valueRequired":true,"valueName":"search_term_string"}}],"inLanguage":"es"},{"@type":"Organization","@id":"https:\/\/irkohirashima.com.br\/#organization","name":"IRKO Hirashima","url":"https:\/\/irkohirashima.com.br\/","logo":{"@type":"ImageObject","inLanguage":"es","@id":"https:\/\/irkohirashima.com.br\/#\/schema\/logo\/image\/","url":"https:\/\/irkohirashima.com.br\/wp-content\/uploads\/2021\/01\/irko-hirashima-colorido-2.png","contentUrl":"https:\/\/irkohirashima.com.br\/wp-content\/uploads\/2021\/01\/irko-hirashima-colorido-2.png","width":442,"height":153,"caption":"IRKO Hirashima"},"image":{"@id":"https:\/\/irkohirashima.com.br\/#\/schema\/logo\/image\/"}}]}},"_links":{"self":[{"href":"https:\/\/irkohirashima.com.br\/es\/wp-json\/wp\/v2\/pages\/5651","targetHints":{"allow":["GET"]}}],"collection":[{"href":"https:\/\/irkohirashima.com.br\/es\/wp-json\/wp\/v2\/pages"}],"about":[{"href":"https:\/\/irkohirashima.com.br\/es\/wp-json\/wp\/v2\/types\/page"}],"author":[{"embeddable":true,"href":"https:\/\/irkohirashima.com.br\/es\/wp-json\/wp\/v2\/users\/1"}],"replies":[{"embeddable":true,"href":"https:\/\/irkohirashima.com.br\/es\/wp-json\/wp\/v2\/comments?post=5651"}],"version-history":[{"count":1,"href":"https:\/\/irkohirashima.com.br\/es\/wp-json\/wp\/v2\/pages\/5651\/revisions"}],"predecessor-version":[{"id":5653,"href":"https:\/\/irkohirashima.com.br\/es\/wp-json\/wp\/v2\/pages\/5651\/revisions\/5653"}],"wp:attachment":[{"href":"https:\/\/irkohirashima.com.br\/es\/wp-json\/wp\/v2\/media?parent=5651"}],"curies":[{"name":"wp","href":"https:\/\/api.w.org\/{rel}","templated":true}]}}