{"id":5563,"date":"2020-10-29T17:32:51","date_gmt":"2020-10-29T17:32:51","guid":{"rendered":"http:\/\/irkohirashima.com.br\/transaction-services\/"},"modified":"2021-03-08T15:42:19","modified_gmt":"2021-03-08T18:42:19","slug":"transaction-services","status":"publish","type":"page","link":"https:\/\/irkohirashima.com.br\/en\/transaction-services\/","title":{"rendered":"Transaction Services"},"content":{"rendered":"<p>[et_pb_section fb_built=&#8221;1&#8243; custom_padding_last_edited=&#8221;off|desktop&#8221; admin_label=&#8221;Header&#8221; _builder_version=&#8221;4.8.1&#8243; use_background_color_gradient=&#8221;on&#8221; background_color_gradient_start=&#8221;#f58345&#8243; background_color_gradient_end=&#8221;rgba(0,0,0,0)&#8221; background_color_gradient_direction=&#8221;360deg&#8221; background_color_gradient_overlays_image=&#8221;on&#8221; background_image=&#8221;http:\/\/irkohirashima.com.br\/wp-content\/uploads\/2021\/01\/transaction-services.jpg&#8221; custom_padding=&#8221;6vw||8vw||false|false&#8221; custom_padding_tablet=&#8221;||||false|false&#8221; custom_padding_phone=&#8221;||||false|false&#8221; locked=&#8221;off&#8221;][et_pb_row column_structure=&#8221;1_2,1_2&#8243; make_equal=&#8221;on&#8221; _builder_version=&#8221;4.4.7&#8243; max_width=&#8221;1200px&#8221; custom_padding=&#8221;4%|0%|0px|4%|false|false&#8221; border_color_all=&#8221;#16252D&#8221; border_width_bottom=&#8221;8px&#8221; border_color_bottom=&#8221;#ffffff&#8221; border_width_left=&#8221;8px&#8221; border_color_left=&#8221;#ffffff&#8221; locked=&#8221;off&#8221;][et_pb_column type=&#8221;1_2&#8243; _builder_version=&#8221;4.4.7&#8243; custom_padding=&#8221;||4%||false|false&#8221;][et_pb_text _builder_version=&#8221;4.8.1&#8243; header_font=&#8221;|600||on|||||&#8221; header_text_color=&#8221;#ffffff&#8221; header_font_size=&#8221;60px&#8221; header_letter_spacing=&#8221;2px&#8221; header_line_height=&#8221;1.2em&#8221; background_layout=&#8221;dark&#8221; header_font_size_tablet=&#8221;40px&#8221; header_font_size_phone=&#8221;24px&#8221; header_font_size_last_edited=&#8221;on|phone&#8221; locked=&#8221;off&#8221;]<\/p>\n<h1>Transaction Services<\/h1>\n<p>&nbsp;[\/et_pb_text][\/et_pb_column][et_pb_column type=&#8221;1_2&#8243; _builder_version=&#8221;4.4.7&#8243;][et_pb_button button_url=&#8221;#form-contato&#8221; button_text=&#8221;Contact Us&#8221; button_alignment=&#8221;right&#8221; _builder_version=&#8221;4.8.2&#8243; custom_button=&#8221;on&#8221; button_text_size=&#8221;14px&#8221; button_text_color=&#8221;#ffffff&#8221; button_bg_color=&#8221;rgba(0,0,0,0)&#8221; button_border_width=&#8221;8px&#8221; button_border_color=&#8221;#ffffff&#8221; button_border_radius=&#8221;0px&#8221; button_letter_spacing=&#8221;5px&#8221; button_font=&#8221;|700||on|||||&#8221; positioning=&#8221;absolute&#8221; position_origin_a=&#8221;bottom_right&#8221; vertical_offset=&#8221;-8px&#8221; position_origin_a_tablet=&#8221;&#8221; position_origin_a_phone=&#8221;&#8221; position_origin_a_last_edited=&#8221;on|tablet&#8221; position_origin_f_tablet=&#8221;&#8221; position_origin_f_phone=&#8221;&#8221; position_origin_f_last_edited=&#8221;on|tablet&#8221; position_origin_r_tablet=&#8221;bottom_right&#8221; position_origin_r_phone=&#8221;&#8221; position_origin_r_last_edited=&#8221;on|tablet&#8221; custom_margin=&#8221;||||false|false&#8221; custom_margin_tablet=&#8221;|||0px|false|false&#8221; custom_margin_last_edited=&#8221;off|desktop&#8221; custom_padding=&#8221;20px|30px|20px|30px|true|true&#8221; hover_enabled=&#8221;0&#8243; positioning_tablet=&#8221;relative&#8221; positioning_phone=&#8221;&#8221; positioning_last_edited=&#8221;on|tablet&#8221; locked=&#8221;off&#8221; sticky_enabled=&#8221;0&#8243;][\/et_pb_button][\/et_pb_column][\/et_pb_row][\/et_pb_section][et_pb_section fb_built=&#8221;1&#8243; admin_label=&#8221;Features&#8221; _builder_version=&#8221;4.4.7&#8243; custom_margin=&#8221;53px|||||&#8221; locked=&#8221;off&#8221;][et_pb_row use_custom_gutter=&#8221;on&#8221; gutter_width=&#8221;2&#8243; _builder_version=&#8221;4.4.7&#8243; custom_margin=&#8221;-10vw||||false|false&#8221; custom_padding=&#8221;||0px|||&#8221;][et_pb_column type=&#8221;4_4&#8243; _builder_version=&#8221;4.4.7&#8243; background_color=&#8221;#f4f4f5&#8243; custom_padding=&#8221;30px|30px|30px|30px|true|true&#8221; custom_padding_tablet=&#8221;30px|30px|30px|30px|true|true&#8221; custom_padding_phone=&#8221;20px|20px|20px|20px|true|true&#8221; custom_padding_last_edited=&#8221;on|phone&#8221;][et_pb_text _builder_version=&#8221;4.8.1&#8243; _module_preset=&#8221;default&#8221; text_font_size=&#8221;16px&#8221;]<\/p>\n<p>Working in a market with an increasingly competitive globalized economy, where the pursuit of positive results is crucial, one of the growth options for companies and investment funds is to acquire new companies or lines of business. The valuation of the assets and liabilities that will be acquired, as well as the price and the bottom line of the company to be bought or sold are necessary information to be successful in any negotiation.<span style=\"font-size: 16px;\">\u00a0<\/span><\/p>\n<p>IRKO Hirashima offers its customers Due Diligence models that fit all company sizes and business activities.<\/p>\n<p>[\/et_pb_text][\/et_pb_column][\/et_pb_row][et_pb_row column_structure=&#8221;1_2,1_2&#8243; _builder_version=&#8221;4.8.1&#8243; _module_preset=&#8221;default&#8221;][et_pb_column type=&#8221;1_2&#8243; _builder_version=&#8221;4.8.1&#8243; _module_preset=&#8221;default&#8221; background_color=&#8221;#f4f4f5&#8243; custom_padding=&#8221;2%|2%|2%|2%|false|false&#8221;][et_pb_text _builder_version=&#8221;4.8.2&#8243; _module_preset=&#8221;default&#8221; hover_enabled=&#8221;0&#8243; sticky_enabled=&#8221;0&#8243;]<\/p>\n<p><b>Due<\/b> <b>diligence<\/b><\/p>\n<p>Due diligence is a set of accounting, financial, tax, labor and social security analyses based on historical data, designed to provide investors with the information necessary for decision making.\u00a0<\/p>\n<p><strong>Buying and selling companies is not a simple task! You should always seek help from specialized professionals.<\/strong><\/p>\n<p>[\/et_pb_text][\/et_pb_column][et_pb_column type=&#8221;1_2&#8243; _builder_version=&#8221;4.8.1&#8243; _module_preset=&#8221;default&#8221; background_color=&#8221;#f4f4f5&#8243; custom_padding=&#8221;2%|2%|2%|2%|false|false&#8221;][et_pb_text _builder_version=&#8221;4.8.2&#8243; _module_preset=&#8221;default&#8221; hover_enabled=&#8221;0&#8243; sticky_enabled=&#8221;0&#8243;]<\/p>\n<p><strong>After the transaction<\/strong><\/p>\n<p>After the transactions, the company\u2019s purchase or sale price should generally be revaluated, considering the business performance after the reference date on which the Due Diligence was performed.<\/p>\n<p>We also assist companies \u2014 both buyers and sellers \u2014 in calculating price adjustments.<\/p>\n<p>[\/et_pb_text][\/et_pb_column][\/et_pb_row][et_pb_row column_structure=&#8221;1_2,1_2&#8243; _builder_version=&#8221;4.6.3&#8243; _module_preset=&#8221;default&#8221;][et_pb_column type=&#8221;1_2&#8243; _builder_version=&#8221;4.6.3&#8243; _module_preset=&#8221;default&#8221;][et_pb_toggle title=&#8221;Accounting&#8221; open_toggle_text_color=&#8221;#F58345&#8243; open_toggle_background_color=&#8221;#fcfcfc&#8221; icon_color=&#8221;#000000&#8243; _builder_version=&#8221;4.8.2&#8243; _module_preset=&#8221;default&#8221; title_font=&#8221;|600|||||||&#8221; background_color=&#8221;#ffffff&#8221; hover_enabled=&#8221;0&#8243; border_width_all=&#8221;0px&#8221; border_width_bottom=&#8221;2px&#8221; sticky_enabled=&#8221;0&#8243;]<\/p>\n<ul>\n<li>Historical analysis of the company or business to be acquired;<\/li>\n<li>Analysis of the suitability of accounting practices in place at the company or in the business to be acquired;<\/li>\n<li>Identification and analysis of possible accounting and financial impacts that may affect the transaction.<\/li>\n<\/ul>\n<p>[\/et_pb_toggle][et_pb_toggle title=&#8221;Tax&#8221; open_toggle_text_color=&#8221;#F58345&#8243; open_toggle_background_color=&#8221;#fcfcfc&#8221; icon_color=&#8221;#000000&#8243; _builder_version=&#8221;4.8.2&#8243; _module_preset=&#8221;default&#8221; title_font=&#8221;|600|||||||&#8221; background_color=&#8221;#ffffff&#8221; hover_enabled=&#8221;0&#8243; border_width_all=&#8221;0px&#8221; border_width_bottom=&#8221;2px&#8221; sticky_enabled=&#8221;0&#8243;]<\/p>\n<ul>\n<li>Analysis of the track record of tax problems at the company or business to be acquired;<\/li>\n<li>Analysis of the suitability of tax practices in place at the company or in the business involved in the transaction;<\/li>\n<li>Calculation of any tax contingencies yet to be materialized.<\/li>\n<\/ul>\n<p>[\/et_pb_toggle][et_pb_toggle title=&#8221;Labor and Social Security&#8221; open_toggle_text_color=&#8221;#F58345&#8243; open_toggle_background_color=&#8221;#fcfcfc&#8221; icon_color=&#8221;#000000&#8243; _builder_version=&#8221;4.8.2&#8243; _module_preset=&#8221;default&#8221; title_font=&#8221;|600|||||||&#8221; background_color=&#8221;#ffffff&#8221; hover_enabled=&#8221;0&#8243; border_width_all=&#8221;0px&#8221; border_width_bottom=&#8221;2px&#8221; sticky_enabled=&#8221;0&#8243;]<\/p>\n<ul>\n<li>Analysis of the history of labor- and social security-related problems at the company or business to be acquired;<\/li>\n<li>Analysis of the suitability of labor and social security practices in place at the company or in the business involved in the transaction;<\/li>\n<li>Calculation of any labor and social security contingencies yet to be materialized.<\/li>\n<\/ul>\n<p>[\/et_pb_toggle][\/et_pb_column][et_pb_column type=&#8221;1_2&#8243; _builder_version=&#8221;4.6.3&#8243; _module_preset=&#8221;default&#8221;][et_pb_toggle title=&#8221;Preparation and\/or monitoring of the data room&#8221; open_toggle_text_color=&#8221;#F58345&#8243; open_toggle_background_color=&#8221;#fcfcfc&#8221; icon_color=&#8221;#000000&#8243; _builder_version=&#8221;4.8.2&#8243; _module_preset=&#8221;default&#8221; title_font=&#8221;|600|||||||&#8221; background_color=&#8221;#ffffff&#8221; hover_enabled=&#8221;0&#8243; border_width_all=&#8221;0px&#8221; border_width_bottom=&#8221;2px&#8221; sticky_enabled=&#8221;0&#8243;]<\/p>\n<ul>\n<li>Preparation of a preliminary list of documents for the data room;<\/li>\n<li>Prior analysis of the documents to be made available in the data room;<\/li>\n<li>Monitoring requests for information and documents made by the intended buyer;<\/li>\n<li>Maintenance of documents to be made available in the data room during the due diligence performed by the intended buyer.<\/li>\n<\/ul>\n<p>[\/et_pb_toggle][et_pb_toggle title=&#8221;Price adjustments&#8221; open_toggle_text_color=&#8221;#F58345&#8243; open_toggle_background_color=&#8221;#fcfcfc&#8221; icon_color=&#8221;#000000&#8243; _builder_version=&#8221;4.8.2&#8243; _module_preset=&#8221;default&#8221; title_font=&#8221;|600|||||||&#8221; background_color=&#8221;#ffffff&#8221; hover_enabled=&#8221;0&#8243; border_width_all=&#8221;0px&#8221; border_width_bottom=&#8221;2px&#8221; sticky_enabled=&#8221;0&#8243;]<\/p>\n<ul>\n<li>Analysis of the financial indices contained in price adjustment clauses;<\/li>\n<li>Restoration of working capital, cash flow, net debt;<\/li>\n<li>Identification of any divergences between the index calculated and the index determined by the company<\/li>\n<\/ul>\n<p>[\/et_pb_toggle][\/et_pb_column][\/et_pb_row][\/et_pb_section][et_pb_section fb_built=&#8221;1&#8243; _builder_version=&#8221;4.6.3&#8243; _module_preset=&#8221;default&#8221; background_color=&#8221;#9c9c9c&#8221; custom_padding=&#8221;0px||1px|||&#8221; saved_tabs=&#8221;all&#8221; global_module=&#8221;5574&#8243;][et_pb_row module_id=&#8221;form-contato&#8221; _builder_version=&#8221;4.8.1&#8243; _module_preset=&#8221;default&#8221;][et_pb_column type=&#8221;4_4&#8243; _builder_version=&#8221;4.6.3&#8243; _module_preset=&#8221;default&#8221;][et_pb_contact_form use_spam_service=&#8221;on&#8221; recaptcha_list=&#8221;Default|Default-0&#8243; email=&#8221;atendimento@irkohirashima.com.br&#8221; title=&#8221;Would you like to know how we can help? Just talk to our pratice leader.&#8221; custom_message=&#8221;Mensagem enviada pelo site||et_pb_line_break_holder||Nome: %%name%%||et_pb_line_break_holder||Email: %%email%%||et_pb_line_break_holder||Telefone: %%telefone%%||et_pb_line_break_holder||Empresa: %%empresa%%||et_pb_line_break_holder||Mensagem: %%message%%&#8221; success_message=&#8221;Message sent sucessfuly!&#8221; submit_button_text=&#8221;Send&#8221; _builder_version=&#8221;4.8.2&#8243; _module_preset=&#8221;default&#8221; title_text_align=&#8221;center&#8221; title_text_color=&#8221;#FFFFFF&#8221; title_line_height=&#8221;1.3em&#8221; captcha_text_color=&#8221;#FFFFFF&#8221; custom_button=&#8221;on&#8221; button_text_color=&#8221;#FFFFFF&#8221; custom_padding=&#8221;5%||5%||false|false&#8221;][et_pb_contact_field field_id=&#8221;Name&#8221; field_title=&#8221;Name&#8221; fullwidth_field=&#8221;on&#8221; _builder_version=&#8221;4.8.2&#8243; button_text_size__hover_enabled=&#8221;off&#8221; button_one_text_size__hover_enabled=&#8221;off&#8221; button_two_text_size__hover_enabled=&#8221;off&#8221; button_text_color__hover_enabled=&#8221;off&#8221; button_one_text_color__hover_enabled=&#8221;off&#8221; button_two_text_color__hover_enabled=&#8221;off&#8221; button_border_width__hover_enabled=&#8221;off&#8221; button_one_border_width__hover_enabled=&#8221;off&#8221; button_two_border_width__hover_enabled=&#8221;off&#8221; button_border_color__hover_enabled=&#8221;off&#8221; button_one_border_color__hover_enabled=&#8221;off&#8221; button_two_border_color__hover_enabled=&#8221;off&#8221; button_border_radius__hover_enabled=&#8221;off&#8221; button_one_border_radius__hover_enabled=&#8221;off&#8221; button_two_border_radius__hover_enabled=&#8221;off&#8221; button_letter_spacing__hover_enabled=&#8221;off&#8221; button_one_letter_spacing__hover_enabled=&#8221;off&#8221; button_two_letter_spacing__hover_enabled=&#8221;off&#8221; button_bg_color__hover_enabled=&#8221;off&#8221; button_one_bg_color__hover_enabled=&#8221;off&#8221; button_two_bg_color__hover_enabled=&#8221;off&#8221;][\/et_pb_contact_field][et_pb_contact_field field_id=&#8221;Email&#8221; field_title=&#8221;Email &#8221; field_type=&#8221;email&#8221; _builder_version=&#8221;4.8.2&#8243; button_text_size__hover_enabled=&#8221;off&#8221; button_one_text_size__hover_enabled=&#8221;off&#8221; button_two_text_size__hover_enabled=&#8221;off&#8221; button_text_color__hover_enabled=&#8221;off&#8221; button_one_text_color__hover_enabled=&#8221;off&#8221; button_two_text_color__hover_enabled=&#8221;off&#8221; button_border_width__hover_enabled=&#8221;off&#8221; button_one_border_width__hover_enabled=&#8221;off&#8221; button_two_border_width__hover_enabled=&#8221;off&#8221; button_border_color__hover_enabled=&#8221;off&#8221; button_one_border_color__hover_enabled=&#8221;off&#8221; button_two_border_color__hover_enabled=&#8221;off&#8221; button_border_radius__hover_enabled=&#8221;off&#8221; button_one_border_radius__hover_enabled=&#8221;off&#8221; button_two_border_radius__hover_enabled=&#8221;off&#8221; button_letter_spacing__hover_enabled=&#8221;off&#8221; button_one_letter_spacing__hover_enabled=&#8221;off&#8221; button_two_letter_spacing__hover_enabled=&#8221;off&#8221; button_bg_color__hover_enabled=&#8221;off&#8221; button_one_bg_color__hover_enabled=&#8221;off&#8221; button_two_bg_color__hover_enabled=&#8221;off&#8221;][\/et_pb_contact_field][et_pb_contact_field field_id=&#8221;Telefone&#8221; field_title=&#8221;Telephone&#8221; required_mark=&#8221;off&#8221; _builder_version=&#8221;4.8.2&#8243; _module_preset=&#8221;default&#8221;][\/et_pb_contact_field][et_pb_contact_field field_id=&#8221;Empresa&#8221; field_title=&#8221;Company&#8221; required_mark=&#8221;off&#8221; fullwidth_field=&#8221;on&#8221; _builder_version=&#8221;4.8.2&#8243; _module_preset=&#8221;default&#8221;][\/et_pb_contact_field][et_pb_contact_field field_id=&#8221;Message&#8221; field_title=&#8221;Message&#8221; field_type=&#8221;text&#8221; fullwidth_field=&#8221;on&#8221; _builder_version=&#8221;4.8.2&#8243; button_text_size__hover_enabled=&#8221;off&#8221; button_one_text_size__hover_enabled=&#8221;off&#8221; button_two_text_size__hover_enabled=&#8221;off&#8221; button_text_color__hover_enabled=&#8221;off&#8221; button_one_text_color__hover_enabled=&#8221;off&#8221; button_two_text_color__hover_enabled=&#8221;off&#8221; button_border_width__hover_enabled=&#8221;off&#8221; button_one_border_width__hover_enabled=&#8221;off&#8221; button_two_border_width__hover_enabled=&#8221;off&#8221; button_border_color__hover_enabled=&#8221;off&#8221; button_one_border_color__hover_enabled=&#8221;off&#8221; button_two_border_color__hover_enabled=&#8221;off&#8221; button_border_radius__hover_enabled=&#8221;off&#8221; button_one_border_radius__hover_enabled=&#8221;off&#8221; button_two_border_radius__hover_enabled=&#8221;off&#8221; button_letter_spacing__hover_enabled=&#8221;off&#8221; button_one_letter_spacing__hover_enabled=&#8221;off&#8221; button_two_letter_spacing__hover_enabled=&#8221;off&#8221; button_bg_color__hover_enabled=&#8221;off&#8221; button_one_bg_color__hover_enabled=&#8221;off&#8221; button_two_bg_color__hover_enabled=&#8221;off&#8221;][\/et_pb_contact_field][\/et_pb_contact_form][\/et_pb_column][\/et_pb_row][\/et_pb_section]<\/p>\n","protected":false},"excerpt":{"rendered":"<p>Transaction Services &nbsp;Working in a market with an increasingly competitive globalized economy, where the pursuit of positive results is crucial, one of the growth options for companies and investment funds is to acquire new companies or lines of business. The valuation of the assets and liabilities that will be acquired, as well as the price [&hellip;]<\/p>\n","protected":false},"author":1,"featured_media":0,"parent":0,"menu_order":0,"comment_status":"closed","ping_status":"closed","template":"","meta":{"_et_pb_use_builder":"on","_et_pb_old_content":"","_et_gb_content_width":"","footnotes":""},"class_list":["post-5563","page","type-page","status-publish","hentry"],"yoast_head":"<!-- This site is optimized with the Yoast SEO plugin v26.4 - https:\/\/yoast.com\/wordpress\/plugins\/seo\/ -->\n<title>Transaction Services - Transa\u00e7\u00f5es Societ\u00e1rias<\/title>\n<meta name=\"description\" content=\"A avalia\u00e7\u00e3o sobre os ativos e passivos que ser\u00e3o adquiridos, qual pre\u00e7o e a qualidade do resultado da empresa que ser\u00e1 comprada ou vendida, s\u00e3o informa\u00e7\u00f5es necess\u00e1rias para se obter sucesso em uma negocia\u00e7\u00e3o. A IRKO Hirashima oferece aos seus clientes modelos de Due Diligence que se encaixam em diversos portes e atividades empresariais.\" \/>\n<meta name=\"robots\" content=\"index, follow, max-snippet:-1, max-image-preview:large, max-video-preview:-1\" \/>\n<link rel=\"canonical\" href=\"https:\/\/irkohirashima.com.br\/en\/transaction-services\/\" \/>\n<meta property=\"og:locale\" content=\"en_US\" \/>\n<meta property=\"og:type\" content=\"article\" \/>\n<meta property=\"og:title\" content=\"Transaction Services - Transa\u00e7\u00f5es Societ\u00e1rias\" \/>\n<meta property=\"og:description\" content=\"A avalia\u00e7\u00e3o sobre os ativos e passivos que ser\u00e3o adquiridos, qual pre\u00e7o e a qualidade do resultado da empresa que ser\u00e1 comprada ou vendida, s\u00e3o informa\u00e7\u00f5es necess\u00e1rias para se obter sucesso em uma negocia\u00e7\u00e3o. A IRKO Hirashima oferece aos seus clientes modelos de Due Diligence que se encaixam em diversos portes e atividades empresariais.\" \/>\n<meta property=\"og:url\" content=\"https:\/\/irkohirashima.com.br\/transaction-services\/\" \/>\n<meta property=\"og:site_name\" content=\"Irko Hirashima\" \/>\n<meta property=\"article:modified_time\" content=\"2021-03-08T18:42:19+00:00\" \/>\n<meta name=\"twitter:card\" content=\"summary_large_image\" \/>\n<meta name=\"twitter:label1\" content=\"Est. reading time\" \/>\n\t<meta name=\"twitter:data1\" content=\"9 minutes\" \/>\n<script type=\"application\/ld+json\" class=\"yoast-schema-graph\">{\"@context\":\"https:\/\/schema.org\",\"@graph\":[{\"@type\":\"WebPage\",\"@id\":\"https:\/\/irkohirashima.com.br\/transaction-services\/\",\"url\":\"https:\/\/irkohirashima.com.br\/transaction-services\/\",\"name\":\"Transaction Services - Transa\u00e7\u00f5es Societ\u00e1rias\",\"isPartOf\":{\"@id\":\"https:\/\/irkohirashima.com.br\/#website\"},\"datePublished\":\"2020-10-29T17:32:51+00:00\",\"dateModified\":\"2021-03-08T18:42:19+00:00\",\"description\":\"A avalia\u00e7\u00e3o sobre os ativos e passivos que ser\u00e3o adquiridos, qual pre\u00e7o e a qualidade do resultado da empresa que ser\u00e1 comprada ou vendida, s\u00e3o informa\u00e7\u00f5es necess\u00e1rias para se obter sucesso em uma negocia\u00e7\u00e3o. A IRKO Hirashima oferece aos seus clientes modelos de Due Diligence que se encaixam em diversos portes e atividades empresariais.\",\"breadcrumb\":{\"@id\":\"https:\/\/irkohirashima.com.br\/transaction-services\/#breadcrumb\"},\"inLanguage\":\"en-US\",\"potentialAction\":[{\"@type\":\"ReadAction\",\"target\":[\"https:\/\/irkohirashima.com.br\/transaction-services\/\"]}]},{\"@type\":\"BreadcrumbList\",\"@id\":\"https:\/\/irkohirashima.com.br\/transaction-services\/#breadcrumb\",\"itemListElement\":[{\"@type\":\"ListItem\",\"position\":1,\"name\":\"Home\"},{\"@type\":\"ListItem\",\"position\":2,\"name\":\"Transaction Services\"}]},{\"@type\":\"WebSite\",\"@id\":\"https:\/\/irkohirashima.com.br\/#website\",\"url\":\"https:\/\/irkohirashima.com.br\/\",\"name\":\"Irko Hirashima\",\"description\":\"Boutique de Advisory e Assurance\",\"publisher\":{\"@id\":\"https:\/\/irkohirashima.com.br\/#organization\"},\"potentialAction\":[{\"@type\":\"SearchAction\",\"target\":{\"@type\":\"EntryPoint\",\"urlTemplate\":\"https:\/\/irkohirashima.com.br\/?s={search_term_string}\"},\"query-input\":{\"@type\":\"PropertyValueSpecification\",\"valueRequired\":true,\"valueName\":\"search_term_string\"}}],\"inLanguage\":\"en-US\"},{\"@type\":\"Organization\",\"@id\":\"https:\/\/irkohirashima.com.br\/#organization\",\"name\":\"IRKO Hirashima\",\"url\":\"https:\/\/irkohirashima.com.br\/\",\"logo\":{\"@type\":\"ImageObject\",\"inLanguage\":\"en-US\",\"@id\":\"https:\/\/irkohirashima.com.br\/#\/schema\/logo\/image\/\",\"url\":\"https:\/\/irkohirashima.com.br\/wp-content\/uploads\/2021\/01\/irko-hirashima-colorido-2.png\",\"contentUrl\":\"https:\/\/irkohirashima.com.br\/wp-content\/uploads\/2021\/01\/irko-hirashima-colorido-2.png\",\"width\":442,\"height\":153,\"caption\":\"IRKO Hirashima\"},\"image\":{\"@id\":\"https:\/\/irkohirashima.com.br\/#\/schema\/logo\/image\/\"}}]}<\/script>\n<!-- \/ Yoast SEO plugin. -->","yoast_head_json":{"title":"Transaction Services - Transa\u00e7\u00f5es Societ\u00e1rias","description":"A avalia\u00e7\u00e3o sobre os ativos e passivos que ser\u00e3o adquiridos, qual pre\u00e7o e a qualidade do resultado da empresa que ser\u00e1 comprada ou vendida, s\u00e3o informa\u00e7\u00f5es necess\u00e1rias para se obter sucesso em uma negocia\u00e7\u00e3o. A IRKO Hirashima oferece aos seus clientes modelos de Due Diligence que se encaixam em diversos portes e atividades empresariais.","robots":{"index":"index","follow":"follow","max-snippet":"max-snippet:-1","max-image-preview":"max-image-preview:large","max-video-preview":"max-video-preview:-1"},"canonical":"https:\/\/irkohirashima.com.br\/en\/transaction-services\/","og_locale":"en_US","og_type":"article","og_title":"Transaction Services - Transa\u00e7\u00f5es Societ\u00e1rias","og_description":"A avalia\u00e7\u00e3o sobre os ativos e passivos que ser\u00e3o adquiridos, qual pre\u00e7o e a qualidade do resultado da empresa que ser\u00e1 comprada ou vendida, s\u00e3o informa\u00e7\u00f5es necess\u00e1rias para se obter sucesso em uma negocia\u00e7\u00e3o. A IRKO Hirashima oferece aos seus clientes modelos de Due Diligence que se encaixam em diversos portes e atividades empresariais.","og_url":"https:\/\/irkohirashima.com.br\/transaction-services\/","og_site_name":"Irko Hirashima","article_modified_time":"2021-03-08T18:42:19+00:00","twitter_card":"summary_large_image","twitter_misc":{"Est. reading time":"9 minutes"},"schema":{"@context":"https:\/\/schema.org","@graph":[{"@type":"WebPage","@id":"https:\/\/irkohirashima.com.br\/transaction-services\/","url":"https:\/\/irkohirashima.com.br\/transaction-services\/","name":"Transaction Services - Transa\u00e7\u00f5es Societ\u00e1rias","isPartOf":{"@id":"https:\/\/irkohirashima.com.br\/#website"},"datePublished":"2020-10-29T17:32:51+00:00","dateModified":"2021-03-08T18:42:19+00:00","description":"A avalia\u00e7\u00e3o sobre os ativos e passivos que ser\u00e3o adquiridos, qual pre\u00e7o e a qualidade do resultado da empresa que ser\u00e1 comprada ou vendida, s\u00e3o informa\u00e7\u00f5es necess\u00e1rias para se obter sucesso em uma negocia\u00e7\u00e3o. A IRKO Hirashima oferece aos seus clientes modelos de Due Diligence que se encaixam em diversos portes e atividades empresariais.","breadcrumb":{"@id":"https:\/\/irkohirashima.com.br\/transaction-services\/#breadcrumb"},"inLanguage":"en-US","potentialAction":[{"@type":"ReadAction","target":["https:\/\/irkohirashima.com.br\/transaction-services\/"]}]},{"@type":"BreadcrumbList","@id":"https:\/\/irkohirashima.com.br\/transaction-services\/#breadcrumb","itemListElement":[{"@type":"ListItem","position":1,"name":"Home"},{"@type":"ListItem","position":2,"name":"Transaction Services"}]},{"@type":"WebSite","@id":"https:\/\/irkohirashima.com.br\/#website","url":"https:\/\/irkohirashima.com.br\/","name":"Irko Hirashima","description":"Boutique de Advisory e Assurance","publisher":{"@id":"https:\/\/irkohirashima.com.br\/#organization"},"potentialAction":[{"@type":"SearchAction","target":{"@type":"EntryPoint","urlTemplate":"https:\/\/irkohirashima.com.br\/?s={search_term_string}"},"query-input":{"@type":"PropertyValueSpecification","valueRequired":true,"valueName":"search_term_string"}}],"inLanguage":"en-US"},{"@type":"Organization","@id":"https:\/\/irkohirashima.com.br\/#organization","name":"IRKO Hirashima","url":"https:\/\/irkohirashima.com.br\/","logo":{"@type":"ImageObject","inLanguage":"en-US","@id":"https:\/\/irkohirashima.com.br\/#\/schema\/logo\/image\/","url":"https:\/\/irkohirashima.com.br\/wp-content\/uploads\/2021\/01\/irko-hirashima-colorido-2.png","contentUrl":"https:\/\/irkohirashima.com.br\/wp-content\/uploads\/2021\/01\/irko-hirashima-colorido-2.png","width":442,"height":153,"caption":"IRKO Hirashima"},"image":{"@id":"https:\/\/irkohirashima.com.br\/#\/schema\/logo\/image\/"}}]}},"_links":{"self":[{"href":"https:\/\/irkohirashima.com.br\/en\/wp-json\/wp\/v2\/pages\/5563","targetHints":{"allow":["GET"]}}],"collection":[{"href":"https:\/\/irkohirashima.com.br\/en\/wp-json\/wp\/v2\/pages"}],"about":[{"href":"https:\/\/irkohirashima.com.br\/en\/wp-json\/wp\/v2\/types\/page"}],"author":[{"embeddable":true,"href":"https:\/\/irkohirashima.com.br\/en\/wp-json\/wp\/v2\/users\/1"}],"replies":[{"embeddable":true,"href":"https:\/\/irkohirashima.com.br\/en\/wp-json\/wp\/v2\/comments?post=5563"}],"version-history":[{"count":3,"href":"https:\/\/irkohirashima.com.br\/en\/wp-json\/wp\/v2\/pages\/5563\/revisions"}],"predecessor-version":[{"id":5594,"href":"https:\/\/irkohirashima.com.br\/en\/wp-json\/wp\/v2\/pages\/5563\/revisions\/5594"}],"wp:attachment":[{"href":"https:\/\/irkohirashima.com.br\/en\/wp-json\/wp\/v2\/media?parent=5563"}],"curies":[{"name":"wp","href":"https:\/\/api.w.org\/{rel}","templated":true}]}}