{"id":5560,"date":"2020-10-29T18:08:21","date_gmt":"2020-10-29T18:08:21","guid":{"rendered":"http:\/\/irkohirashima.com.br\/risk-advisory\/"},"modified":"2021-03-08T15:34:21","modified_gmt":"2021-03-08T18:34:21","slug":"risk-advisory","status":"publish","type":"page","link":"https:\/\/irkohirashima.com.br\/en\/risk-advisory\/","title":{"rendered":"Risk Advisory"},"content":{"rendered":"<p>[et_pb_section fb_built=&#8221;1&#8243; custom_padding_last_edited=&#8221;off|desktop&#8221; admin_label=&#8221;Header&#8221; _builder_version=&#8221;4.8.2&#8243; use_background_color_gradient=&#8221;on&#8221; background_color_gradient_start=&#8221;#5c5c5c&#8221; background_color_gradient_end=&#8221;rgba(245,131,69,0)&#8221; background_color_gradient_direction=&#8221;360deg&#8221; background_color_gradient_overlays_image=&#8221;on&#8221; background_image=&#8221;http:\/\/irkohirashima.com.br\/wp-content\/uploads\/2021\/02\/risk-advisory.jpg&#8221; custom_padding=&#8221;6vw||8vw||false|false&#8221; custom_padding_tablet=&#8221;||||false|false&#8221; custom_padding_phone=&#8221;||||false|false&#8221; locked=&#8221;off&#8221;][et_pb_row column_structure=&#8221;1_2,1_2&#8243; make_equal=&#8221;on&#8221; _builder_version=&#8221;4.4.7&#8243; max_width=&#8221;1200px&#8221; custom_padding=&#8221;4%|0%|0px|4%|false|false&#8221; border_color_all=&#8221;#16252D&#8221; border_width_bottom=&#8221;8px&#8221; border_color_bottom=&#8221;#ffffff&#8221; border_width_left=&#8221;8px&#8221; border_color_left=&#8221;#ffffff&#8221; locked=&#8221;off&#8221;][et_pb_column type=&#8221;1_2&#8243; _builder_version=&#8221;4.4.7&#8243; custom_padding=&#8221;||4%||false|false&#8221;][et_pb_text _builder_version=&#8221;4.8.1&#8243; header_font=&#8221;|600||on|||||&#8221; header_text_color=&#8221;#ffffff&#8221; header_font_size=&#8221;60px&#8221; header_letter_spacing=&#8221;2px&#8221; header_line_height=&#8221;1.2em&#8221; background_layout=&#8221;dark&#8221; header_font_size_tablet=&#8221;40px&#8221; header_font_size_phone=&#8221;24px&#8221; header_font_size_last_edited=&#8221;on|phone&#8221; locked=&#8221;off&#8221;]<\/p>\n<h1>RIsk Advisory<\/h1>\n<p>[\/et_pb_text][\/et_pb_column][et_pb_column type=&#8221;1_2&#8243; _builder_version=&#8221;4.4.7&#8243;][et_pb_button button_url=&#8221;#form-contato&#8221; button_text=&#8221;Contact Us&#8221; button_alignment=&#8221;right&#8221; _builder_version=&#8221;4.8.2&#8243; custom_button=&#8221;on&#8221; button_text_size=&#8221;14px&#8221; button_text_color=&#8221;#ffffff&#8221; button_bg_color=&#8221;rgba(0,0,0,0)&#8221; button_border_width=&#8221;8px&#8221; button_border_color=&#8221;#ffffff&#8221; button_border_radius=&#8221;0px&#8221; button_letter_spacing=&#8221;5px&#8221; button_font=&#8221;|700||on|||||&#8221; positioning=&#8221;absolute&#8221; position_origin_a=&#8221;bottom_right&#8221; vertical_offset=&#8221;-8px&#8221; position_origin_a_tablet=&#8221;&#8221; position_origin_a_phone=&#8221;&#8221; position_origin_a_last_edited=&#8221;on|tablet&#8221; position_origin_f_tablet=&#8221;&#8221; position_origin_f_phone=&#8221;&#8221; position_origin_f_last_edited=&#8221;on|tablet&#8221; position_origin_r_tablet=&#8221;bottom_right&#8221; position_origin_r_phone=&#8221;&#8221; position_origin_r_last_edited=&#8221;on|tablet&#8221; custom_margin=&#8221;||||false|false&#8221; custom_margin_tablet=&#8221;|||0px|false|false&#8221; custom_margin_last_edited=&#8221;off|desktop&#8221; custom_padding=&#8221;20px|30px|20px|30px|true|true&#8221; hover_enabled=&#8221;0&#8243; positioning_tablet=&#8221;relative&#8221; positioning_phone=&#8221;&#8221; positioning_last_edited=&#8221;on|tablet&#8221; locked=&#8221;off&#8221; sticky_enabled=&#8221;0&#8243;][\/et_pb_button][\/et_pb_column][\/et_pb_row][\/et_pb_section][et_pb_section fb_built=&#8221;1&#8243; admin_label=&#8221;Features&#8221; _builder_version=&#8221;4.4.7&#8243; custom_margin=&#8221;53px|||||&#8221; locked=&#8221;off&#8221;][et_pb_row use_custom_gutter=&#8221;on&#8221; gutter_width=&#8221;2&#8243; _builder_version=&#8221;4.4.7&#8243; custom_margin=&#8221;-10vw||||false|false&#8221; custom_padding=&#8221;||0px|||&#8221;][et_pb_column type=&#8221;4_4&#8243; _builder_version=&#8221;4.4.7&#8243; background_color=&#8221;#f4f4f5&#8243; custom_padding=&#8221;30px|30px|30px|30px|true|true&#8221; custom_padding_tablet=&#8221;30px|30px|30px|30px|true|true&#8221; custom_padding_phone=&#8221;20px|20px|20px|20px|true|true&#8221; custom_padding_last_edited=&#8221;on|phone&#8221;][et_pb_text _builder_version=&#8221;4.8.2&#8243; _module_preset=&#8221;default&#8221; text_font_size=&#8221;16px&#8221; hover_enabled=&#8221;0&#8243; sticky_enabled=&#8221;0&#8243;]Corporate Risk Management is a process that undergoes constant development applied to the organization\u2019s strategy. Among the services we offer, we can highlight consultancy for reviewing internal controls, internal audit, risk assessment, and business diagnostics.<\/p>\n<p>Plus, by mapping and redesigning business processes, structuring departments and implementing an action plan, we aim to ensure that your company\u2019s project is fully compliant with the law and with current best practices. All this aims to lower your company\u2019s operating costs, increase efficiency, and add value.<br \/>\n[\/et_pb_text][\/et_pb_column][\/et_pb_row][et_pb_row column_structure=&#8221;1_2,1_2&#8243; _builder_version=&#8221;4.6.3&#8243; _module_preset=&#8221;default&#8221;][et_pb_column type=&#8221;1_2&#8243; _builder_version=&#8221;4.6.3&#8243; _module_preset=&#8221;default&#8221;][et_pb_toggle title=&#8221;Internal controls&#8221; open_toggle_text_color=&#8221;#F58345&#8243; open_toggle_background_color=&#8221;#fcfcfc&#8221; icon_color=&#8221;#000000&#8243; _builder_version=&#8221;4.8.2&#8243; _module_preset=&#8221;default&#8221; title_font=&#8221;|600|||||||&#8221; background_color=&#8221;#ffffff&#8221; hover_enabled=&#8221;0&#8243; border_width_all=&#8221;0px&#8221; border_width_bottom=&#8221;2px&#8221; sticky_enabled=&#8221;0&#8243;]We advise our clients on how to develop and strengthen their internal controls, by preparing, reviewing, and continuously evaluating the structure of corporate controls over strategic and operational processes.[\/et_pb_toggle][et_pb_toggle title=&#8221;Internal Audit&#8221; open_toggle_text_color=&#8221;#F58345&#8243; open_toggle_background_color=&#8221;#fcfcfc&#8221; icon_color=&#8221;#000000&#8243; _builder_version=&#8221;4.8.2&#8243; _module_preset=&#8221;default&#8221; title_font=&#8221;|600|||||||&#8221; background_color=&#8221;#ffffff&#8221; hover_enabled=&#8221;0&#8243; border_width_all=&#8221;0px&#8221; border_width_bottom=&#8221;2px&#8221; sticky_enabled=&#8221;0&#8243;]An effective internal audit can help your company formulate a new governance and risk paradigm \u2014 anticipating problems, eliminating duplication, and identifying possible areas for performance improvement. Our work includes: preparing the methodology, deploying tools to automate the internal audit execution process, risk mapping, assessing the control environment, among others.[\/et_pb_toggle][et_pb_toggle title=&#8221;Process mapping, redesign, and monitoring&#8221; open_toggle_text_color=&#8221;#F58345&#8243; open_toggle_background_color=&#8221;#fcfcfc&#8221; icon_color=&#8221;#000000&#8243; _builder_version=&#8221;4.8.2&#8243; _module_preset=&#8221;default&#8221; title_font=&#8221;|600|||||||&#8221; background_color=&#8221;#ffffff&#8221; hover_enabled=&#8221;0&#8243; border_width_all=&#8221;0px&#8221; border_width_bottom=&#8221;2px&#8221; sticky_enabled=&#8221;0&#8243;]Process Mapping and Redesign is aimed at the structuring, review and ongoing assessment of strategic, financial and operational processes and controls. Through flowcharts, we offer a systemic view of companies\u2019 departments and processes, and streamline decision-making processes.[\/et_pb_toggle][\/et_pb_column][et_pb_column type=&#8221;1_2&#8243; _builder_version=&#8221;4.6.3&#8243; _module_preset=&#8221;default&#8221;][et_pb_toggle title=&#8221;Compliance&#8221; open_toggle_text_color=&#8221;#F58345&#8243; open_toggle_background_color=&#8221;#fcfcfc&#8221; icon_color=&#8221;#000000&#8243; _builder_version=&#8221;4.8.2&#8243; _module_preset=&#8221;default&#8221; title_font=&#8221;|600|||||||&#8221; background_color=&#8221;#ffffff&#8221; hover_enabled=&#8221;0&#8243; border_width_all=&#8221;0px&#8221; border_width_bottom=&#8221;2px&#8221; sticky_enabled=&#8221;0&#8243;]Our professionals have the right training and experience to assist your company in developing or monitoring corporate governance programs, which comprise the system that steers, monitors and encourages proper administration of companies and other organizations. Our services are essential to improve relationships between partners, the board of directors, the executive board, oversight and control agencies, and other stakeholders.[\/et_pb_toggle][et_pb_toggle title=&#8221;Risk matrix&#8221; open_toggle_text_color=&#8221;#F58345&#8243; open_toggle_background_color=&#8221;#fcfcfc&#8221; icon_color=&#8221;#000000&#8243; _builder_version=&#8221;4.8.2&#8243; _module_preset=&#8221;default&#8221; title_font=&#8221;|600|||||||&#8221; background_color=&#8221;#ffffff&#8221; hover_enabled=&#8221;0&#8243; border_width_all=&#8221;0px&#8221; border_width_bottom=&#8221;2px&#8221; sticky_enabled=&#8221;0&#8243;]We assist organizations in preparing the risk matrix for several departments. A risk matrix is a management tool that uses the likelihood and impacts of certain problems, should they materialize. Its main function is to anticipate potential risks and thereby create measures to prevent or detect them to lessen their impacts on the organization. Our professionals can map out risks within the scope of a Compliance or Internal Audit project, or meet any other specific demand of your company.[\/et_pb_toggle][et_pb_toggle title=&#8221;Developing rules and procedures&#8221; open_toggle_text_color=&#8221;#F58345&#8243; open_toggle_background_color=&#8221;#fcfcfc&#8221; icon_color=&#8221;#000000&#8243; _builder_version=&#8221;4.8.2&#8243; _module_preset=&#8221;default&#8221; title_font=&#8221;|600|||||||&#8221; background_color=&#8221;#ffffff&#8221; hover_enabled=&#8221;0&#8243; border_width_all=&#8221;0px&#8221; border_width_bottom=&#8221;2px&#8221; sticky_enabled=&#8221;0&#8243;]We assist companies in developing and implementing Standards, Policies and Procedures, aimed at establishing guidelines for the preparation, approval, publication and dissemination of regulatory documents that comprise the company\u2019s governance framework.[\/et_pb_toggle][\/et_pb_column][\/et_pb_row][\/et_pb_section][et_pb_section fb_built=&#8221;1&#8243; _builder_version=&#8221;4.6.3&#8243; _module_preset=&#8221;default&#8221; background_color=&#8221;#9c9c9c&#8221; custom_padding=&#8221;0px||1px|||&#8221; saved_tabs=&#8221;all&#8221; global_module=&#8221;5574&#8243;][et_pb_row module_id=&#8221;form-contato&#8221; _builder_version=&#8221;4.8.1&#8243; _module_preset=&#8221;default&#8221;][et_pb_column type=&#8221;4_4&#8243; _builder_version=&#8221;4.6.3&#8243; _module_preset=&#8221;default&#8221;][et_pb_contact_form use_spam_service=&#8221;on&#8221; recaptcha_list=&#8221;Default|Default-0&#8243; email=&#8221;atendimento@irkohirashima.com.br&#8221; title=&#8221;Would you like to know how we can help? Just talk to our pratice leader.&#8221; custom_message=&#8221;Mensagem enviada pelo site||et_pb_line_break_holder||Nome: %%name%%||et_pb_line_break_holder||Email: %%email%%||et_pb_line_break_holder||Telefone: %%telefone%%||et_pb_line_break_holder||Empresa: %%empresa%%||et_pb_line_break_holder||Mensagem: %%message%%&#8221; success_message=&#8221;Message sent sucessfuly!&#8221; submit_button_text=&#8221;Send&#8221; _builder_version=&#8221;4.8.2&#8243; _module_preset=&#8221;default&#8221; title_text_align=&#8221;center&#8221; title_text_color=&#8221;#FFFFFF&#8221; title_line_height=&#8221;1.3em&#8221; captcha_text_color=&#8221;#FFFFFF&#8221; custom_button=&#8221;on&#8221; button_text_color=&#8221;#FFFFFF&#8221; custom_padding=&#8221;5%||5%||false|false&#8221;][et_pb_contact_field field_id=&#8221;Name&#8221; field_title=&#8221;Name&#8221; fullwidth_field=&#8221;on&#8221; _builder_version=&#8221;4.8.2&#8243; button_text_size__hover_enabled=&#8221;off&#8221; button_one_text_size__hover_enabled=&#8221;off&#8221; button_two_text_size__hover_enabled=&#8221;off&#8221; button_text_color__hover_enabled=&#8221;off&#8221; button_one_text_color__hover_enabled=&#8221;off&#8221; button_two_text_color__hover_enabled=&#8221;off&#8221; button_border_width__hover_enabled=&#8221;off&#8221; button_one_border_width__hover_enabled=&#8221;off&#8221; button_two_border_width__hover_enabled=&#8221;off&#8221; button_border_color__hover_enabled=&#8221;off&#8221; button_one_border_color__hover_enabled=&#8221;off&#8221; button_two_border_color__hover_enabled=&#8221;off&#8221; button_border_radius__hover_enabled=&#8221;off&#8221; button_one_border_radius__hover_enabled=&#8221;off&#8221; button_two_border_radius__hover_enabled=&#8221;off&#8221; button_letter_spacing__hover_enabled=&#8221;off&#8221; button_one_letter_spacing__hover_enabled=&#8221;off&#8221; button_two_letter_spacing__hover_enabled=&#8221;off&#8221; button_bg_color__hover_enabled=&#8221;off&#8221; button_one_bg_color__hover_enabled=&#8221;off&#8221; button_two_bg_color__hover_enabled=&#8221;off&#8221;][\/et_pb_contact_field][et_pb_contact_field field_id=&#8221;Email&#8221; field_title=&#8221;Email &#8221; field_type=&#8221;email&#8221; _builder_version=&#8221;4.8.2&#8243; button_text_size__hover_enabled=&#8221;off&#8221; button_one_text_size__hover_enabled=&#8221;off&#8221; button_two_text_size__hover_enabled=&#8221;off&#8221; button_text_color__hover_enabled=&#8221;off&#8221; button_one_text_color__hover_enabled=&#8221;off&#8221; button_two_text_color__hover_enabled=&#8221;off&#8221; button_border_width__hover_enabled=&#8221;off&#8221; button_one_border_width__hover_enabled=&#8221;off&#8221; button_two_border_width__hover_enabled=&#8221;off&#8221; button_border_color__hover_enabled=&#8221;off&#8221; button_one_border_color__hover_enabled=&#8221;off&#8221; button_two_border_color__hover_enabled=&#8221;off&#8221; button_border_radius__hover_enabled=&#8221;off&#8221; button_one_border_radius__hover_enabled=&#8221;off&#8221; button_two_border_radius__hover_enabled=&#8221;off&#8221; button_letter_spacing__hover_enabled=&#8221;off&#8221; button_one_letter_spacing__hover_enabled=&#8221;off&#8221; button_two_letter_spacing__hover_enabled=&#8221;off&#8221; button_bg_color__hover_enabled=&#8221;off&#8221; button_one_bg_color__hover_enabled=&#8221;off&#8221; button_two_bg_color__hover_enabled=&#8221;off&#8221;][\/et_pb_contact_field][et_pb_contact_field field_id=&#8221;Telefone&#8221; field_title=&#8221;Telephone&#8221; required_mark=&#8221;off&#8221; _builder_version=&#8221;4.8.2&#8243; _module_preset=&#8221;default&#8221;][\/et_pb_contact_field][et_pb_contact_field field_id=&#8221;Empresa&#8221; field_title=&#8221;Company&#8221; required_mark=&#8221;off&#8221; fullwidth_field=&#8221;on&#8221; _builder_version=&#8221;4.8.2&#8243; _module_preset=&#8221;default&#8221;][\/et_pb_contact_field][et_pb_contact_field field_id=&#8221;Message&#8221; field_title=&#8221;Message&#8221; field_type=&#8221;text&#8221; fullwidth_field=&#8221;on&#8221; _builder_version=&#8221;4.8.2&#8243; button_text_size__hover_enabled=&#8221;off&#8221; button_one_text_size__hover_enabled=&#8221;off&#8221; button_two_text_size__hover_enabled=&#8221;off&#8221; button_text_color__hover_enabled=&#8221;off&#8221; button_one_text_color__hover_enabled=&#8221;off&#8221; button_two_text_color__hover_enabled=&#8221;off&#8221; button_border_width__hover_enabled=&#8221;off&#8221; button_one_border_width__hover_enabled=&#8221;off&#8221; button_two_border_width__hover_enabled=&#8221;off&#8221; button_border_color__hover_enabled=&#8221;off&#8221; button_one_border_color__hover_enabled=&#8221;off&#8221; button_two_border_color__hover_enabled=&#8221;off&#8221; button_border_radius__hover_enabled=&#8221;off&#8221; button_one_border_radius__hover_enabled=&#8221;off&#8221; button_two_border_radius__hover_enabled=&#8221;off&#8221; button_letter_spacing__hover_enabled=&#8221;off&#8221; button_one_letter_spacing__hover_enabled=&#8221;off&#8221; button_two_letter_spacing__hover_enabled=&#8221;off&#8221; button_bg_color__hover_enabled=&#8221;off&#8221; button_one_bg_color__hover_enabled=&#8221;off&#8221; button_two_bg_color__hover_enabled=&#8221;off&#8221;][\/et_pb_contact_field][\/et_pb_contact_form][\/et_pb_column][\/et_pb_row][\/et_pb_section]<\/p>\n","protected":false},"excerpt":{"rendered":"<p>RIsk AdvisoryCorporate Risk Management is a process that undergoes constant development applied to the organization\u2019s strategy. Among the services we offer, we can highlight consultancy for reviewing internal controls, internal audit, risk assessment, and business diagnostics. Plus, by mapping and redesigning business processes, structuring departments and implementing an action plan, we aim to ensure that [&hellip;]<\/p>\n","protected":false},"author":1,"featured_media":0,"parent":0,"menu_order":0,"comment_status":"closed","ping_status":"closed","template":"","meta":{"_et_pb_use_builder":"on","_et_pb_old_content":"","_et_gb_content_width":"","footnotes":""},"class_list":["post-5560","page","type-page","status-publish","hentry"],"yoast_head":"<!-- This site is optimized with the Yoast SEO plugin v26.4 - https:\/\/yoast.com\/wordpress\/plugins\/seo\/ -->\n<title>Risk Advisory - Gest\u00e3o de Riscos<\/title>\n<meta name=\"description\" content=\"A Gest\u00e3o de Riscos empresariais \u00e9 um processo em constante desenvolvimento aplicado a estrat\u00e9gia da organiza\u00e7\u00e3o. Entre nossos servi\u00e7os dispon\u00edveis podemos destacar a consultoria de revis\u00e3o dos controles internos, auditoria interna, avalia\u00e7\u00e3o de riscos e diagn\u00f3stico empresarial.\" \/>\n<meta name=\"robots\" content=\"index, follow, max-snippet:-1, max-image-preview:large, max-video-preview:-1\" \/>\n<link rel=\"canonical\" href=\"https:\/\/irkohirashima.com.br\/en\/risk-advisory\/\" \/>\n<meta property=\"og:locale\" content=\"en_US\" \/>\n<meta property=\"og:type\" content=\"article\" \/>\n<meta property=\"og:title\" content=\"Risk Advisory - Gest\u00e3o de Riscos\" \/>\n<meta property=\"og:description\" content=\"A Gest\u00e3o de Riscos empresariais \u00e9 um processo em constante desenvolvimento aplicado a estrat\u00e9gia da organiza\u00e7\u00e3o. Entre nossos servi\u00e7os dispon\u00edveis podemos destacar a consultoria de revis\u00e3o dos controles internos, auditoria interna, avalia\u00e7\u00e3o de riscos e diagn\u00f3stico empresarial.\" \/>\n<meta property=\"og:url\" content=\"https:\/\/irkohirashima.com.br\/risk-advisory\/\" \/>\n<meta property=\"og:site_name\" content=\"Irko Hirashima\" \/>\n<meta property=\"article:modified_time\" content=\"2021-03-08T18:34:21+00:00\" \/>\n<meta name=\"twitter:card\" content=\"summary_large_image\" \/>\n<meta name=\"twitter:label1\" content=\"Est. reading time\" \/>\n\t<meta name=\"twitter:data1\" content=\"9 minutes\" \/>\n<script type=\"application\/ld+json\" class=\"yoast-schema-graph\">{\"@context\":\"https:\/\/schema.org\",\"@graph\":[{\"@type\":\"WebPage\",\"@id\":\"https:\/\/irkohirashima.com.br\/risk-advisory\/\",\"url\":\"https:\/\/irkohirashima.com.br\/risk-advisory\/\",\"name\":\"Risk Advisory - Gest\u00e3o de Riscos\",\"isPartOf\":{\"@id\":\"https:\/\/irkohirashima.com.br\/#website\"},\"datePublished\":\"2020-10-29T18:08:21+00:00\",\"dateModified\":\"2021-03-08T18:34:21+00:00\",\"description\":\"A Gest\u00e3o de Riscos empresariais \u00e9 um processo em constante desenvolvimento aplicado a estrat\u00e9gia da organiza\u00e7\u00e3o. Entre nossos servi\u00e7os dispon\u00edveis podemos destacar a consultoria de revis\u00e3o dos controles internos, auditoria interna, avalia\u00e7\u00e3o de riscos e diagn\u00f3stico empresarial.\",\"breadcrumb\":{\"@id\":\"https:\/\/irkohirashima.com.br\/risk-advisory\/#breadcrumb\"},\"inLanguage\":\"en-US\",\"potentialAction\":[{\"@type\":\"ReadAction\",\"target\":[\"https:\/\/irkohirashima.com.br\/risk-advisory\/\"]}]},{\"@type\":\"BreadcrumbList\",\"@id\":\"https:\/\/irkohirashima.com.br\/risk-advisory\/#breadcrumb\",\"itemListElement\":[{\"@type\":\"ListItem\",\"position\":1,\"name\":\"Home\"},{\"@type\":\"ListItem\",\"position\":2,\"name\":\"Risk Advisory\"}]},{\"@type\":\"WebSite\",\"@id\":\"https:\/\/irkohirashima.com.br\/#website\",\"url\":\"https:\/\/irkohirashima.com.br\/\",\"name\":\"Irko Hirashima\",\"description\":\"Boutique de Advisory e Assurance\",\"publisher\":{\"@id\":\"https:\/\/irkohirashima.com.br\/#organization\"},\"potentialAction\":[{\"@type\":\"SearchAction\",\"target\":{\"@type\":\"EntryPoint\",\"urlTemplate\":\"https:\/\/irkohirashima.com.br\/?s={search_term_string}\"},\"query-input\":{\"@type\":\"PropertyValueSpecification\",\"valueRequired\":true,\"valueName\":\"search_term_string\"}}],\"inLanguage\":\"en-US\"},{\"@type\":\"Organization\",\"@id\":\"https:\/\/irkohirashima.com.br\/#organization\",\"name\":\"IRKO Hirashima\",\"url\":\"https:\/\/irkohirashima.com.br\/\",\"logo\":{\"@type\":\"ImageObject\",\"inLanguage\":\"en-US\",\"@id\":\"https:\/\/irkohirashima.com.br\/#\/schema\/logo\/image\/\",\"url\":\"https:\/\/irkohirashima.com.br\/wp-content\/uploads\/2021\/01\/irko-hirashima-colorido-2.png\",\"contentUrl\":\"https:\/\/irkohirashima.com.br\/wp-content\/uploads\/2021\/01\/irko-hirashima-colorido-2.png\",\"width\":442,\"height\":153,\"caption\":\"IRKO Hirashima\"},\"image\":{\"@id\":\"https:\/\/irkohirashima.com.br\/#\/schema\/logo\/image\/\"}}]}<\/script>\n<!-- \/ Yoast SEO plugin. -->","yoast_head_json":{"title":"Risk Advisory - Gest\u00e3o de Riscos","description":"A Gest\u00e3o de Riscos empresariais \u00e9 um processo em constante desenvolvimento aplicado a estrat\u00e9gia da organiza\u00e7\u00e3o. Entre nossos servi\u00e7os dispon\u00edveis podemos destacar a consultoria de revis\u00e3o dos controles internos, auditoria interna, avalia\u00e7\u00e3o de riscos e diagn\u00f3stico empresarial.","robots":{"index":"index","follow":"follow","max-snippet":"max-snippet:-1","max-image-preview":"max-image-preview:large","max-video-preview":"max-video-preview:-1"},"canonical":"https:\/\/irkohirashima.com.br\/en\/risk-advisory\/","og_locale":"en_US","og_type":"article","og_title":"Risk Advisory - Gest\u00e3o de Riscos","og_description":"A Gest\u00e3o de Riscos empresariais \u00e9 um processo em constante desenvolvimento aplicado a estrat\u00e9gia da organiza\u00e7\u00e3o. Entre nossos servi\u00e7os dispon\u00edveis podemos destacar a consultoria de revis\u00e3o dos controles internos, auditoria interna, avalia\u00e7\u00e3o de riscos e diagn\u00f3stico empresarial.","og_url":"https:\/\/irkohirashima.com.br\/risk-advisory\/","og_site_name":"Irko Hirashima","article_modified_time":"2021-03-08T18:34:21+00:00","twitter_card":"summary_large_image","twitter_misc":{"Est. reading time":"9 minutes"},"schema":{"@context":"https:\/\/schema.org","@graph":[{"@type":"WebPage","@id":"https:\/\/irkohirashima.com.br\/risk-advisory\/","url":"https:\/\/irkohirashima.com.br\/risk-advisory\/","name":"Risk Advisory - Gest\u00e3o de Riscos","isPartOf":{"@id":"https:\/\/irkohirashima.com.br\/#website"},"datePublished":"2020-10-29T18:08:21+00:00","dateModified":"2021-03-08T18:34:21+00:00","description":"A Gest\u00e3o de Riscos empresariais \u00e9 um processo em constante desenvolvimento aplicado a estrat\u00e9gia da organiza\u00e7\u00e3o. Entre nossos servi\u00e7os dispon\u00edveis podemos destacar a consultoria de revis\u00e3o dos controles internos, auditoria interna, avalia\u00e7\u00e3o de riscos e diagn\u00f3stico empresarial.","breadcrumb":{"@id":"https:\/\/irkohirashima.com.br\/risk-advisory\/#breadcrumb"},"inLanguage":"en-US","potentialAction":[{"@type":"ReadAction","target":["https:\/\/irkohirashima.com.br\/risk-advisory\/"]}]},{"@type":"BreadcrumbList","@id":"https:\/\/irkohirashima.com.br\/risk-advisory\/#breadcrumb","itemListElement":[{"@type":"ListItem","position":1,"name":"Home"},{"@type":"ListItem","position":2,"name":"Risk Advisory"}]},{"@type":"WebSite","@id":"https:\/\/irkohirashima.com.br\/#website","url":"https:\/\/irkohirashima.com.br\/","name":"Irko Hirashima","description":"Boutique de Advisory e Assurance","publisher":{"@id":"https:\/\/irkohirashima.com.br\/#organization"},"potentialAction":[{"@type":"SearchAction","target":{"@type":"EntryPoint","urlTemplate":"https:\/\/irkohirashima.com.br\/?s={search_term_string}"},"query-input":{"@type":"PropertyValueSpecification","valueRequired":true,"valueName":"search_term_string"}}],"inLanguage":"en-US"},{"@type":"Organization","@id":"https:\/\/irkohirashima.com.br\/#organization","name":"IRKO Hirashima","url":"https:\/\/irkohirashima.com.br\/","logo":{"@type":"ImageObject","inLanguage":"en-US","@id":"https:\/\/irkohirashima.com.br\/#\/schema\/logo\/image\/","url":"https:\/\/irkohirashima.com.br\/wp-content\/uploads\/2021\/01\/irko-hirashima-colorido-2.png","contentUrl":"https:\/\/irkohirashima.com.br\/wp-content\/uploads\/2021\/01\/irko-hirashima-colorido-2.png","width":442,"height":153,"caption":"IRKO Hirashima"},"image":{"@id":"https:\/\/irkohirashima.com.br\/#\/schema\/logo\/image\/"}}]}},"_links":{"self":[{"href":"https:\/\/irkohirashima.com.br\/en\/wp-json\/wp\/v2\/pages\/5560","targetHints":{"allow":["GET"]}}],"collection":[{"href":"https:\/\/irkohirashima.com.br\/en\/wp-json\/wp\/v2\/pages"}],"about":[{"href":"https:\/\/irkohirashima.com.br\/en\/wp-json\/wp\/v2\/types\/page"}],"author":[{"embeddable":true,"href":"https:\/\/irkohirashima.com.br\/en\/wp-json\/wp\/v2\/users\/1"}],"replies":[{"embeddable":true,"href":"https:\/\/irkohirashima.com.br\/en\/wp-json\/wp\/v2\/comments?post=5560"}],"version-history":[{"count":2,"href":"https:\/\/irkohirashima.com.br\/en\/wp-json\/wp\/v2\/pages\/5560\/revisions"}],"predecessor-version":[{"id":5588,"href":"https:\/\/irkohirashima.com.br\/en\/wp-json\/wp\/v2\/pages\/5560\/revisions\/5588"}],"wp:attachment":[{"href":"https:\/\/irkohirashima.com.br\/en\/wp-json\/wp\/v2\/media?parent=5560"}],"curies":[{"name":"wp","href":"https:\/\/api.w.org\/{rel}","templated":true}]}}