{"id":5557,"date":"2020-09-28T17:49:02","date_gmt":"2020-09-28T17:49:02","guid":{"rendered":"http:\/\/irkohirashima.com.br\/corporate-finance\/"},"modified":"2023-04-13T13:12:36","modified_gmt":"2023-04-13T16:12:36","slug":"corporate-finance","status":"publish","type":"page","link":"https:\/\/irkohirashima.com.br\/en\/corporate-finance\/","title":{"rendered":"Corporate Finance"},"content":{"rendered":"<p>[et_pb_section fb_built=&#8221;1&#8243; custom_padding_last_edited=&#8221;off|desktop&#8221; admin_label=&#8221;Header&#8221; _builder_version=&#8221;4.16&#8243; use_background_color_gradient=&#8221;on&#8221; background_color_gradient_direction=&#8221;360deg&#8221; background_color_gradient_stops=&#8221;#5c5c5c 0%|rgba(0,0,0,0) 100%&#8221; background_color_gradient_overlays_image=&#8221;on&#8221; background_color_gradient_start=&#8221;#5c5c5c&#8221; background_color_gradient_end=&#8221;rgba(0,0,0,0)&#8221; background_image=&#8221;http:\/\/irkohirashima.com.br\/wp-content\/uploads\/2021\/01\/corporate-finance.jpg&#8221; custom_padding=&#8221;6vw||8vw||false|false&#8221; custom_padding_tablet=&#8221;||||false|false&#8221; custom_padding_phone=&#8221;||||false|false&#8221; locked=&#8221;off&#8221; global_colors_info=&#8221;{}&#8221;][et_pb_row column_structure=&#8221;1_2,1_2&#8243; make_equal=&#8221;on&#8221; _builder_version=&#8221;4.16&#8243; max_width=&#8221;1200px&#8221; custom_padding=&#8221;4%|0%|0px|4%|false|false&#8221; border_color_all=&#8221;#16252D&#8221; border_width_bottom=&#8221;8px&#8221; border_color_bottom=&#8221;#ffffff&#8221; border_width_left=&#8221;8px&#8221; border_color_left=&#8221;#ffffff&#8221; locked=&#8221;off&#8221; global_colors_info=&#8221;{}&#8221;][et_pb_column type=&#8221;1_2&#8243; _builder_version=&#8221;4.16&#8243; custom_padding=&#8221;||4%||false|false&#8221; global_colors_info=&#8221;{}&#8221;][et_pb_text _builder_version=&#8221;4.16.1&#8243; header_font=&#8221;|600||on|||||&#8221; header_text_color=&#8221;#ffffff&#8221; header_font_size=&#8221;60px&#8221; header_letter_spacing=&#8221;2px&#8221; header_line_height=&#8221;1.2em&#8221; background_layout=&#8221;dark&#8221; header_font_size_tablet=&#8221;40px&#8221; header_font_size_phone=&#8221;24px&#8221; header_font_size_last_edited=&#8221;on|phone&#8221; locked=&#8221;off&#8221; global_colors_info=&#8221;{}&#8221;]<\/p>\n<h1 style=\"text-align: left;\">Corporate Finance<\/h1>\n<p>[\/et_pb_text][\/et_pb_column][et_pb_column type=&#8221;1_2&#8243; _builder_version=&#8221;4.16&#8243; global_colors_info=&#8221;{}&#8221;][et_pb_button button_url=&#8221;#form-contato&#8221; button_text=&#8221;Contact us&#8221; button_alignment=&#8221;right&#8221; _builder_version=&#8221;4.16.1&#8243; custom_button=&#8221;on&#8221; button_text_size=&#8221;14px&#8221; button_text_color=&#8221;#ffffff&#8221; button_bg_color=&#8221;rgba(0,0,0,0)&#8221; button_border_width=&#8221;8px&#8221; button_border_color=&#8221;#ffffff&#8221; button_border_radius=&#8221;0px&#8221; button_letter_spacing=&#8221;5px&#8221; button_font=&#8221;|700||on|||||&#8221; positioning=&#8221;absolute&#8221; position_origin_a=&#8221;bottom_right&#8221; vertical_offset=&#8221;-8px&#8221; position_origin_a_tablet=&#8221;&#8221; position_origin_a_phone=&#8221;&#8221; position_origin_a_last_edited=&#8221;on|tablet&#8221; position_origin_f_tablet=&#8221;&#8221; position_origin_f_phone=&#8221;&#8221; position_origin_f_last_edited=&#8221;on|tablet&#8221; position_origin_r_tablet=&#8221;bottom_right&#8221; position_origin_r_phone=&#8221;&#8221; position_origin_r_last_edited=&#8221;on|tablet&#8221; custom_margin=&#8221;||||false|false&#8221; custom_margin_tablet=&#8221;|||0px|false|false&#8221; custom_margin_last_edited=&#8221;off|desktop&#8221; custom_padding=&#8221;20px|30px|20px|30px|true|true&#8221; positioning_tablet=&#8221;relative&#8221; positioning_phone=&#8221;&#8221; positioning_last_edited=&#8221;on|tablet&#8221; locked=&#8221;off&#8221; global_colors_info=&#8221;{}&#8221;][\/et_pb_button][\/et_pb_column][\/et_pb_row][\/et_pb_section][et_pb_section fb_built=&#8221;1&#8243; admin_label=&#8221;Features&#8221; _builder_version=&#8221;4.16&#8243; custom_margin=&#8221;53px|||||&#8221; locked=&#8221;off&#8221; global_colors_info=&#8221;{}&#8221;][et_pb_row use_custom_gutter=&#8221;on&#8221; gutter_width=&#8221;2&#8243; _builder_version=&#8221;4.16&#8243; custom_margin=&#8221;-10vw||||false|false&#8221; custom_padding=&#8221;||0px|||&#8221; global_colors_info=&#8221;{}&#8221;][et_pb_column type=&#8221;4_4&#8243; _builder_version=&#8221;4.16&#8243; background_color=&#8221;#f4f4f5&#8243; custom_padding=&#8221;30px|30px|30px|30px|true|true&#8221; custom_padding_tablet=&#8221;30px|30px|30px|30px|true|true&#8221; custom_padding_phone=&#8221;20px|20px|20px|20px|true|true&#8221; custom_padding_last_edited=&#8221;on|phone&#8221; global_colors_info=&#8221;{}&#8221;][et_pb_text _builder_version=&#8221;4.16.1&#8243; _module_preset=&#8221;default&#8221; text_font_size=&#8221;16px&#8221; global_colors_info=&#8221;{}&#8221;]<\/p>\n<p>Finance departments at companies must actively take part in managing the business, whether by effectively delivering transactional services, maximizing cash flows, assisting in planning, providing support in pricing and performance management, or making business-critical decisions.<\/p>\n<p>[\/et_pb_text][\/et_pb_column][\/et_pb_row][et_pb_row column_structure=&#8221;1_2,1_2&#8243; _builder_version=&#8221;4.16&#8243; _module_preset=&#8221;default&#8221; global_colors_info=&#8221;{}&#8221;][et_pb_column type=&#8221;1_2&#8243; _builder_version=&#8221;4.16&#8243; _module_preset=&#8221;default&#8221; global_colors_info=&#8221;{}&#8221;][et_pb_toggle title=&#8221;Finance&#8221; open_toggle_text_color=&#8221;#F58345&#8243; open_toggle_background_color=&#8221;#fcfcfc&#8221; icon_color=&#8221;#000000&#8243; open_icon_color=&#8221;#000000&#8243; _builder_version=&#8221;4.16.1&#8243; _module_preset=&#8221;default&#8221; title_font=&#8221;|600|||||||&#8221; background_color=&#8221;#ffffff&#8221; border_width_all=&#8221;0px&#8221; border_width_bottom=&#8221;2px&#8221; global_colors_info=&#8221;{}&#8221;]<\/p>\n<p>We have a group of experts with experience in:<\/p>\n<ul>\n<li>Planning, budget and forecasts\u00a0<\/li>\n<li>Cash flow management and projections (working capital management)<\/li>\n<li>Accounting\u00a0<\/li>\n<li>Tax\u00a0<\/li>\n<li>Costs and performance management,<\/li>\n<li>Shared service center\u00a0<\/li>\n<li>Management information and model\u00a0<\/li>\n<li>Financial risk management\u00a0<\/li>\n<\/ul>\n<p>[\/et_pb_toggle][et_pb_toggle title=&#8221;Fair value appraisal report&#8221; open_toggle_text_color=&#8221;#F58345&#8243; open_toggle_background_color=&#8221;#fcfcfc&#8221; icon_color=&#8221;#000000&#8243; open_icon_color=&#8221;#000000&#8243; _builder_version=&#8221;4.16.1&#8243; _module_preset=&#8221;default&#8221; title_font=&#8221;|600|||||||&#8221; background_color=&#8221;#ffffff&#8221; border_width_all=&#8221;0px&#8221; border_width_bottom=&#8221;2px&#8221; global_colors_info=&#8221;{}&#8221;]<\/p>\n<p>Application of mathematical methodologies widely accepted in the market (Income Approach, Market Approach, and Cost Approach) to determine the value of a particular company or asset, considering market, economic and financial criteria.<\/p>\n<p>[\/et_pb_toggle][\/et_pb_column][et_pb_column type=&#8221;1_2&#8243; _builder_version=&#8221;4.16&#8243; _module_preset=&#8221;default&#8221; global_colors_info=&#8221;{}&#8221;][et_pb_toggle title=&#8221;Valuation&#8221; open_toggle_text_color=&#8221;#F58345&#8243; open_toggle_background_color=&#8221;#fcfcfc&#8221; icon_color=&#8221;#000000&#8243; open_icon_color=&#8221;#000000&#8243; _builder_version=&#8221;4.16.1&#8243; _module_preset=&#8221;default&#8221; title_font=&#8221;|600|||||||&#8221; background_color=&#8221;#ffffff&#8221; border_width_all=&#8221;0px&#8221; border_width_bottom=&#8221;2px&#8221; global_colors_info=&#8221;{}&#8221;]<\/p>\n<p>The activities required to valuate assets and liabilities are expected to become increasingly complex in the coming years.<\/p>\n<p>Our professionals are highly qualified in financial, accounting, tax and due diligence processes, which allows us to provide enterprise valuation services for wide-ranging purposes.<\/p>\n<p>Valuation is one of the foremost parts of any process of acquisition, merger, spin-off, sale, corporate restructuring, capital injection, IPO, etc., and can be performed using the following criteria:<\/p>\n<ul>\n<li>Fair Value (guided by rules, particularly CPC 46 \u2013 Fair Value Measurement)<\/li>\n<li>Investment Value (considers the assumptions and needs of a private investor, based on their individual investment requirements and expectations).<\/li>\n<\/ul>\n<p>[\/et_pb_toggle][et_pb_toggle title=&#8221;Purchase Price Allocation &#8221; open_toggle_text_color=&#8221;#F58345&#8243; open_toggle_background_color=&#8221;#fcfcfc&#8221; icon_color=&#8221;#000000&#8243; open_icon_color=&#8221;#000000&#8243; _builder_version=&#8221;4.16.1&#8243; _module_preset=&#8221;default&#8221; title_font=&#8221;|600|||||||&#8221; background_color=&#8221;#ffffff&#8221; border_width_all=&#8221;0px&#8221; border_width_bottom=&#8221;2px&#8221; global_colors_info=&#8221;{}&#8221;]<\/p>\n<p>This is the process of allocating the acquisition cost of an entity to its acquired assets and assumed liabilities, appraised at their Fair Value (link to corporate finance). The surplus is considered goodwill.<\/p>\n<p>[\/et_pb_toggle][\/et_pb_column][\/et_pb_row][\/et_pb_section][et_pb_section fb_built=&#8221;1&#8243; _builder_version=&#8221;4.6.3&#8243; _module_preset=&#8221;default&#8221; background_color=&#8221;#9c9c9c&#8221; custom_padding=&#8221;0px||1px|||&#8221; global_module=&#8221;5574&#8243; saved_tabs=&#8221;all&#8221; global_colors_info=&#8221;{}&#8221;][et_pb_row module_id=&#8221;form-contato&#8221; _builder_version=&#8221;4.16&#8243; _module_preset=&#8221;default&#8221; global_colors_info=&#8221;{}&#8221;][et_pb_column type=&#8221;4_4&#8243; _builder_version=&#8221;4.16&#8243; _module_preset=&#8221;default&#8221; global_colors_info=&#8221;{}&#8221;][et_pb_contact_form use_spam_service=&#8221;on&#8221; recaptcha_list=&#8221;Default|Default-0&#8243; email=&#8221;atendimento@irkohirashima.com.br&#8221; title=&#8221;Would you like to know how we can help? Just talk to our pratice leader.&#8221; custom_message=&#8221;Mensagem enviada pelo site||et_pb_line_break_holder||Nome: %%name%%||et_pb_line_break_holder||Email: %%email%%||et_pb_line_break_holder||Telefone: %%telefone%%||et_pb_line_break_holder||Empresa: %%empresa%%||et_pb_line_break_holder||Mensagem: %%message%%&#8221; success_message=&#8221;Message sent sucessfuly!&#8221; submit_button_text=&#8221;Send&#8221; _builder_version=&#8221;4.16&#8243; _module_preset=&#8221;default&#8221; _unique_id=&#8221;27a19c87-b2ff-4e53-99eb-7c73f2e04c3a&#8221; title_text_align=&#8221;center&#8221; title_text_color=&#8221;#FFFFFF&#8221; title_line_height=&#8221;1.3em&#8221; captcha_text_color=&#8221;#FFFFFF&#8221; custom_button=&#8221;on&#8221; button_text_color=&#8221;#FFFFFF&#8221; custom_padding=&#8221;5%||5%||false|false&#8221; global_colors_info=&#8221;{}&#8221;][et_pb_contact_field field_id=&#8221;Name&#8221; field_title=&#8221;Name&#8221; fullwidth_field=&#8221;on&#8221; _builder_version=&#8221;4.16&#8243; global_colors_info=&#8221;{}&#8221; button_text_size__hover_enabled=&#8221;off&#8221; button_one_text_size__hover_enabled=&#8221;off&#8221; button_two_text_size__hover_enabled=&#8221;off&#8221; button_text_color__hover_enabled=&#8221;off&#8221; button_one_text_color__hover_enabled=&#8221;off&#8221; button_two_text_color__hover_enabled=&#8221;off&#8221; button_border_width__hover_enabled=&#8221;off&#8221; button_one_border_width__hover_enabled=&#8221;off&#8221; button_two_border_width__hover_enabled=&#8221;off&#8221; button_border_color__hover_enabled=&#8221;off&#8221; button_one_border_color__hover_enabled=&#8221;off&#8221; button_two_border_color__hover_enabled=&#8221;off&#8221; button_border_radius__hover_enabled=&#8221;off&#8221; button_one_border_radius__hover_enabled=&#8221;off&#8221; button_two_border_radius__hover_enabled=&#8221;off&#8221; button_letter_spacing__hover_enabled=&#8221;off&#8221; button_one_letter_spacing__hover_enabled=&#8221;off&#8221; button_two_letter_spacing__hover_enabled=&#8221;off&#8221; button_bg_color__hover_enabled=&#8221;off&#8221; button_one_bg_color__hover_enabled=&#8221;off&#8221; button_two_bg_color__hover_enabled=&#8221;off&#8221;][\/et_pb_contact_field][et_pb_contact_field field_id=&#8221;Email&#8221; field_title=&#8221;Email &#8221; field_type=&#8221;email&#8221; _builder_version=&#8221;4.16&#8243; global_colors_info=&#8221;{}&#8221; button_text_size__hover_enabled=&#8221;off&#8221; button_one_text_size__hover_enabled=&#8221;off&#8221; button_two_text_size__hover_enabled=&#8221;off&#8221; button_text_color__hover_enabled=&#8221;off&#8221; button_one_text_color__hover_enabled=&#8221;off&#8221; button_two_text_color__hover_enabled=&#8221;off&#8221; button_border_width__hover_enabled=&#8221;off&#8221; button_one_border_width__hover_enabled=&#8221;off&#8221; button_two_border_width__hover_enabled=&#8221;off&#8221; button_border_color__hover_enabled=&#8221;off&#8221; button_one_border_color__hover_enabled=&#8221;off&#8221; button_two_border_color__hover_enabled=&#8221;off&#8221; button_border_radius__hover_enabled=&#8221;off&#8221; button_one_border_radius__hover_enabled=&#8221;off&#8221; button_two_border_radius__hover_enabled=&#8221;off&#8221; button_letter_spacing__hover_enabled=&#8221;off&#8221; button_one_letter_spacing__hover_enabled=&#8221;off&#8221; button_two_letter_spacing__hover_enabled=&#8221;off&#8221; button_bg_color__hover_enabled=&#8221;off&#8221; button_one_bg_color__hover_enabled=&#8221;off&#8221; button_two_bg_color__hover_enabled=&#8221;off&#8221;][\/et_pb_contact_field][et_pb_contact_field field_id=&#8221;Telefone&#8221; field_title=&#8221;Telephone&#8221; required_mark=&#8221;off&#8221; _builder_version=&#8221;4.16&#8243; _module_preset=&#8221;default&#8221; global_colors_info=&#8221;{}&#8221;][\/et_pb_contact_field][et_pb_contact_field field_id=&#8221;Empresa&#8221; field_title=&#8221;Company&#8221; required_mark=&#8221;off&#8221; fullwidth_field=&#8221;on&#8221; _builder_version=&#8221;4.16&#8243; _module_preset=&#8221;default&#8221; global_colors_info=&#8221;{}&#8221;][\/et_pb_contact_field][et_pb_contact_field field_id=&#8221;Message&#8221; field_title=&#8221;Message&#8221; field_type=&#8221;text&#8221; fullwidth_field=&#8221;on&#8221; _builder_version=&#8221;4.16&#8243; global_colors_info=&#8221;{}&#8221; button_text_size__hover_enabled=&#8221;off&#8221; button_one_text_size__hover_enabled=&#8221;off&#8221; button_two_text_size__hover_enabled=&#8221;off&#8221; button_text_color__hover_enabled=&#8221;off&#8221; button_one_text_color__hover_enabled=&#8221;off&#8221; button_two_text_color__hover_enabled=&#8221;off&#8221; button_border_width__hover_enabled=&#8221;off&#8221; button_one_border_width__hover_enabled=&#8221;off&#8221; button_two_border_width__hover_enabled=&#8221;off&#8221; button_border_color__hover_enabled=&#8221;off&#8221; button_one_border_color__hover_enabled=&#8221;off&#8221; button_two_border_color__hover_enabled=&#8221;off&#8221; button_border_radius__hover_enabled=&#8221;off&#8221; button_one_border_radius__hover_enabled=&#8221;off&#8221; button_two_border_radius__hover_enabled=&#8221;off&#8221; button_letter_spacing__hover_enabled=&#8221;off&#8221; button_one_letter_spacing__hover_enabled=&#8221;off&#8221; button_two_letter_spacing__hover_enabled=&#8221;off&#8221; button_bg_color__hover_enabled=&#8221;off&#8221; button_one_bg_color__hover_enabled=&#8221;off&#8221; button_two_bg_color__hover_enabled=&#8221;off&#8221;][\/et_pb_contact_field][\/et_pb_contact_form][\/et_pb_column][\/et_pb_row][\/et_pb_section]<\/p>\n","protected":false},"excerpt":{"rendered":"<p>Corporate FinanceFinance departments at companies must actively take part in managing the business, whether by effectively delivering transactional services, maximizing cash flows, assisting in planning, providing support in pricing and performance management, or making business-critical decisions.We have a group of experts with experience in: Planning, budget and forecasts\u00a0 Cash flow management and projections (working capital [&hellip;]<\/p>\n","protected":false},"author":1,"featured_media":0,"parent":0,"menu_order":0,"comment_status":"closed","ping_status":"closed","template":"","meta":{"_et_pb_use_builder":"on","_et_pb_old_content":"","_et_gb_content_width":"","footnotes":""},"class_list":["post-5557","page","type-page","status-publish","hentry"],"yoast_head":"<!-- This site is optimized with the Yoast SEO plugin v26.4 - https:\/\/yoast.com\/wordpress\/plugins\/seo\/ -->\n<title>Corporate Finance - Finan\u00e7as Corporativas<\/title>\n<meta name=\"description\" content=\"As \u00e1reas de Finan\u00e7as das empresas devem participar de forma ativa na gest\u00e3o dos neg\u00f3cios, seja pela entrega eficaz de servi\u00e7os transacionais, pela maximiza\u00e7\u00e3o dos fluxos de caixa, pelo aux\u00edlio no planejamento, no suporte \u00e0 precifica\u00e7\u00e3o e gest\u00e3o de performance ou \u00e0 tomada de decis\u00e3o cr\u00edtica de neg\u00f3cios.\" \/>\n<meta name=\"robots\" content=\"index, follow, max-snippet:-1, max-image-preview:large, max-video-preview:-1\" \/>\n<link rel=\"canonical\" href=\"https:\/\/irkohirashima.com.br\/en\/corporate-finance\/\" \/>\n<meta property=\"og:locale\" content=\"en_US\" \/>\n<meta property=\"og:type\" content=\"article\" \/>\n<meta property=\"og:title\" content=\"Corporate Finance - Finan\u00e7as Corporativas\" \/>\n<meta property=\"og:description\" content=\"As \u00e1reas de Finan\u00e7as das empresas devem participar de forma ativa na gest\u00e3o dos neg\u00f3cios, seja pela entrega eficaz de servi\u00e7os transacionais, pela maximiza\u00e7\u00e3o dos fluxos de caixa, pelo aux\u00edlio no planejamento, no suporte \u00e0 precifica\u00e7\u00e3o e gest\u00e3o de performance ou \u00e0 tomada de decis\u00e3o cr\u00edtica de neg\u00f3cios.\" \/>\n<meta property=\"og:url\" content=\"https:\/\/irkohirashima.com.br\/corporate-finance\/\" \/>\n<meta property=\"og:site_name\" content=\"Irko Hirashima\" \/>\n<meta property=\"article:modified_time\" content=\"2023-04-13T16:12:36+00:00\" \/>\n<meta name=\"twitter:card\" content=\"summary_large_image\" \/>\n<meta name=\"twitter:label1\" content=\"Est. reading time\" \/>\n\t<meta name=\"twitter:data1\" content=\"4 minutes\" \/>\n<script type=\"application\/ld+json\" class=\"yoast-schema-graph\">{\"@context\":\"https:\/\/schema.org\",\"@graph\":[{\"@type\":\"WebPage\",\"@id\":\"https:\/\/irkohirashima.com.br\/corporate-finance\/\",\"url\":\"https:\/\/irkohirashima.com.br\/corporate-finance\/\",\"name\":\"Corporate Finance - Finan\u00e7as Corporativas\",\"isPartOf\":{\"@id\":\"https:\/\/irkohirashima.com.br\/#website\"},\"datePublished\":\"2020-09-28T17:49:02+00:00\",\"dateModified\":\"2023-04-13T16:12:36+00:00\",\"description\":\"As \u00e1reas de Finan\u00e7as das empresas devem participar de forma ativa na gest\u00e3o dos neg\u00f3cios, seja pela entrega eficaz de servi\u00e7os transacionais, pela maximiza\u00e7\u00e3o dos fluxos de caixa, pelo aux\u00edlio no planejamento, no suporte \u00e0 precifica\u00e7\u00e3o e gest\u00e3o de performance ou \u00e0 tomada de decis\u00e3o cr\u00edtica de neg\u00f3cios.\",\"breadcrumb\":{\"@id\":\"https:\/\/irkohirashima.com.br\/corporate-finance\/#breadcrumb\"},\"inLanguage\":\"en-US\",\"potentialAction\":[{\"@type\":\"ReadAction\",\"target\":[\"https:\/\/irkohirashima.com.br\/corporate-finance\/\"]}]},{\"@type\":\"BreadcrumbList\",\"@id\":\"https:\/\/irkohirashima.com.br\/corporate-finance\/#breadcrumb\",\"itemListElement\":[{\"@type\":\"ListItem\",\"position\":1,\"name\":\"Home\"},{\"@type\":\"ListItem\",\"position\":2,\"name\":\"Corporate Finance\"}]},{\"@type\":\"WebSite\",\"@id\":\"https:\/\/irkohirashima.com.br\/#website\",\"url\":\"https:\/\/irkohirashima.com.br\/\",\"name\":\"Irko Hirashima\",\"description\":\"Boutique de Advisory e Assurance\",\"publisher\":{\"@id\":\"https:\/\/irkohirashima.com.br\/#organization\"},\"potentialAction\":[{\"@type\":\"SearchAction\",\"target\":{\"@type\":\"EntryPoint\",\"urlTemplate\":\"https:\/\/irkohirashima.com.br\/?s={search_term_string}\"},\"query-input\":{\"@type\":\"PropertyValueSpecification\",\"valueRequired\":true,\"valueName\":\"search_term_string\"}}],\"inLanguage\":\"en-US\"},{\"@type\":\"Organization\",\"@id\":\"https:\/\/irkohirashima.com.br\/#organization\",\"name\":\"IRKO Hirashima\",\"url\":\"https:\/\/irkohirashima.com.br\/\",\"logo\":{\"@type\":\"ImageObject\",\"inLanguage\":\"en-US\",\"@id\":\"https:\/\/irkohirashima.com.br\/#\/schema\/logo\/image\/\",\"url\":\"https:\/\/irkohirashima.com.br\/wp-content\/uploads\/2021\/01\/irko-hirashima-colorido-2.png\",\"contentUrl\":\"https:\/\/irkohirashima.com.br\/wp-content\/uploads\/2021\/01\/irko-hirashima-colorido-2.png\",\"width\":442,\"height\":153,\"caption\":\"IRKO Hirashima\"},\"image\":{\"@id\":\"https:\/\/irkohirashima.com.br\/#\/schema\/logo\/image\/\"}}]}<\/script>\n<!-- \/ Yoast SEO plugin. -->","yoast_head_json":{"title":"Corporate Finance - Finan\u00e7as Corporativas","description":"As \u00e1reas de Finan\u00e7as das empresas devem participar de forma ativa na gest\u00e3o dos neg\u00f3cios, seja pela entrega eficaz de servi\u00e7os transacionais, pela maximiza\u00e7\u00e3o dos fluxos de caixa, pelo aux\u00edlio no planejamento, no suporte \u00e0 precifica\u00e7\u00e3o e gest\u00e3o de performance ou \u00e0 tomada de decis\u00e3o cr\u00edtica de neg\u00f3cios.","robots":{"index":"index","follow":"follow","max-snippet":"max-snippet:-1","max-image-preview":"max-image-preview:large","max-video-preview":"max-video-preview:-1"},"canonical":"https:\/\/irkohirashima.com.br\/en\/corporate-finance\/","og_locale":"en_US","og_type":"article","og_title":"Corporate Finance - Finan\u00e7as Corporativas","og_description":"As \u00e1reas de Finan\u00e7as das empresas devem participar de forma ativa na gest\u00e3o dos neg\u00f3cios, seja pela entrega eficaz de servi\u00e7os transacionais, pela maximiza\u00e7\u00e3o dos fluxos de caixa, pelo aux\u00edlio no planejamento, no suporte \u00e0 precifica\u00e7\u00e3o e gest\u00e3o de performance ou \u00e0 tomada de decis\u00e3o cr\u00edtica de neg\u00f3cios.","og_url":"https:\/\/irkohirashima.com.br\/corporate-finance\/","og_site_name":"Irko Hirashima","article_modified_time":"2023-04-13T16:12:36+00:00","twitter_card":"summary_large_image","twitter_misc":{"Est. reading time":"4 minutes"},"schema":{"@context":"https:\/\/schema.org","@graph":[{"@type":"WebPage","@id":"https:\/\/irkohirashima.com.br\/corporate-finance\/","url":"https:\/\/irkohirashima.com.br\/corporate-finance\/","name":"Corporate Finance - Finan\u00e7as Corporativas","isPartOf":{"@id":"https:\/\/irkohirashima.com.br\/#website"},"datePublished":"2020-09-28T17:49:02+00:00","dateModified":"2023-04-13T16:12:36+00:00","description":"As \u00e1reas de Finan\u00e7as das empresas devem participar de forma ativa na gest\u00e3o dos neg\u00f3cios, seja pela entrega eficaz de servi\u00e7os transacionais, pela maximiza\u00e7\u00e3o dos fluxos de caixa, pelo aux\u00edlio no planejamento, no suporte \u00e0 precifica\u00e7\u00e3o e gest\u00e3o de performance ou \u00e0 tomada de decis\u00e3o cr\u00edtica de neg\u00f3cios.","breadcrumb":{"@id":"https:\/\/irkohirashima.com.br\/corporate-finance\/#breadcrumb"},"inLanguage":"en-US","potentialAction":[{"@type":"ReadAction","target":["https:\/\/irkohirashima.com.br\/corporate-finance\/"]}]},{"@type":"BreadcrumbList","@id":"https:\/\/irkohirashima.com.br\/corporate-finance\/#breadcrumb","itemListElement":[{"@type":"ListItem","position":1,"name":"Home"},{"@type":"ListItem","position":2,"name":"Corporate Finance"}]},{"@type":"WebSite","@id":"https:\/\/irkohirashima.com.br\/#website","url":"https:\/\/irkohirashima.com.br\/","name":"Irko Hirashima","description":"Boutique de Advisory e Assurance","publisher":{"@id":"https:\/\/irkohirashima.com.br\/#organization"},"potentialAction":[{"@type":"SearchAction","target":{"@type":"EntryPoint","urlTemplate":"https:\/\/irkohirashima.com.br\/?s={search_term_string}"},"query-input":{"@type":"PropertyValueSpecification","valueRequired":true,"valueName":"search_term_string"}}],"inLanguage":"en-US"},{"@type":"Organization","@id":"https:\/\/irkohirashima.com.br\/#organization","name":"IRKO Hirashima","url":"https:\/\/irkohirashima.com.br\/","logo":{"@type":"ImageObject","inLanguage":"en-US","@id":"https:\/\/irkohirashima.com.br\/#\/schema\/logo\/image\/","url":"https:\/\/irkohirashima.com.br\/wp-content\/uploads\/2021\/01\/irko-hirashima-colorido-2.png","contentUrl":"https:\/\/irkohirashima.com.br\/wp-content\/uploads\/2021\/01\/irko-hirashima-colorido-2.png","width":442,"height":153,"caption":"IRKO Hirashima"},"image":{"@id":"https:\/\/irkohirashima.com.br\/#\/schema\/logo\/image\/"}}]}},"_links":{"self":[{"href":"https:\/\/irkohirashima.com.br\/en\/wp-json\/wp\/v2\/pages\/5557","targetHints":{"allow":["GET"]}}],"collection":[{"href":"https:\/\/irkohirashima.com.br\/en\/wp-json\/wp\/v2\/pages"}],"about":[{"href":"https:\/\/irkohirashima.com.br\/en\/wp-json\/wp\/v2\/types\/page"}],"author":[{"embeddable":true,"href":"https:\/\/irkohirashima.com.br\/en\/wp-json\/wp\/v2\/users\/1"}],"replies":[{"embeddable":true,"href":"https:\/\/irkohirashima.com.br\/en\/wp-json\/wp\/v2\/comments?post=5557"}],"version-history":[{"count":8,"href":"https:\/\/irkohirashima.com.br\/en\/wp-json\/wp\/v2\/pages\/5557\/revisions"}],"predecessor-version":[{"id":6448,"href":"https:\/\/irkohirashima.com.br\/en\/wp-json\/wp\/v2\/pages\/5557\/revisions\/6448"}],"wp:attachment":[{"href":"https:\/\/irkohirashima.com.br\/en\/wp-json\/wp\/v2\/media?parent=5557"}],"curies":[{"name":"wp","href":"https:\/\/api.w.org\/{rel}","templated":true}]}}