{"id":5501,"date":"2020-09-29T21:15:43","date_gmt":"2020-09-29T21:15:43","guid":{"rendered":"http:\/\/irkohirashima.com.br\/contato\/"},"modified":"2024-07-25T13:00:37","modified_gmt":"2024-07-25T16:00:37","slug":"contact","status":"publish","type":"page","link":"https:\/\/irkohirashima.com.br\/en\/contact\/","title":{"rendered":"Contact"},"content":{"rendered":"<p>[et_pb_section fb_built=&#8221;1&#8243; custom_padding_last_edited=&#8221;off|desktop&#8221; admin_label=&#8221;Header&#8221; _builder_version=&#8221;4.16&#8243; use_background_color_gradient=&#8221;on&#8221; background_color_gradient_direction=&#8221;100deg&#8221; background_color_gradient_stops=&#8221;#5c5c5c 0%|rgba(36,66,131,0) 76%&#8221; background_color_gradient_overlays_image=&#8221;on&#8221; background_color_gradient_start=&#8221;#5c5c5c&#8221; background_color_gradient_end=&#8221;rgba(36,66,131,0)&#8221; background_color_gradient_end_position=&#8221;76%&#8221; background_image=&#8221;https:\/\/irkohirashima.com.br\/wp-content\/uploads\/2020\/09\/foto-SP-2019_IRKO_01_02.jpg&#8221; custom_padding=&#8221;6vw||6vw||true|false&#8221; custom_padding_tablet=&#8221;||||false|false&#8221; custom_padding_phone=&#8221;||||false|false&#8221; locked=&#8221;off&#8221; global_colors_info=&#8221;{}&#8221;][et_pb_row column_structure=&#8221;1_2,1_2&#8243; _builder_version=&#8221;4.16&#8243; max_width=&#8221;1200px&#8221; custom_padding=&#8221;4%|4%|4%|4%|true|true&#8221; border_color_all=&#8221;#ffffff&#8221; border_width_bottom=&#8221;8px&#8221; border_width_left=&#8221;8px&#8221; locked=&#8221;off&#8221; global_colors_info=&#8221;{}&#8221;][et_pb_column type=&#8221;1_2&#8243; _builder_version=&#8221;4.16&#8243; global_colors_info=&#8221;{}&#8221;][et_pb_text _builder_version=&#8221;4.16&#8243; header_font=&#8221;Heebo|900||on|||||&#8221; header_font_size=&#8221;60px&#8221; header_letter_spacing=&#8221;2px&#8221; header_line_height=&#8221;1.2em&#8221; background_layout=&#8221;dark&#8221; header_font_size_tablet=&#8221;40px&#8221; header_font_size_phone=&#8221;24px&#8221; header_font_size_last_edited=&#8221;on|phone&#8221; locked=&#8221;off&#8221; global_colors_info=&#8221;{}&#8221;]<\/p>\n<h1>CONTACT<\/h1>\n<p>[\/et_pb_text][\/et_pb_column][et_pb_column type=&#8221;1_2&#8243; _builder_version=&#8221;4.16&#8243; global_colors_info=&#8221;{}&#8221;][\/et_pb_column][\/et_pb_row][\/et_pb_section][et_pb_section fb_built=&#8221;1&#8243; custom_padding_last_edited=&#8221;off|desktop&#8221; admin_label=&#8221;Contact Info&#8221; _builder_version=&#8221;4.16&#8243; custom_padding=&#8221;0px||0px||true|false&#8221; custom_padding_tablet=&#8221;60px||60px||true|false&#8221; custom_padding_phone=&#8221;40px||40px||true|false&#8221; locked=&#8221;off&#8221; global_colors_info=&#8221;{}&#8221;][et_pb_row column_structure=&#8221;1_2,1_2&#8243; use_custom_gutter=&#8221;on&#8221; gutter_width=&#8221;2&#8243; make_equal=&#8221;on&#8221; custom_padding_last_edited=&#8221;off|desktop&#8221; _builder_version=&#8221;4.16&#8243; max_width=&#8221;1200px&#8221; custom_padding=&#8221;4.8%|4%|4.8%|4%|true|true&#8221; custom_padding_tablet=&#8221;50px||50px|30px|false|false&#8221; border_width_left=&#8221;8px&#8221; border_color_left=&#8221;#F4F4F5&#8243; global_colors_info=&#8221;{}&#8221;][et_pb_column type=&#8221;1_2&#8243; _builder_version=&#8221;4.16&#8243; global_colors_info=&#8221;{}&#8221;][et_pb_text _builder_version=&#8221;4.16&#8243; text_line_height=&#8221;2em&#8221; link_text_color=&#8221;#666666&#8243; link_font_size=&#8221;18px&#8221; link_line_height=&#8221;1.8em&#8221; header_6_font=&#8221;Heebo|700||on|||||&#8221; header_6_letter_spacing=&#8221;3px&#8221; header_6_line_height=&#8221;2em&#8221; link_font_size_tablet=&#8221;16px&#8221; link_font_size_phone=&#8221;14px&#8221; link_font_size_last_edited=&#8221;on|phone&#8221; locked=&#8221;off&#8221; global_colors_info=&#8221;{}&#8221;]<\/p>\n<h6>E-mail<\/h6>\n<p><a href=\"#\"> atendimento@irkohirashima.com.br <\/a><\/p>\n<p>[\/et_pb_text][\/et_pb_column][et_pb_column type=&#8221;1_2&#8243; _builder_version=&#8221;4.16&#8243; global_colors_info=&#8221;{}&#8221;][et_pb_text _builder_version=&#8221;4.16&#8243; text_font_size=&#8221;18px&#8221; text_line_height=&#8221;2em&#8221; header_6_font=&#8221;Heebo|700||on|||||&#8221; header_6_letter_spacing=&#8221;3px&#8221; header_6_line_height=&#8221;2em&#8221; custom_margin=&#8221;0px||0px||false|false&#8221; custom_padding=&#8221;0px||0px||false|false&#8221; text_font_size_tablet=&#8221;16px&#8221; text_font_size_phone=&#8221;14px&#8221; text_font_size_last_edited=&#8221;on|phone&#8221; locked=&#8221;off&#8221; global_colors_info=&#8221;{}&#8221;]<\/p>\n<h6>Social Networks<\/h6>\n<p>[\/et_pb_text][et_pb_social_media_follow _builder_version=&#8221;4.16&#8243; _module_preset=&#8221;default&#8221; global_colors_info=&#8221;{}&#8221;][et_pb_social_media_follow_network social_network=&#8221;facebook&#8221; url=&#8221;http:\/\/facebook.com\/irkohirashima&#8221; _builder_version=&#8221;4.16&#8243; _module_preset=&#8221;default&#8221; background_color=&#8221;#3b5998&#8243; global_colors_info=&#8221;{}&#8221; follow_button=&#8221;off&#8221; url_new_window=&#8221;on&#8221;]facebook[\/et_pb_social_media_follow_network][et_pb_social_media_follow_network social_network=&#8221;linkedin&#8221; url=&#8221;http:\/\/linkedin.com\/company\/irkohirashima&#8221; _builder_version=&#8221;4.16&#8243; _module_preset=&#8221;default&#8221; background_color=&#8221;#007bb6&#8243; global_colors_info=&#8221;{}&#8221; follow_button=&#8221;off&#8221; url_new_window=&#8221;on&#8221;]linkedin[\/et_pb_social_media_follow_network][et_pb_social_media_follow_network social_network=&#8221;instagram&#8221; url=&#8221;http:\/\/instagram.com\/irkohirashima&#8221; _builder_version=&#8221;4.16&#8243; _module_preset=&#8221;default&#8221; background_color=&#8221;#ea2c59&#8243; global_colors_info=&#8221;{}&#8221; follow_button=&#8221;off&#8221; url_new_window=&#8221;on&#8221;]instagram[\/et_pb_social_media_follow_network][\/et_pb_social_media_follow][\/et_pb_column][\/et_pb_row][et_pb_row column_structure=&#8221;1_3,1_3,1_3&#8243; use_custom_gutter=&#8221;on&#8221; gutter_width=&#8221;2&#8243; make_equal=&#8221;on&#8221; custom_padding_last_edited=&#8221;off|desktop&#8221; _builder_version=&#8221;4.16&#8243; max_width=&#8221;1200px&#8221; custom_margin=&#8221;-1px|auto||auto||&#8221; custom_padding=&#8221;3.4%|4%|3.4%|4%|true|true&#8221; custom_padding_tablet=&#8221;50px||50px|30px|false|false&#8221; border_width_left=&#8221;8px&#8221; border_color_left=&#8221;#F4F4F5&#8243; global_colors_info=&#8221;{}&#8221;][et_pb_column type=&#8221;1_3&#8243; _builder_version=&#8221;4.16&#8243; global_colors_info=&#8221;{}&#8221;][et_pb_text _builder_version=&#8221;4.16.1&#8243; text_font_size=&#8221;18px&#8221; text_line_height=&#8221;2em&#8221; header_6_font=&#8221;Heebo|700||on|||||&#8221; header_6_letter_spacing=&#8221;3px&#8221; header_6_line_height=&#8221;2em&#8221; text_font_size_tablet=&#8221;16px&#8221; text_font_size_phone=&#8221;14px&#8221; text_font_size_last_edited=&#8221;on|phone&#8221; locked=&#8221;off&#8221; global_colors_info=&#8221;{}&#8221;]<\/p>\n<h6>S\u00e3o Paulo &#8211; Head Office<\/h6>\n<p><span>Rua Dom Jos\u00e9 de Barros, 177<\/span><br \/><span>S\u00e3o Paulo \u2013 SP<\/span><br \/><span>+55 11 96356-8311<\/span><\/p>\n<p>[\/et_pb_text][\/et_pb_column][et_pb_column type=&#8221;1_3&#8243; _builder_version=&#8221;4.16&#8243; global_colors_info=&#8221;{}&#8221;][et_pb_text _builder_version=&#8221;4.16.1&#8243; text_font_size=&#8221;18px&#8221; text_line_height=&#8221;2em&#8221; header_6_font=&#8221;Heebo|700||on|||||&#8221; header_6_letter_spacing=&#8221;3px&#8221; header_6_line_height=&#8221;2em&#8221; text_font_size_tablet=&#8221;16px&#8221; text_font_size_phone=&#8221;14px&#8221; text_font_size_last_edited=&#8221;on|phone&#8221; locked=&#8221;off&#8221; global_colors_info=&#8221;{}&#8221; custom_padding=&#8221;||0px|||&#8221;]<\/p>\n<h6>S\u00e3o Paulo &#8211; Faria Lima<\/h6>\n<p><span>Rua Cardeal Arcoverde, 2450<\/span><br \/><span>S\u00e3o Paulo \u2013 SP<\/span><br \/><span>+55 11 96356-8311<\/span><\/p>\n<p>[\/et_pb_text][\/et_pb_column][et_pb_column type=&#8221;1_3&#8243; _builder_version=&#8221;4.16&#8243; global_colors_info=&#8221;{}&#8221;][et_pb_text _builder_version=&#8221;4.16&#8243; text_font_size=&#8221;18px&#8221; text_line_height=&#8221;2em&#8221; header_6_font=&#8221;Heebo|700||on|||||&#8221; header_6_letter_spacing=&#8221;3px&#8221; header_6_line_height=&#8221;2em&#8221; text_font_size_tablet=&#8221;16px&#8221; text_font_size_phone=&#8221;14px&#8221; text_font_size_last_edited=&#8221;on|phone&#8221; locked=&#8221;off&#8221; global_colors_info=&#8221;{}&#8221;]<\/p>\n<h6>Rio de Janeiro<\/h6>\n<p>Rio Branco, 125 \u2013 19\u00ba andar<br \/>\nRio de Janeiro \u2013 RJ<br \/>\n+55 21 3529-1076[\/et_pb_text][\/et_pb_column][\/et_pb_row][\/et_pb_section][et_pb_section fb_built=&#8221;1&#8243; admin_label=&#8221;Contact Form&#8221; _builder_version=&#8221;4.16&#8243; custom_padding=&#8221;0px||0px||true|false&#8221; global_colors_info=&#8221;{}&#8221;][et_pb_row column_structure=&#8221;3_4,1_4&#8243; use_custom_gutter=&#8221;on&#8221; gutter_width=&#8221;2&#8243; make_equal=&#8221;on&#8221; custom_padding_last_edited=&#8221;off|desktop&#8221; _builder_version=&#8221;4.16&#8243; max_width=&#8221;1200px&#8221; custom_padding=&#8221;0px||||false|false&#8221; custom_padding_tablet=&#8221;|||30px|false|false&#8221; global_colors_info=&#8221;{}&#8221;][et_pb_column type=&#8221;3_4&#8243; _builder_version=&#8221;4.16&#8243; background_color=&#8221;#f4f4f5&#8243; custom_padding=&#8221;6%|6%|6%|6%|true|true&#8221; global_colors_info=&#8221;{}&#8221;][et_pb_contact_form use_spam_service=&#8221;on&#8221; recaptcha_list=&#8221;Default|Default-0&#8243; email=&#8221;atendimento@irkohirashima.com.br&#8221; title=&#8221;Send a Message&#8221; custom_message=&#8221;Mensagem enviada pelo site||et_pb_line_break_holder||Nome: %%name%%||et_pb_line_break_holder||Email: %%email%%||et_pb_line_break_holder||Telefone: %%telefone%%||et_pb_line_break_holder||Empresa: %%empresa%%||et_pb_line_break_holder||Mensagem: %%message%%&#8221; success_message=&#8221;Message sent sucessfuly.&#8221; submit_button_text=&#8221;Send&#8221; _builder_version=&#8221;4.16&#8243; _unique_id=&#8221;aae913f5-def4-43ca-bb69-3a04cd2e4391&#8243; form_field_background_color=&#8221;rgba(0,0,0,0)&#8221; title_level=&#8221;h2&#8243; title_font=&#8221;Heebo|900||on|||||&#8221; title_font_size=&#8221;40px&#8221; title_letter_spacing=&#8221;1px&#8221; title_line_height=&#8221;1.8em&#8221; form_field_font=&#8221;|700||on|||||&#8221; form_field_font_size=&#8221;14px&#8221; form_field_letter_spacing=&#8221;5px&#8221; form_field_line_height=&#8221;1.8em&#8221; custom_button=&#8221;on&#8221; button_text_size=&#8221;14px&#8221; button_text_color=&#8221;#ffffff&#8221; button_bg_color=&#8221;#f58345&#8243; button_border_width=&#8221;0px&#8221; button_border_radius=&#8221;0px&#8221; button_letter_spacing=&#8221;5px&#8221; button_font=&#8221;|700||on|||||&#8221; button_custom_padding=&#8221;20px|30px|20px|30px|true|true&#8221; title_font_size_tablet=&#8221;24px&#8221; title_font_size_phone=&#8221;20px&#8221; title_font_size_last_edited=&#8221;on|phone&#8221; border_width_all=&#8221;2px&#8221; border_color_all=&#8221;#B1B5B9&#8243; global_colors_info=&#8221;{}&#8221;][et_pb_contact_field field_id=&#8221;Name&#8221; field_title=&#8221;Name&#8221; fullwidth_field=&#8221;on&#8221; _builder_version=&#8221;4.16&#8243; global_colors_info=&#8221;{}&#8221; button_text_size__hover_enabled=&#8221;off&#8221; button_one_text_size__hover_enabled=&#8221;off&#8221; button_two_text_size__hover_enabled=&#8221;off&#8221; button_text_color__hover_enabled=&#8221;off&#8221; button_one_text_color__hover_enabled=&#8221;off&#8221; button_two_text_color__hover_enabled=&#8221;off&#8221; button_border_width__hover_enabled=&#8221;off&#8221; button_one_border_width__hover_enabled=&#8221;off&#8221; button_two_border_width__hover_enabled=&#8221;off&#8221; button_border_color__hover_enabled=&#8221;off&#8221; button_one_border_color__hover_enabled=&#8221;off&#8221; button_two_border_color__hover_enabled=&#8221;off&#8221; button_border_radius__hover_enabled=&#8221;off&#8221; button_one_border_radius__hover_enabled=&#8221;off&#8221; button_two_border_radius__hover_enabled=&#8221;off&#8221; button_letter_spacing__hover_enabled=&#8221;off&#8221; button_one_letter_spacing__hover_enabled=&#8221;off&#8221; button_two_letter_spacing__hover_enabled=&#8221;off&#8221; button_bg_color__hover_enabled=&#8221;off&#8221; button_one_bg_color__hover_enabled=&#8221;off&#8221; button_two_bg_color__hover_enabled=&#8221;off&#8221;][\/et_pb_contact_field][et_pb_contact_field field_id=&#8221;Email&#8221; field_title=&#8221;Email&#8221; field_type=&#8221;email&#8221; _builder_version=&#8221;4.16&#8243; global_colors_info=&#8221;{}&#8221; button_text_size__hover_enabled=&#8221;off&#8221; button_one_text_size__hover_enabled=&#8221;off&#8221; button_two_text_size__hover_enabled=&#8221;off&#8221; button_text_color__hover_enabled=&#8221;off&#8221; button_one_text_color__hover_enabled=&#8221;off&#8221; button_two_text_color__hover_enabled=&#8221;off&#8221; button_border_width__hover_enabled=&#8221;off&#8221; button_one_border_width__hover_enabled=&#8221;off&#8221; button_two_border_width__hover_enabled=&#8221;off&#8221; button_border_color__hover_enabled=&#8221;off&#8221; button_one_border_color__hover_enabled=&#8221;off&#8221; button_two_border_color__hover_enabled=&#8221;off&#8221; button_border_radius__hover_enabled=&#8221;off&#8221; button_one_border_radius__hover_enabled=&#8221;off&#8221; button_two_border_radius__hover_enabled=&#8221;off&#8221; button_letter_spacing__hover_enabled=&#8221;off&#8221; button_one_letter_spacing__hover_enabled=&#8221;off&#8221; button_two_letter_spacing__hover_enabled=&#8221;off&#8221; button_bg_color__hover_enabled=&#8221;off&#8221; button_one_bg_color__hover_enabled=&#8221;off&#8221; button_two_bg_color__hover_enabled=&#8221;off&#8221;][\/et_pb_contact_field][et_pb_contact_field field_id=&#8221;Telefone&#8221; field_title=&#8221;Telephone&#8221; required_mark=&#8221;off&#8221; _builder_version=&#8221;4.16&#8243; _module_preset=&#8221;default&#8221; global_colors_info=&#8221;{}&#8221;][\/et_pb_contact_field][et_pb_contact_field field_id=&#8221;Empresa&#8221; field_title=&#8221;Company&#8221; required_mark=&#8221;off&#8221; fullwidth_field=&#8221;on&#8221; _builder_version=&#8221;4.16&#8243; _module_preset=&#8221;default&#8221; global_colors_info=&#8221;{}&#8221;][\/et_pb_contact_field][et_pb_contact_field field_id=&#8221;Message&#8221; field_title=&#8221;Message&#8221; field_type=&#8221;text&#8221; fullwidth_field=&#8221;on&#8221; _builder_version=&#8221;4.16&#8243; global_colors_info=&#8221;{}&#8221; button_text_size__hover_enabled=&#8221;off&#8221; button_one_text_size__hover_enabled=&#8221;off&#8221; button_two_text_size__hover_enabled=&#8221;off&#8221; button_text_color__hover_enabled=&#8221;off&#8221; button_one_text_color__hover_enabled=&#8221;off&#8221; button_two_text_color__hover_enabled=&#8221;off&#8221; button_border_width__hover_enabled=&#8221;off&#8221; button_one_border_width__hover_enabled=&#8221;off&#8221; button_two_border_width__hover_enabled=&#8221;off&#8221; button_border_color__hover_enabled=&#8221;off&#8221; button_one_border_color__hover_enabled=&#8221;off&#8221; button_two_border_color__hover_enabled=&#8221;off&#8221; button_border_radius__hover_enabled=&#8221;off&#8221; button_one_border_radius__hover_enabled=&#8221;off&#8221; button_two_border_radius__hover_enabled=&#8221;off&#8221; button_letter_spacing__hover_enabled=&#8221;off&#8221; button_one_letter_spacing__hover_enabled=&#8221;off&#8221; button_two_letter_spacing__hover_enabled=&#8221;off&#8221; button_bg_color__hover_enabled=&#8221;off&#8221; button_one_bg_color__hover_enabled=&#8221;off&#8221; button_two_bg_color__hover_enabled=&#8221;off&#8221;][\/et_pb_contact_field][\/et_pb_contact_form][\/et_pb_column][et_pb_column type=&#8221;1_4&#8243; _builder_version=&#8221;4.16&#8243; background_color=&#8221;#9c9c9c&#8221; global_colors_info=&#8221;{}&#8221;][\/et_pb_column][\/et_pb_row][\/et_pb_section]<\/p>\n","protected":false},"excerpt":{"rendered":"<p>CONTACTE-mail atendimento@irkohirashima.com.br Social NetworksS\u00e3o Paulo &#8211; Head Office Rua Dom Jos\u00e9 de Barros, 177S\u00e3o Paulo \u2013 SP+55 11 96356-8311S\u00e3o Paulo &#8211; Faria Lima Rua Cardeal Arcoverde, 2450S\u00e3o Paulo \u2013 SP+55 11 96356-8311Rio de Janeiro Rio Branco, 125 \u2013 19\u00ba andar Rio de Janeiro \u2013 RJ +55 21 3529-1076<\/p>\n","protected":false},"author":1,"featured_media":0,"parent":0,"menu_order":0,"comment_status":"closed","ping_status":"closed","template":"","meta":{"_et_pb_use_builder":"on","_et_pb_old_content":"","_et_gb_content_width":"","footnotes":""},"class_list":["post-5501","page","type-page","status-publish","hentry"],"yoast_head":"<!-- This site is optimized with the Yoast SEO plugin v26.4 - https:\/\/yoast.com\/wordpress\/plugins\/seo\/ -->\n<title>Contact<\/title>\n<meta name=\"description\" content=\"Entre em contato com a IRKO Hirashima.\" \/>\n<meta name=\"robots\" content=\"index, follow, max-snippet:-1, max-image-preview:large, max-video-preview:-1\" \/>\n<link rel=\"canonical\" href=\"https:\/\/irkohirashima.com.br\/en\/contact\/\" \/>\n<meta property=\"og:locale\" content=\"en_US\" \/>\n<meta property=\"og:type\" content=\"article\" \/>\n<meta property=\"og:title\" content=\"Contact\" \/>\n<meta property=\"og:description\" content=\"Entre em contato com a IRKO Hirashima.\" \/>\n<meta property=\"og:url\" content=\"https:\/\/irkohirashima.com.br\/en\/contact\/\" \/>\n<meta property=\"og:site_name\" content=\"Irko Hirashima\" \/>\n<meta property=\"article:modified_time\" content=\"2024-07-25T16:00:37+00:00\" \/>\n<meta name=\"twitter:card\" content=\"summary_large_image\" \/>\n<meta name=\"twitter:label1\" content=\"Est. reading time\" \/>\n\t<meta name=\"twitter:data1\" content=\"2 minutes\" \/>\n<script type=\"application\/ld+json\" class=\"yoast-schema-graph\">{\"@context\":\"https:\/\/schema.org\",\"@graph\":[{\"@type\":\"WebPage\",\"@id\":\"https:\/\/irkohirashima.com.br\/en\/contact\/\",\"url\":\"https:\/\/irkohirashima.com.br\/en\/contact\/\",\"name\":\"Contact\",\"isPartOf\":{\"@id\":\"https:\/\/irkohirashima.com.br\/#website\"},\"datePublished\":\"2020-09-29T21:15:43+00:00\",\"dateModified\":\"2024-07-25T16:00:37+00:00\",\"description\":\"Entre em contato com a IRKO Hirashima.\",\"breadcrumb\":{\"@id\":\"https:\/\/irkohirashima.com.br\/en\/contact\/#breadcrumb\"},\"inLanguage\":\"en-US\",\"potentialAction\":[{\"@type\":\"ReadAction\",\"target\":[\"https:\/\/irkohirashima.com.br\/en\/contact\/\"]}]},{\"@type\":\"BreadcrumbList\",\"@id\":\"https:\/\/irkohirashima.com.br\/en\/contact\/#breadcrumb\",\"itemListElement\":[{\"@type\":\"ListItem\",\"position\":1,\"name\":\"Home\"},{\"@type\":\"ListItem\",\"position\":2,\"name\":\"Contact\"}]},{\"@type\":\"WebSite\",\"@id\":\"https:\/\/irkohirashima.com.br\/#website\",\"url\":\"https:\/\/irkohirashima.com.br\/\",\"name\":\"Irko Hirashima\",\"description\":\"Boutique de Advisory e Assurance\",\"publisher\":{\"@id\":\"https:\/\/irkohirashima.com.br\/#organization\"},\"potentialAction\":[{\"@type\":\"SearchAction\",\"target\":{\"@type\":\"EntryPoint\",\"urlTemplate\":\"https:\/\/irkohirashima.com.br\/?s={search_term_string}\"},\"query-input\":{\"@type\":\"PropertyValueSpecification\",\"valueRequired\":true,\"valueName\":\"search_term_string\"}}],\"inLanguage\":\"en-US\"},{\"@type\":\"Organization\",\"@id\":\"https:\/\/irkohirashima.com.br\/#organization\",\"name\":\"IRKO Hirashima\",\"url\":\"https:\/\/irkohirashima.com.br\/\",\"logo\":{\"@type\":\"ImageObject\",\"inLanguage\":\"en-US\",\"@id\":\"https:\/\/irkohirashima.com.br\/#\/schema\/logo\/image\/\",\"url\":\"https:\/\/irkohirashima.com.br\/wp-content\/uploads\/2021\/01\/irko-hirashima-colorido-2.png\",\"contentUrl\":\"https:\/\/irkohirashima.com.br\/wp-content\/uploads\/2021\/01\/irko-hirashima-colorido-2.png\",\"width\":442,\"height\":153,\"caption\":\"IRKO Hirashima\"},\"image\":{\"@id\":\"https:\/\/irkohirashima.com.br\/#\/schema\/logo\/image\/\"}}]}<\/script>\n<!-- \/ Yoast SEO plugin. -->","yoast_head_json":{"title":"Contact","description":"Entre em contato com a IRKO Hirashima.","robots":{"index":"index","follow":"follow","max-snippet":"max-snippet:-1","max-image-preview":"max-image-preview:large","max-video-preview":"max-video-preview:-1"},"canonical":"https:\/\/irkohirashima.com.br\/en\/contact\/","og_locale":"en_US","og_type":"article","og_title":"Contact","og_description":"Entre em contato com a IRKO Hirashima.","og_url":"https:\/\/irkohirashima.com.br\/en\/contact\/","og_site_name":"Irko Hirashima","article_modified_time":"2024-07-25T16:00:37+00:00","twitter_card":"summary_large_image","twitter_misc":{"Est. reading time":"2 minutes"},"schema":{"@context":"https:\/\/schema.org","@graph":[{"@type":"WebPage","@id":"https:\/\/irkohirashima.com.br\/en\/contact\/","url":"https:\/\/irkohirashima.com.br\/en\/contact\/","name":"Contact","isPartOf":{"@id":"https:\/\/irkohirashima.com.br\/#website"},"datePublished":"2020-09-29T21:15:43+00:00","dateModified":"2024-07-25T16:00:37+00:00","description":"Entre em contato com a IRKO Hirashima.","breadcrumb":{"@id":"https:\/\/irkohirashima.com.br\/en\/contact\/#breadcrumb"},"inLanguage":"en-US","potentialAction":[{"@type":"ReadAction","target":["https:\/\/irkohirashima.com.br\/en\/contact\/"]}]},{"@type":"BreadcrumbList","@id":"https:\/\/irkohirashima.com.br\/en\/contact\/#breadcrumb","itemListElement":[{"@type":"ListItem","position":1,"name":"Home"},{"@type":"ListItem","position":2,"name":"Contact"}]},{"@type":"WebSite","@id":"https:\/\/irkohirashima.com.br\/#website","url":"https:\/\/irkohirashima.com.br\/","name":"Irko Hirashima","description":"Boutique de Advisory e Assurance","publisher":{"@id":"https:\/\/irkohirashima.com.br\/#organization"},"potentialAction":[{"@type":"SearchAction","target":{"@type":"EntryPoint","urlTemplate":"https:\/\/irkohirashima.com.br\/?s={search_term_string}"},"query-input":{"@type":"PropertyValueSpecification","valueRequired":true,"valueName":"search_term_string"}}],"inLanguage":"en-US"},{"@type":"Organization","@id":"https:\/\/irkohirashima.com.br\/#organization","name":"IRKO Hirashima","url":"https:\/\/irkohirashima.com.br\/","logo":{"@type":"ImageObject","inLanguage":"en-US","@id":"https:\/\/irkohirashima.com.br\/#\/schema\/logo\/image\/","url":"https:\/\/irkohirashima.com.br\/wp-content\/uploads\/2021\/01\/irko-hirashima-colorido-2.png","contentUrl":"https:\/\/irkohirashima.com.br\/wp-content\/uploads\/2021\/01\/irko-hirashima-colorido-2.png","width":442,"height":153,"caption":"IRKO Hirashima"},"image":{"@id":"https:\/\/irkohirashima.com.br\/#\/schema\/logo\/image\/"}}]}},"_links":{"self":[{"href":"https:\/\/irkohirashima.com.br\/en\/wp-json\/wp\/v2\/pages\/5501","targetHints":{"allow":["GET"]}}],"collection":[{"href":"https:\/\/irkohirashima.com.br\/en\/wp-json\/wp\/v2\/pages"}],"about":[{"href":"https:\/\/irkohirashima.com.br\/en\/wp-json\/wp\/v2\/types\/page"}],"author":[{"embeddable":true,"href":"https:\/\/irkohirashima.com.br\/en\/wp-json\/wp\/v2\/users\/1"}],"replies":[{"embeddable":true,"href":"https:\/\/irkohirashima.com.br\/en\/wp-json\/wp\/v2\/comments?post=5501"}],"version-history":[{"count":6,"href":"https:\/\/irkohirashima.com.br\/en\/wp-json\/wp\/v2\/pages\/5501\/revisions"}],"predecessor-version":[{"id":6819,"href":"https:\/\/irkohirashima.com.br\/en\/wp-json\/wp\/v2\/pages\/5501\/revisions\/6819"}],"wp:attachment":[{"href":"https:\/\/irkohirashima.com.br\/en\/wp-json\/wp\/v2\/media?parent=5501"}],"curies":[{"name":"wp","href":"https:\/\/api.w.org\/{rel}","templated":true}]}}